{"id":2100,"date":"2023-10-18T01:00:26","date_gmt":"2023-10-18T01:00:26","guid":{"rendered":"https:\/\/www.veyrondesign.com\/?page_id=2100"},"modified":"2024-11-25T22:09:50","modified_gmt":"2024-11-25T22:09:50","slug":"qui-sommes-nous","status":"publish","type":"page","link":"https:\/\/www.veyrondesign.com\/en\/qui-sommes-nous\/","title":{"rendered":"About Us"},"content":{"rendered":"<div data-elementor-type=\"wp-page\" data-elementor-id=\"2100\" class=\"elementor elementor-2100\">\n\t\t\t\t\t\t<section class=\"elementor-section elementor-top-section elementor-element elementor-element-36e4bea7 pbmit-col-stretched-none pbmit-bg-color-over-image elementor-section-boxed elementor-section-height-default elementor-section-height-default\" data-id=\"36e4bea7\" data-element_type=\"section\">\n\t\t\t\t\t\t<div class=\"elementor-container elementor-column-gap-no\">\n\t\t\t\t\t<div class=\"elementor-column elementor-col-50 elementor-top-column elementor-element elementor-element-ebf5c41 pbmit-bg-color-over-image\" data-id=\"ebf5c41\" data-element_type=\"column\">\n\t\t\t<div class=\"elementor-widget-wrap elementor-element-populated\">\n\t\t\t\t\t\t<div class=\"elementor-element elementor-element-56fa0863 elementor-widget elementor-widget-pbmit_heading\" data-id=\"56fa0863\" data-element_type=\"widget\" data-widget_type=\"pbmit_heading.default\">\n\t\t\t\t<div class=\"elementor-widget-container\">\n\t\t\t\t\t <div class=\"pbmit-heading-subheading pbmit-reverse-heading-yes animation-style2\"><h4 class=\"pbmit-element-subtitle\"><span>\r\n\t\t\t\t<\/span>\r\n\t\t\t\t\r\n\t\t\t\t\tWho We Are?\r\n\t\t\t\t\r\n\t\t\t\t<\/h4>\r\n\t\t\t<h2 class=\"pbmit-element-title\">\r\n\t\t\t\t\r\n\t\t\t\t\tVeyronDesign \u00ae\r\n\t\t\t\t\r\n\t\t\t\t<\/h2>\r\n\t\t\t<div class=\"pbmit-heading-desc\"><p><strong>Moroccan top interior designing company and is the pioneer in providing the interior designing service all over the kingdom. Our design works are exceptional and offer a wonderful and magnificent looks.<\/strong><\/p>\n<p>The innovation minds of our team allow us to break barriers and create beautiful ideas in the field of architectural and interior design field.<\/p><\/div><\/div>\t\t\t\t<\/div>\n\t\t\t\t<\/div>\n\t\t\t\t\t<\/div>\n\t\t<\/div>\n\t\t\t\t<div class=\"elementor-column elementor-col-50 elementor-top-column elementor-element elementor-element-79646118 pbmit-bg-color-over-image\" data-id=\"79646118\" data-element_type=\"column\">\n\t\t\t<div class=\"elementor-widget-wrap elementor-element-populated\">\n\t\t\t\t\t\t<div class=\"elementor-element elementor-element-2ef5e2b pbmit-animation-style7 elementor-widget__width-auto elementor-absolute elementor-widget elementor-widget-image\" data-id=\"2ef5e2b\" data-element_type=\"widget\" data-settings=\"{&quot;_position&quot;:&quot;absolute&quot;}\" data-widget_type=\"image.default\">\n\t\t\t\t<div class=\"elementor-widget-container\">\n\t\t\t\t\t\t\t\t\t\t\t\t\t\t\t<img fetchpriority=\"high\" decoding=\"async\" width=\"224\" height=\"307\" src=\"https:\/\/www.veyrondesign.com\/wp-content\/uploads\/2018\/09\/V.png\" class=\"attachment-full size-full wp-image-1674\" alt=\"\" srcset=\"https:\/\/www.veyrondesign.com\/wp-content\/uploads\/2018\/09\/V.png 224w, https:\/\/www.veyrondesign.com\/wp-content\/uploads\/2018\/09\/V-219x300.png 219w\" sizes=\"(max-width: 224px) 100vw, 224px\" \/>\t\t\t\t\t\t\t\t\t\t\t\t\t\t\t<\/div>\n\t\t\t\t<\/div>\n\t\t\t\t<div class=\"elementor-element elementor-element-153a3c23 pbmit-animation-style7 elementor-widget elementor-widget-image\" data-id=\"153a3c23\" data-element_type=\"widget\" data-widget_type=\"image.default\">\n\t\t\t\t<div class=\"elementor-widget-container\">\n\t\t\t\t\t\t\t\t\t\t\t\t\t\t\t<img decoding=\"async\" width=\"1049\" height=\"700\" src=\"https:\/\/www.veyrondesign.com\/wp-content\/uploads\/2024\/11\/showroon-veyronDesign-salle-television-02.jpg\" class=\"attachment-full size-full wp-image-11902\" alt=\"\" srcset=\"https:\/\/www.veyrondesign.com\/wp-content\/uploads\/2024\/11\/showroon-veyronDesign-salle-television-02.jpg 1049w, https:\/\/www.veyrondesign.com\/wp-content\/uploads\/2024\/11\/showroon-veyronDesign-salle-television-02-300x200.jpg 300w, https:\/\/www.veyrondesign.com\/wp-content\/uploads\/2024\/11\/showroon-veyronDesign-salle-television-02-1024x683.jpg 1024w, https:\/\/www.veyrondesign.com\/wp-content\/uploads\/2024\/11\/showroon-veyronDesign-salle-television-02-768x512.jpg 768w, https:\/\/www.veyrondesign.com\/wp-content\/uploads\/2024\/11\/showroon-veyronDesign-salle-television-02-18x12.jpg 18w, https:\/\/www.veyrondesign.com\/wp-content\/uploads\/2024\/11\/showroon-veyronDesign-salle-television-02-600x400.jpg 600w\" sizes=\"(max-width: 1049px) 100vw, 1049px\" \/>\t\t\t\t\t\t\t\t\t\t\t\t\t\t\t<\/div>\n\t\t\t\t<\/div>\n\t\t\t\t<div class=\"elementor-element elementor-element-652bb3e pbmit-animation-style7 elementor-widget__width-auto elementor-absolute elementor-hidden-mobile elementor-widget elementor-widget-image\" data-id=\"652bb3e\" data-element_type=\"widget\" data-settings=\"{&quot;_position&quot;:&quot;absolute&quot;}\" data-widget_type=\"image.default\">\n\t\t\t\t<div class=\"elementor-widget-container\">\n\t\t\t\t\t\t\t\t\t\t\t\t\t\t\t<img decoding=\"async\" width=\"1049\" height=\"700\" src=\"https:\/\/www.veyrondesign.com\/wp-content\/uploads\/2024\/11\/showroon-veyronDesign-salle-manger-03.jpg\" class=\"attachment-full size-full wp-image-11899\" alt=\"\" srcset=\"https:\/\/www.veyrondesign.com\/wp-content\/uploads\/2024\/11\/showroon-veyronDesign-salle-manger-03.jpg 1049w, https:\/\/www.veyrondesign.com\/wp-content\/uploads\/2024\/11\/showroon-veyronDesign-salle-manger-03-300x200.jpg 300w, https:\/\/www.veyrondesign.com\/wp-content\/uploads\/2024\/11\/showroon-veyronDesign-salle-manger-03-1024x683.jpg 1024w, https:\/\/www.veyrondesign.com\/wp-content\/uploads\/2024\/11\/showroon-veyronDesign-salle-manger-03-768x512.jpg 768w, https:\/\/www.veyrondesign.com\/wp-content\/uploads\/2024\/11\/showroon-veyronDesign-salle-manger-03-18x12.jpg 18w, https:\/\/www.veyrondesign.com\/wp-content\/uploads\/2024\/11\/showroon-veyronDesign-salle-manger-03-600x400.jpg 600w\" sizes=\"(max-width: 1049px) 100vw, 1049px\" \/>\t\t\t\t\t\t\t\t\t\t\t\t\t\t\t<\/div>\n\t\t\t\t<\/div>\n\t\t\t\t\t<\/div>\n\t\t<\/div>\n\t\t\t\t\t<\/div>\n\t\t<\/section>\n\t\t\t\t<section class=\"elementor-section elementor-top-section elementor-element elementor-element-4c320473 elementor-section-stretched pbmit-bg-color-yes pbmit-elementor-bg-color-light pbmit-col-stretched-none pbmit-bg-color-over-image elementor-section-boxed elementor-section-height-default elementor-section-height-default\" data-id=\"4c320473\" data-element_type=\"section\" data-settings=\"{&quot;stretch_section&quot;:&quot;section-stretched&quot;,&quot;background_background&quot;:&quot;classic&quot;}\">\n\t\t\t\t\t\t<div class=\"elementor-container elementor-column-gap-no\">\n\t\t\t\t\t<div class=\"elementor-column elementor-col-50 elementor-top-column elementor-element elementor-element-4b90927c pbmit-bg-color-over-image\" data-id=\"4b90927c\" data-element_type=\"column\">\n\t\t\t<div class=\"elementor-widget-wrap elementor-element-populated\">\n\t\t\t\t\t\t<div class=\"elementor-element elementor-element-73e565b elementor-widget elementor-widget-pbmit_heading\" data-id=\"73e565b\" data-element_type=\"widget\" data-widget_type=\"pbmit_heading.default\">\n\t\t\t\t<div class=\"elementor-widget-container\">\n\t\t\t\t\t <div class=\"pbmit-heading-subheading pbmit-reverse-heading-yes animation-style4\"><h2 class=\"pbmit-element-title\">\r\n\t\t\t\t\r\n\t\t\t\t\tOur Team\r\n\t\t\t\t\r\n\t\t\t\t<\/h2>\r\n\t\t\t<div class=\"pbmit-heading-desc\">The vision of Veyrondesign is to serve our client at its best, create great designs and commercially make a mark in the world of both interior and architectural industry.<\/div><\/div>\t\t\t\t<\/div>\n\t\t\t\t<\/div>\n\t\t\t\t\t<\/div>\n\t\t<\/div>\n\t\t\t\t<div class=\"elementor-column elementor-col-50 elementor-top-column elementor-element elementor-element-36f9cb6f elementor-hidden-tablet elementor-hidden-mobile pbmit-bg-color-over-image\" data-id=\"36f9cb6f\" data-element_type=\"column\">\n\t\t\t<div class=\"elementor-widget-wrap\">\n\t\t\t\t\t\t\t<\/div>\n\t\t<\/div>\n\t\t\t\t\t<\/div>\n\t\t<\/section>\n\t\t\t\t<div class=\"elementor-section elementor-top-section elementor-element elementor-element-4f3cc117 elementor-section-stretched pbmit-bg-color-yes pbmit-elementor-bg-color-light pbmit-col-stretched-none pbmit-bg-color-over-image elementor-section-boxed elementor-section-height-default elementor-section-height-default\" data-id=\"4f3cc117\" data-element_type=\"section\" data-settings=\"{&quot;stretch_section&quot;:&quot;section-stretched&quot;}\">\n\t\t\t\t\t\t<div class=\"elementor-container elementor-column-gap-no\">\n\t\t\t\t\t<div class=\"elementor-column elementor-col-100 elementor-top-column elementor-element elementor-element-1d615288 pbmit-bg-color-over-image\" data-id=\"1d615288\" data-element_type=\"column\">\n\t\t\t<div class=\"elementor-widget-wrap elementor-element-populated\">\n\t\t\t\t\t\t<div class=\"elementor-element elementor-element-4e3389d2 elementor-widget elementor-widget-pbmit_client_element\" data-id=\"4e3389d2\" data-element_type=\"widget\" data-widget_type=\"pbmit_client_element.default\">\n\t\t\t\t<div class=\"elementor-widget-container\">\n\t\t\t\t\t\t\t<div class=\"pbminfotech-element\t\t\tpbminfotech-element-client\t\t\tpbmit-element-client-style-1\t\t\tpbmit-element-viewtype-carousel\t\t\tpbmit-element-column-four\t\t\tpbmit-element-sticky-carousel-false\t\t\tpbmit-element-caroursel-dot-false\t\t\tpbmit-infinite-scroll-no\t\t\tpbmit-infinite-scroll-button-no\t\t\tpbminfotech-gap-0px\"\r\n\t\t\tdata-cpt=\"client\"\r\n\t\t\tdata-totalpagination=\"1\"\r\n\t\t\tdata-style=\"1\"\r\n\t\t\tdata-show=\"5\"\r\n\t\t\tdata-columns=\"4\"\r\n\t\t\tdata-loop=\"true\"\r\n\t\t\tdata-autoplay=\"true\"\r\n\t\t\tdata-center=\"false\"\r\n\t\t\tdata-nav=\"false\"\r\n\t\t\tdata-dots=\"false\"\r\n\t\t\tdata-reverse=\"false\"\r\n\t\t\tdata-speed=\"3000\"\r\n\t\t\tdata-delay=\"3000\"\r\n\t\t\tdata-margin=\"0px\"\r\n\t\t\tdata-show-portion=\"false\">\r\n\t\t\t<div class=\"pbmit-element-inner\">\r\n\t\t\t\t<div class=\"pbmit-ele-header-area\">\r\n\t\t\t <div class=\"pbmit-heading-subheading  animation-style4\"><\/div>\t\t\t\t\t<\/div>\r\n\t\t<div class=\"pbmit-infinite-scroll-data\">{\"cpt\":\"client\",\"style\":\"1\",\"columns\":\"4\",\"show\":5,\"from_category\":[\"veyrondesign\"],\"order\":\"DESC\",\"orderby\":\"date\"}<\/div>\t\t\t<div class=\"pbmit-element-posts-wrapper row multi-columns-row swiper-container\">\r\n\t\t\t\t<article class=\"pbmit-ele pbmit-ele-client pbmit-client-style-1 col-md-6 col-lg-3 veyrondesign pbmit-term-144\"><div class=\"pbmit-border-wrapper\">\r\n\t<div class=\"pbmit-client-wrapper pbmit-client-with-hover-img\">\r\n\t\t<h4 class=\"pbmit-hide\">Passe Partout<\/h4>\r\n\t\t\t\t<div class=\"pbmit-client-hover-img\"><img decoding=\"async\" src=\"https:\/\/www.veyrondesign.com\/wp-content\/uploads\/2024\/10\/passe-partout-l.png\" alt \/><\/div>\t\t<div class=\"pbmit-featured-img-wrapper\"><div class=\"pbmit-featured-wrapper\"><a href=\"https:\/\/www.veyrondesign.com\/en\/client\/franco-ferri-italia\/\"><img loading=\"lazy\" decoding=\"async\" width=\"300\" height=\"300\" src=\"https:\/\/www.veyrondesign.com\/wp-content\/uploads\/2024\/10\/passe-partout-l.png\" class=\"attachment-pbmit-img-770x9999 size-pbmit-img-770x9999 wp-post-image\" alt=\"\" srcset=\"https:\/\/www.veyrondesign.com\/wp-content\/uploads\/2024\/10\/passe-partout-l.png 300w, https:\/\/www.veyrondesign.com\/wp-content\/uploads\/2024\/10\/passe-partout-l-150x150.png 150w, https:\/\/www.veyrondesign.com\/wp-content\/uploads\/2024\/10\/passe-partout-l-100x100.png 100w\" sizes=\"(max-width: 300px) 100vw, 300px\" \/><\/a><\/div><\/div>\t\t\t<\/div>\r\n<\/div><\/article><article class=\"pbmit-ele pbmit-ele-client pbmit-client-style-1 col-md-6 col-lg-3 veyrondesign pbmit-term-144\"><div class=\"pbmit-border-wrapper\">\r\n\t<div class=\"pbmit-client-wrapper pbmit-client-with-hover-img\">\r\n\t\t<h4 class=\"pbmit-hide\">Franco Ferri Italia<\/h4>\r\n\t\t\t\t<div class=\"pbmit-client-hover-img\"><img decoding=\"async\" src=\"https:\/\/www.veyrondesign.com\/wp-content\/uploads\/2024\/10\/franco-ferri-l.png\" alt \/><\/div>\t\t<div class=\"pbmit-featured-img-wrapper\"><div class=\"pbmit-featured-wrapper\"><a href=\"https:\/\/www.veyrondesign.com\/en\/client\/franco-ferri-italia-2\/\"><img loading=\"lazy\" decoding=\"async\" width=\"300\" height=\"300\" src=\"https:\/\/www.veyrondesign.com\/wp-content\/uploads\/2024\/10\/franco-ferri-l.png\" class=\"attachment-pbmit-img-770x9999 size-pbmit-img-770x9999 wp-post-image\" alt=\"\" srcset=\"https:\/\/www.veyrondesign.com\/wp-content\/uploads\/2024\/10\/franco-ferri-l.png 300w, https:\/\/www.veyrondesign.com\/wp-content\/uploads\/2024\/10\/franco-ferri-l-150x150.png 150w, https:\/\/www.veyrondesign.com\/wp-content\/uploads\/2024\/10\/franco-ferri-l-100x100.png 100w\" sizes=\"(max-width: 300px) 100vw, 300px\" \/><\/a><\/div><\/div>\t\t\t<\/div>\r\n<\/div><\/article><article class=\"pbmit-ele pbmit-ele-client pbmit-client-style-1 col-md-6 col-lg-3 veyrondesign pbmit-term-144\"><div class=\"pbmit-border-wrapper\">\r\n\t<div class=\"pbmit-client-wrapper pbmit-client-with-hover-img\">\r\n\t\t<h4 class=\"pbmit-hide\">Ferri 1956<\/h4>\r\n\t\t\t\t<div class=\"pbmit-client-hover-img\"><img decoding=\"async\" src=\"https:\/\/www.veyrondesign.com\/wp-content\/uploads\/2024\/10\/ferri1956-l.png\" alt \/><\/div>\t\t<div class=\"pbmit-featured-img-wrapper\"><div class=\"pbmit-featured-wrapper\"><a href=\"https:\/\/www.veyrondesign.com\/en\/client\/ferri-1956\/\"><img loading=\"lazy\" decoding=\"async\" width=\"300\" height=\"300\" src=\"https:\/\/www.veyrondesign.com\/wp-content\/uploads\/2024\/10\/ferri1956-l.png\" class=\"attachment-pbmit-img-770x9999 size-pbmit-img-770x9999 wp-post-image\" alt=\"\" srcset=\"https:\/\/www.veyrondesign.com\/wp-content\/uploads\/2024\/10\/ferri1956-l.png 300w, https:\/\/www.veyrondesign.com\/wp-content\/uploads\/2024\/10\/ferri1956-l-150x150.png 150w, https:\/\/www.veyrondesign.com\/wp-content\/uploads\/2024\/10\/ferri1956-l-100x100.png 100w\" sizes=\"(max-width: 300px) 100vw, 300px\" \/><\/a><\/div><\/div>\t\t\t<\/div>\r\n<\/div><\/article><article class=\"pbmit-ele pbmit-ele-client pbmit-client-style-1 col-md-6 col-lg-3 veyrondesign pbmit-term-144\"><div class=\"pbmit-border-wrapper\">\r\n\t<div class=\"pbmit-client-wrapper pbmit-client-with-hover-img\">\r\n\t\t<h4 class=\"pbmit-hide\">Boca Do Labo<\/h4>\r\n\t\t\t\t<div class=\"pbmit-client-hover-img\"><img decoding=\"async\" src=\"https:\/\/www.veyrondesign.com\/wp-content\/uploads\/2024\/10\/boca-do-labo-l.png\" alt \/><\/div>\t\t<div class=\"pbmit-featured-img-wrapper\"><div class=\"pbmit-featured-wrapper\"><a href=\"https:\/\/www.veyrondesign.com\/en\/client\/boca-do-labo\/\"><img loading=\"lazy\" decoding=\"async\" width=\"300\" height=\"300\" src=\"https:\/\/www.veyrondesign.com\/wp-content\/uploads\/2024\/10\/boca-do-labo-l.png\" class=\"attachment-pbmit-img-770x9999 size-pbmit-img-770x9999 wp-post-image\" alt=\"\" srcset=\"https:\/\/www.veyrondesign.com\/wp-content\/uploads\/2024\/10\/boca-do-labo-l.png 300w, https:\/\/www.veyrondesign.com\/wp-content\/uploads\/2024\/10\/boca-do-labo-l-150x150.png 150w, https:\/\/www.veyrondesign.com\/wp-content\/uploads\/2024\/10\/boca-do-labo-l-100x100.png 100w\" sizes=\"(max-width: 300px) 100vw, 300px\" \/><\/a><\/div><\/div>\t\t\t<\/div>\r\n<\/div><\/article><article class=\"pbmit-ele pbmit-ele-client pbmit-client-style-1 col-md-6 col-lg-3 veyrondesign pbmit-term-144\"><div class=\"pbmit-border-wrapper\">\r\n\t<div class=\"pbmit-client-wrapper pbmit-client-with-hover-img\">\r\n\t\t<h4 class=\"pbmit-hide\">Dilazzado Casa<\/h4>\r\n\t\t\t\t<div class=\"pbmit-client-hover-img\"><img decoding=\"async\" src=\"https:\/\/www.veyrondesign.com\/wp-content\/uploads\/2024\/10\/dilazzaro_l.png\" alt \/><\/div>\t\t<div class=\"pbmit-featured-img-wrapper\"><div class=\"pbmit-featured-wrapper\"><a href=\"https:\/\/www.veyrondesign.com\/en\/client\/dilazzado-casa\/\"><img loading=\"lazy\" decoding=\"async\" width=\"300\" height=\"300\" src=\"https:\/\/www.veyrondesign.com\/wp-content\/uploads\/2024\/10\/dilazzaro_l.png\" class=\"attachment-pbmit-img-770x9999 size-pbmit-img-770x9999 wp-post-image\" alt=\"\" srcset=\"https:\/\/www.veyrondesign.com\/wp-content\/uploads\/2024\/10\/dilazzaro_l.png 300w, https:\/\/www.veyrondesign.com\/wp-content\/uploads\/2024\/10\/dilazzaro_l-150x150.png 150w, https:\/\/www.veyrondesign.com\/wp-content\/uploads\/2024\/10\/dilazzaro_l-100x100.png 100w\" sizes=\"(max-width: 300px) 100vw, 300px\" \/><\/a><\/div><\/div>\t\t\t<\/div>\r\n<\/div><\/article>\t\t\t<\/div> <!-- .pbmit-element-posts-wrapper -->\r\n\t\t\t\t\t\t\t\t\t\t\t\t<\/div><!-- .pbmit-element-inner -->\r\n\t\t<\/div><!-- .pbminfotech-element -->\r\n\t\t\t\t\t\t\t\t<\/div>\n\t\t\t\t<\/div>\n\t\t\t\t\t<\/div>\n\t\t<\/div>\n\t\t\t\t\t<\/div>\n\t\t<\/div>\n\t\t\t\t<\/div>","protected":false},"excerpt":{"rendered":"<p>Qui Sommes Nous? VeyronDesign \u00ae Le leader dans le domaine de l\u2019architecture int\u00e9rieure sp\u00e9cialis\u00e9 dans la fourniture de lux avec une exp\u00e9rience qui d\u00e9passe 15 ans sur le march\u00e9. Nous avons le plaisir de mettre \u00e0 disposition de nos clients notre savoir faire par rapport \u00e0 la d\u00e9coration int\u00e9rieure et l\u2019am\u00e9nagement de tout espace int\u00e9rieur [&hellip;]<\/p>","protected":false},"author":1,"featured_media":0,"parent":0,"menu_order":0,"comment_status":"closed","ping_status":"closed","template":"","meta":{"_acf_changed":false,"inline_featured_image":false,"_joinchat":[],"footnotes":""},"class_list":["post-2100","page","type-page","status-publish","hentry"],"acf":[],"yoast_head":"<!-- This site is optimized with the Yoast SEO plugin v25.1 - https:\/\/yoast.com\/wordpress\/plugins\/seo\/ -->\n<title>Luxury Home Design &amp; Interior Decoration Tanger | VeyronDesign<\/title>\n<meta name=\"description\" content=\"VeyronDesign, interior architecture Tanger and luxury design in Tanger. de 15+ ans d&#039;expertise dans la cr\u00e9ation de maisons, d&#039;appartements et de bureaux \u00e9l\u00e9gants.\" \/>\n<meta name=\"robots\" content=\"index, follow, max-snippet:-1, max-image-preview:large, max-video-preview:-1\" \/>\n<link rel=\"canonical\" href=\"https:\/\/www.veyrondesign.com\/en\/qui-sommes-nous\/\" \/>\n<meta property=\"og:locale\" content=\"en_US\" \/>\n<meta property=\"og:type\" content=\"article\" \/>\n<meta property=\"og:title\" content=\"Luxury Home Design &amp; Interior Decoration Tanger | VeyronDesign\" \/>\n<meta property=\"og:description\" content=\"VeyronDesign, interior architecture Tanger and luxury design in Tanger. de 15+ ans d&#039;expertise dans la cr\u00e9ation de maisons, d&#039;appartements et de bureaux \u00e9l\u00e9gants.\" \/>\n<meta property=\"og:url\" content=\"https:\/\/www.veyrondesign.com\/en\/qui-sommes-nous\/\" \/>\n<meta property=\"og:site_name\" content=\"VeyronDesign\" \/>\n<meta property=\"article:modified_time\" content=\"2024-11-25T22:09:50+00:00\" \/>\n<meta property=\"og:image\" content=\"https:\/\/www.veyrondesign.com\/wp-content\/uploads\/2018\/09\/V.png\" \/>\n<meta name=\"twitter:card\" content=\"summary_large_image\" \/>\n<meta name=\"twitter:label1\" content=\"Est. reading time\" \/>\n\t<meta name=\"twitter:data1\" content=\"4 minutes\" \/>\n<script type=\"application\/ld+json\" class=\"yoast-schema-graph\">{\"@context\":\"https:\/\/schema.org\",\"@graph\":[{\"@type\":[\"WebPage\",\"AboutPage\"],\"@id\":\"https:\/\/www.veyrondesign.com\/qui-sommes-nous\/\",\"url\":\"https:\/\/www.veyrondesign.com\/qui-sommes-nous\/\",\"name\":\"Luxury Home Design & Interior Decoration Tanger | VeyronDesign\",\"isPartOf\":{\"@id\":\"https:\/\/www.veyrondesign.com\/#website\"},\"primaryImageOfPage\":{\"@id\":\"https:\/\/www.veyrondesign.com\/qui-sommes-nous\/#primaryimage\"},\"image\":{\"@id\":\"https:\/\/www.veyrondesign.com\/qui-sommes-nous\/#primaryimage\"},\"thumbnailUrl\":\"https:\/\/www.veyrondesign.com\/wp-content\/uploads\/2018\/09\/V.png\",\"datePublished\":\"2023-10-18T01:00:26+00:00\",\"dateModified\":\"2024-11-25T22:09:50+00:00\",\"description\":\"VeyronDesign, interior architecture Tanger and luxury design in Tanger. de 15+ ans d'expertise dans la cr\u00e9ation de maisons, d'appartements et de bureaux \u00e9l\u00e9gants.\",\"breadcrumb\":{\"@id\":\"https:\/\/www.veyrondesign.com\/qui-sommes-nous\/#breadcrumb\"},\"inLanguage\":\"en-US\",\"potentialAction\":[{\"@type\":\"ReadAction\",\"target\":[\"https:\/\/www.veyrondesign.com\/qui-sommes-nous\/\"]}]},{\"@type\":\"ImageObject\",\"inLanguage\":\"en-US\",\"@id\":\"https:\/\/www.veyrondesign.com\/qui-sommes-nous\/#primaryimage\",\"url\":\"https:\/\/www.veyrondesign.com\/wp-content\/uploads\/2018\/09\/V.png\",\"contentUrl\":\"https:\/\/www.veyrondesign.com\/wp-content\/uploads\/2018\/09\/V.png\"},{\"@type\":\"BreadcrumbList\",\"@id\":\"https:\/\/www.veyrondesign.com\/qui-sommes-nous\/#breadcrumb\",\"itemListElement\":[{\"@type\":\"ListItem\",\"position\":1,\"name\":\"Accueil\",\"item\":\"https:\/\/www.veyrondesign.com\/\"},{\"@type\":\"ListItem\",\"position\":2,\"name\":\"Qui sommes nous\"}]},{\"@type\":\"WebSite\",\"@id\":\"https:\/\/www.veyrondesign.com\/#website\",\"url\":\"https:\/\/www.veyrondesign.com\/\",\"name\":\"Veyron Design\",\"description\":\"Interior Design in Morocco - Commercial - Hospitality &amp; Residential\",\"publisher\":{\"@id\":\"https:\/\/www.veyrondesign.com\/#organization\"},\"potentialAction\":[{\"@type\":\"SearchAction\",\"target\":{\"@type\":\"EntryPoint\",\"urlTemplate\":\"https:\/\/www.veyrondesign.com\/?s={search_term_string}\"},\"query-input\":{\"@type\":\"PropertyValueSpecification\",\"valueRequired\":true,\"valueName\":\"search_term_string\"}}],\"inLanguage\":\"en-US\"},{\"@type\":\"Organization\",\"@id\":\"https:\/\/www.veyrondesign.com\/#organization\",\"name\":\"Design d'int\u00e9rieur au Maroc - Commercial - Hospitalit\u00e9 & R\u00e9sidentiel\",\"url\":\"https:\/\/www.veyrondesign.com\/\",\"logo\":{\"@type\":\"ImageObject\",\"inLanguage\":\"en-US\",\"@id\":\"https:\/\/www.veyrondesign.com\/#\/schema\/logo\/image\/\",\"url\":\"https:\/\/www.veyrondesign.com\/wp-content\/uploads\/2018\/09\/V.png\",\"contentUrl\":\"https:\/\/www.veyrondesign.com\/wp-content\/uploads\/2018\/09\/V.png\",\"width\":224,\"height\":307,\"caption\":\"Design d'int\u00e9rieur au Maroc - Commercial - Hospitalit\u00e9 & R\u00e9sidentiel\"},\"image\":{\"@id\":\"https:\/\/www.veyrondesign.com\/#\/schema\/logo\/image\/\"},\"sameAs\":[\"https:\/\/www.instagram.com\/veyrondesign\/\"]}]}<\/script>\n<!-- \/ Yoast SEO plugin. -->","yoast_head_json":{"title":"Luxury Home Design & Interior Decoration Tanger | VeyronDesign","description":"VeyronDesign, interior architecture Tanger and luxury design in Tanger. de 15+ ans d'expertise dans la cr\u00e9ation de maisons, d'appartements et de bureaux \u00e9l\u00e9gants.","robots":{"index":"index","follow":"follow","max-snippet":"max-snippet:-1","max-image-preview":"max-image-preview:large","max-video-preview":"max-video-preview:-1"},"canonical":"https:\/\/www.veyrondesign.com\/en\/qui-sommes-nous\/","og_locale":"en_US","og_type":"article","og_title":"Luxury Home Design & Interior Decoration Tanger | VeyronDesign","og_description":"VeyronDesign, interior architecture Tanger and luxury design in Tanger. de 15+ ans d'expertise dans la cr\u00e9ation de maisons, d'appartements et de bureaux \u00e9l\u00e9gants.","og_url":"https:\/\/www.veyrondesign.com\/en\/qui-sommes-nous\/","og_site_name":"VeyronDesign","article_modified_time":"2024-11-25T22:09:50+00:00","og_image":[{"url":"https:\/\/www.veyrondesign.com\/wp-content\/uploads\/2018\/09\/V.png","type":"","width":"","height":""}],"twitter_card":"summary_large_image","twitter_misc":{"Est. reading time":"4 minutes"},"schema":{"@context":"https:\/\/schema.org","@graph":[{"@type":["WebPage","AboutPage"],"@id":"https:\/\/www.veyrondesign.com\/qui-sommes-nous\/","url":"https:\/\/www.veyrondesign.com\/qui-sommes-nous\/","name":"Luxury Home Design & Interior Decoration Tanger | VeyronDesign","isPartOf":{"@id":"https:\/\/www.veyrondesign.com\/#website"},"primaryImageOfPage":{"@id":"https:\/\/www.veyrondesign.com\/qui-sommes-nous\/#primaryimage"},"image":{"@id":"https:\/\/www.veyrondesign.com\/qui-sommes-nous\/#primaryimage"},"thumbnailUrl":"https:\/\/www.veyrondesign.com\/wp-content\/uploads\/2018\/09\/V.png","datePublished":"2023-10-18T01:00:26+00:00","dateModified":"2024-11-25T22:09:50+00:00","description":"VeyronDesign, interior architecture Tanger and luxury design in Tanger. de 15+ ans d'expertise dans la cr\u00e9ation de maisons, d'appartements et de bureaux \u00e9l\u00e9gants.","breadcrumb":{"@id":"https:\/\/www.veyrondesign.com\/qui-sommes-nous\/#breadcrumb"},"inLanguage":"en-US","potentialAction":[{"@type":"ReadAction","target":["https:\/\/www.veyrondesign.com\/qui-sommes-nous\/"]}]},{"@type":"ImageObject","inLanguage":"en-US","@id":"https:\/\/www.veyrondesign.com\/qui-sommes-nous\/#primaryimage","url":"https:\/\/www.veyrondesign.com\/wp-content\/uploads\/2018\/09\/V.png","contentUrl":"https:\/\/www.veyrondesign.com\/wp-content\/uploads\/2018\/09\/V.png"},{"@type":"BreadcrumbList","@id":"https:\/\/www.veyrondesign.com\/qui-sommes-nous\/#breadcrumb","itemListElement":[{"@type":"ListItem","position":1,"name":"Accueil","item":"https:\/\/www.veyrondesign.com\/"},{"@type":"ListItem","position":2,"name":"Qui sommes nous"}]},{"@type":"WebSite","@id":"https:\/\/www.veyrondesign.com\/#website","url":"https:\/\/www.veyrondesign.com\/","name":"Veyron Design","description":"Interior Design in Morocco - Commercial - Hospitality &amp; Residential","publisher":{"@id":"https:\/\/www.veyrondesign.com\/#organization"},"potentialAction":[{"@type":"SearchAction","target":{"@type":"EntryPoint","urlTemplate":"https:\/\/www.veyrondesign.com\/?s={search_term_string}"},"query-input":{"@type":"PropertyValueSpecification","valueRequired":true,"valueName":"search_term_string"}}],"inLanguage":"en-US"},{"@type":"Organization","@id":"https:\/\/www.veyrondesign.com\/#organization","name":"Design d'int\u00e9rieur au Maroc - Commercial - Hospitalit\u00e9 & R\u00e9sidentiel","url":"https:\/\/www.veyrondesign.com\/","logo":{"@type":"ImageObject","inLanguage":"en-US","@id":"https:\/\/www.veyrondesign.com\/#\/schema\/logo\/image\/","url":"https:\/\/www.veyrondesign.com\/wp-content\/uploads\/2018\/09\/V.png","contentUrl":"https:\/\/www.veyrondesign.com\/wp-content\/uploads\/2018\/09\/V.png","width":224,"height":307,"caption":"Design d'int\u00e9rieur au Maroc - Commercial - Hospitalit\u00e9 & R\u00e9sidentiel"},"image":{"@id":"https:\/\/www.veyrondesign.com\/#\/schema\/logo\/image\/"},"sameAs":["https:\/\/www.instagram.com\/veyrondesign\/"]}]}},"_links":{"self":[{"href":"https:\/\/www.veyrondesign.com\/en\/wp-json\/wp\/v2\/pages\/2100","targetHints":{"allow":["GET"]}}],"collection":[{"href":"https:\/\/www.veyrondesign.com\/en\/wp-json\/wp\/v2\/pages"}],"about":[{"href":"https:\/\/www.veyrondesign.com\/en\/wp-json\/wp\/v2\/types\/page"}],"author":[{"embeddable":true,"href":"https:\/\/www.veyrondesign.com\/en\/wp-json\/wp\/v2\/users\/1"}],"replies":[{"embeddable":true,"href":"https:\/\/www.veyrondesign.com\/en\/wp-json\/wp\/v2\/comments?post=2100"}],"version-history":[{"count":106,"href":"https:\/\/www.veyrondesign.com\/en\/wp-json\/wp\/v2\/pages\/2100\/revisions"}],"predecessor-version":[{"id":11918,"href":"https:\/\/www.veyrondesign.com\/en\/wp-json\/wp\/v2\/pages\/2100\/revisions\/11918"}],"wp:attachment":[{"href":"https:\/\/www.veyrondesign.com\/en\/wp-json\/wp\/v2\/media?parent=2100"}],"curies":[{"name":"wp","href":"https:\/\/api.w.org\/{rel}","templated":true}]}}