{"id":2087,"date":"2023-10-18T01:00:26","date_gmt":"2023-10-18T01:00:26","guid":{"rendered":"https:\/\/www.veyrondesign.com\/?page_id=2087"},"modified":"2024-12-07T06:15:12","modified_gmt":"2024-12-07T06:15:12","slug":"nos-realisations","status":"publish","type":"page","link":"https:\/\/www.veyrondesign.com\/en\/nos-realisations\/","title":{"rendered":"Last Works"},"content":{"rendered":"<div data-elementor-type=\"wp-page\" data-elementor-id=\"2087\" class=\"elementor elementor-2087\">\n\t\t\t\t\t\t<section class=\"elementor-section elementor-top-section elementor-element elementor-element-362711f5 pbmit-bg-image-over-color elementor-section-stretched elementor-section-content-middle pbmit-col-stretched-none elementor-section-boxed elementor-section-height-default elementor-section-height-default\" data-id=\"362711f5\" data-element_type=\"section\" data-settings=\"{&quot;stretch_section&quot;:&quot;section-stretched&quot;,&quot;background_background&quot;:&quot;classic&quot;}\">\n\t\t\t\t\t\t<div class=\"elementor-container elementor-column-gap-no\">\n\t\t\t\t\t<div class=\"elementor-column elementor-col-50 elementor-top-column elementor-element elementor-element-64af4164 pbmit-bg-color-over-image\" data-id=\"64af4164\" data-element_type=\"column\">\n\t\t\t<div class=\"elementor-widget-wrap elementor-element-populated\">\n\t\t\t\t\t\t<div class=\"elementor-element elementor-element-5e25b5 elementor-widget elementor-widget-pbmit_heading\" data-id=\"5e25b5\" data-element_type=\"widget\" data-widget_type=\"pbmit_heading.default\">\n\t\t\t\t<div class=\"elementor-widget-container\">\n\t\t\t\t\t <div class=\"pbmit-heading-subheading pbmit-reverse-heading-yes animation-style2\"><h4 class=\"pbmit-element-subtitle\"><span>\r\n\t\t\t\t<\/span>\r\n\t\t\t\t\r\n\t\t\t\t\tNo partenaire\r\n\t\t\t\t\r\n\t\t\t\t<\/h4>\r\n\t\t\t<h2 class=\"pbmit-element-title\">\r\n\t\t\t\t\r\n\t\t\t\t\tThey Trust Us\r\n\t\t\t\t\r\n\t\t\t\t<\/h2>\r\n\t\t\t<div class=\"pbmit-heading-desc\">Our specialized areas are Interior Decoration, accessories designing, furniture designing and execution of the plan. From cheap interior designer in Kolkata, interior designers for small flat to interior designers for large apartments we provide all. Whether you are looking for a 10,000 sq.ft villa makeover or 100 sq.a small bedroom interior design, Veyrondesign Interiors is a one stop solution for all your searches.<\/div><\/div>\t\t\t\t<\/div>\n\t\t\t\t<\/div>\n\t\t\t\t\t<\/div>\n\t\t<\/div>\n\t\t\t\t<div class=\"elementor-column elementor-col-50 elementor-top-column elementor-element elementor-element-5540e55e pbmit-bg-color-over-image\" data-id=\"5540e55e\" data-element_type=\"column\">\n\t\t\t<div class=\"elementor-widget-wrap elementor-element-populated\">\n\t\t\t\t\t\t<div class=\"elementor-element elementor-element-c97566f elementor-arrows-position-inside elementor-widget elementor-widget-image-carousel\" data-id=\"c97566f\" data-element_type=\"widget\" data-settings=\"{&quot;navigation&quot;:&quot;arrows&quot;,&quot;slides_to_show&quot;:&quot;1&quot;,&quot;autoplay&quot;:&quot;yes&quot;,&quot;pause_on_hover&quot;:&quot;yes&quot;,&quot;pause_on_interaction&quot;:&quot;yes&quot;,&quot;autoplay_speed&quot;:5000,&quot;infinite&quot;:&quot;yes&quot;,&quot;effect&quot;:&quot;slide&quot;,&quot;speed&quot;:500}\" data-widget_type=\"image-carousel.default\">\n\t\t\t\t<div class=\"elementor-widget-container\">\n\t\t\t\t\t\t\t<div class=\"elementor-image-carousel-wrapper swiper\" role=\"region\" aria-roledescription=\"carousel\" aria-label=\"Image Carousel\" dir=\"ltr\">\n\t\t\t<div class=\"elementor-image-carousel swiper-wrapper\" aria-live=\"off\">\n\t\t\t\t\t\t\t\t<div class=\"swiper-slide\" role=\"group\" aria-roledescription=\"slide\" aria-label=\"1 of 23\"><figure class=\"swiper-slide-inner\"><img decoding=\"async\" class=\"swiper-slide-image\" src=\"https:\/\/www.veyrondesign.com\/wp-content\/uploads\/2024\/11\/showroom-veyronDesign-chic-chair-03.jpg\" alt=\"showroom-veyronDesign-chic-chair-03\" \/><\/figure><\/div><div class=\"swiper-slide\" role=\"group\" aria-roledescription=\"slide\" aria-label=\"2 of 23\"><figure class=\"swiper-slide-inner\"><img decoding=\"async\" class=\"swiper-slide-image\" src=\"https:\/\/www.veyrondesign.com\/wp-content\/uploads\/2024\/11\/showroom-veyronDesign-sejour-01.jpg\" alt=\"showroom-veyronDesign-sejour-01\" \/><\/figure><\/div><div class=\"swiper-slide\" role=\"group\" aria-roledescription=\"slide\" aria-label=\"3 of 23\"><figure class=\"swiper-slide-inner\"><img decoding=\"async\" class=\"swiper-slide-image\" src=\"https:\/\/www.veyrondesign.com\/wp-content\/uploads\/2024\/11\/showroom-veyronDesign-sejour-03.jpg\" alt=\"showroom-veyronDesign-sejour-03\" \/><\/figure><\/div><div class=\"swiper-slide\" role=\"group\" aria-roledescription=\"slide\" aria-label=\"4 of 23\"><figure class=\"swiper-slide-inner\"><img decoding=\"async\" class=\"swiper-slide-image\" src=\"https:\/\/www.veyrondesign.com\/wp-content\/uploads\/2024\/11\/showroon-veyronDesign-chambre.jpg\" alt=\"showroon-veyronDesign-chambre\" \/><\/figure><\/div><div class=\"swiper-slide\" role=\"group\" aria-roledescription=\"slide\" aria-label=\"5 of 23\"><figure class=\"swiper-slide-inner\"><img decoding=\"async\" class=\"swiper-slide-image\" src=\"https:\/\/www.veyrondesign.com\/wp-content\/uploads\/2024\/11\/showroon-veyronDesign-chandeliers.jpg\" alt=\"showroon-veyronDesign-chandeliers\" \/><\/figure><\/div><div class=\"swiper-slide\" role=\"group\" aria-roledescription=\"slide\" aria-label=\"6 of 23\"><figure class=\"swiper-slide-inner\"><img decoding=\"async\" class=\"swiper-slide-image\" src=\"https:\/\/www.veyrondesign.com\/wp-content\/uploads\/2024\/11\/showroom-veyronDesign-salle-manger-01.jpg\" alt=\"showroom-veyronDesign-salle-manger-01\" \/><\/figure><\/div><div class=\"swiper-slide\" role=\"group\" aria-roledescription=\"slide\" aria-label=\"7 of 23\"><figure class=\"swiper-slide-inner\"><img decoding=\"async\" class=\"swiper-slide-image\" src=\"https:\/\/www.veyrondesign.com\/wp-content\/uploads\/2024\/11\/showroon-veyronDesign-decoration-mur.jpg\" alt=\"showroon-veyronDesign-decoration-mur\" \/><\/figure><\/div><div class=\"swiper-slide\" role=\"group\" aria-roledescription=\"slide\" aria-label=\"8 of 23\"><figure class=\"swiper-slide-inner\"><img decoding=\"async\" class=\"swiper-slide-image\" src=\"https:\/\/www.veyrondesign.com\/wp-content\/uploads\/2024\/11\/showroom-veyronDesign-sejour-04.jpg\" alt=\"showroom-veyronDesign-sejour-04\" \/><\/figure><\/div><div class=\"swiper-slide\" role=\"group\" aria-roledescription=\"slide\" aria-label=\"9 of 23\"><figure class=\"swiper-slide-inner\"><img decoding=\"async\" class=\"swiper-slide-image\" src=\"https:\/\/www.veyrondesign.com\/wp-content\/uploads\/2024\/11\/showroon-veyronDesign-escaliers.jpg\" alt=\"showroon-veyronDesign-escaliers\" \/><\/figure><\/div><div class=\"swiper-slide\" role=\"group\" aria-roledescription=\"slide\" aria-label=\"10 of 23\"><figure class=\"swiper-slide-inner\"><img decoding=\"async\" class=\"swiper-slide-image\" src=\"https:\/\/www.veyrondesign.com\/wp-content\/uploads\/2024\/11\/showroon-veyronDesign-reception.jpg\" alt=\"showroon-veyronDesign-reception\" \/><\/figure><\/div><div class=\"swiper-slide\" role=\"group\" aria-roledescription=\"slide\" aria-label=\"11 of 23\"><figure class=\"swiper-slide-inner\"><img decoding=\"async\" class=\"swiper-slide-image\" src=\"https:\/\/www.veyrondesign.com\/wp-content\/uploads\/2024\/11\/showroon-veyronDesign-table-sejour.jpg\" alt=\"showroon-veyronDesign-table-sejour\" \/><\/figure><\/div><div class=\"swiper-slide\" role=\"group\" aria-roledescription=\"slide\" aria-label=\"12 of 23\"><figure class=\"swiper-slide-inner\"><img decoding=\"async\" class=\"swiper-slide-image\" src=\"https:\/\/www.veyrondesign.com\/wp-content\/uploads\/2024\/11\/showroom-veyronDesign-salle-manger-02.jpg\" alt=\"showroom-veyronDesign-salle-manger-02\" \/><\/figure><\/div><div class=\"swiper-slide\" role=\"group\" aria-roledescription=\"slide\" aria-label=\"13 of 23\"><figure class=\"swiper-slide-inner\"><img decoding=\"async\" class=\"swiper-slide-image\" src=\"https:\/\/www.veyrondesign.com\/wp-content\/uploads\/2024\/11\/showroon-veyronDesign-salle-television-01.jpg\" alt=\"showroon-veyronDesign-salle-television-01\" \/><\/figure><\/div><div class=\"swiper-slide\" role=\"group\" aria-roledescription=\"slide\" aria-label=\"14 of 23\"><figure class=\"swiper-slide-inner\"><img decoding=\"async\" class=\"swiper-slide-image\" src=\"https:\/\/www.veyrondesign.com\/wp-content\/uploads\/2024\/11\/showroon-veyronDesign-salle-manger-02.jpg\" alt=\"showroon-veyronDesign-salle-manger-02\" \/><\/figure><\/div><div class=\"swiper-slide\" role=\"group\" aria-roledescription=\"slide\" aria-label=\"15 of 23\"><figure class=\"swiper-slide-inner\"><img decoding=\"async\" class=\"swiper-slide-image\" src=\"https:\/\/www.veyrondesign.com\/wp-content\/uploads\/2024\/11\/showroon-veyronDesign-salle-manger-03.jpg\" alt=\"showroon-veyronDesign-salle-manger-03\" \/><\/figure><\/div><div class=\"swiper-slide\" role=\"group\" aria-roledescription=\"slide\" aria-label=\"16 of 23\"><figure class=\"swiper-slide-inner\"><img decoding=\"async\" class=\"swiper-slide-image\" src=\"https:\/\/www.veyrondesign.com\/wp-content\/uploads\/2024\/11\/showroon-veyronDesign-salle-television-02.jpg\" alt=\"showroon-veyronDesign-salle-television-02\" \/><\/figure><\/div><div class=\"swiper-slide\" role=\"group\" aria-roledescription=\"slide\" aria-label=\"17 of 23\"><figure class=\"swiper-slide-inner\"><img decoding=\"async\" class=\"swiper-slide-image\" src=\"https:\/\/www.veyrondesign.com\/wp-content\/uploads\/2024\/11\/showroon-veyronDesign-salon-01.jpg\" alt=\"showroon-veyronDesign-salon-01\" \/><\/figure><\/div><div class=\"swiper-slide\" role=\"group\" aria-roledescription=\"slide\" aria-label=\"18 of 23\"><figure class=\"swiper-slide-inner\"><img decoding=\"async\" class=\"swiper-slide-image\" src=\"https:\/\/www.veyrondesign.com\/wp-content\/uploads\/2024\/11\/showroon-veyronDesign-scorpion-decoration.jpg\" alt=\"showroon-veyronDesign-scorpion-decoration\" \/><\/figure><\/div><div class=\"swiper-slide\" role=\"group\" aria-roledescription=\"slide\" aria-label=\"19 of 23\"><figure class=\"swiper-slide-inner\"><img decoding=\"async\" class=\"swiper-slide-image\" src=\"https:\/\/www.veyrondesign.com\/wp-content\/uploads\/2024\/11\/showroon-veyronDesign-salle-manger-decoration-mur.jpg\" alt=\"showroon-veyronDesign-salle-manger-decoration-mur\" \/><\/figure><\/div><div class=\"swiper-slide\" role=\"group\" aria-roledescription=\"slide\" aria-label=\"20 of 23\"><figure class=\"swiper-slide-inner\"><img decoding=\"async\" class=\"swiper-slide-image\" src=\"https:\/\/www.veyrondesign.com\/wp-content\/uploads\/2024\/11\/showroon-veyronDesign-salon-decoration-mur.jpg\" alt=\"showroon-veyronDesign-salon-decoration-mur\" \/><\/figure><\/div><div class=\"swiper-slide\" role=\"group\" aria-roledescription=\"slide\" aria-label=\"21 of 23\"><figure class=\"swiper-slide-inner\"><img decoding=\"async\" class=\"swiper-slide-image\" src=\"https:\/\/www.veyrondesign.com\/wp-content\/uploads\/2024\/11\/showroon-veyronDesign-sejour-02.jpg\" alt=\"showroon-veyronDesign-sejour-02\" \/><\/figure><\/div><div class=\"swiper-slide\" role=\"group\" aria-roledescription=\"slide\" aria-label=\"22 of 23\"><figure class=\"swiper-slide-inner\"><img decoding=\"async\" class=\"swiper-slide-image\" src=\"https:\/\/www.veyrondesign.com\/wp-content\/uploads\/2024\/11\/showroon-veyronDesign-salon-salle-manger.jpg\" alt=\"showroon-veyronDesign-salon-salle-manger\" \/><\/figure><\/div><div class=\"swiper-slide\" role=\"group\" aria-roledescription=\"slide\" aria-label=\"23 of 23\"><figure class=\"swiper-slide-inner\"><img decoding=\"async\" class=\"swiper-slide-image\" src=\"https:\/\/www.veyrondesign.com\/wp-content\/uploads\/2024\/11\/showroon-veyronDesign-table-coin.jpg\" alt=\"showroon-veyronDesign-table-coin\" \/><\/figure><\/div>\t\t\t<\/div>\n\t\t\t\t\t\t\t\t\t\t\t\t<div class=\"elementor-swiper-button elementor-swiper-button-prev\" role=\"button\" tabindex=\"0\">\n\t\t\t\t\t\t<svg aria-hidden=\"true\" class=\"e-font-icon-svg e-eicon-chevron-left\" viewbox=\"0 0 1000 1000\" xmlns=\"http:\/\/www.w3.org\/2000\/svg\"><path d=\"M646 125C629 125 613 133 604 142L308 442C296 454 292 471 292 487 292 504 296 521 308 533L604 854C617 867 629 875 646 875 663 875 679 871 692 858 704 846 713 829 713 812 713 796 708 779 692 767L438 487 692 225C700 217 708 204 708 187 708 171 704 154 692 142 675 129 663 125 646 125Z\"><\/path><\/svg>\t\t\t\t\t<\/div>\n\t\t\t\t\t<div class=\"elementor-swiper-button elementor-swiper-button-next\" role=\"button\" tabindex=\"0\">\n\t\t\t\t\t\t<svg aria-hidden=\"true\" class=\"e-font-icon-svg e-eicon-chevron-right\" viewbox=\"0 0 1000 1000\" xmlns=\"http:\/\/www.w3.org\/2000\/svg\"><path d=\"M696 533C708 521 713 504 713 487 713 471 708 454 696 446L400 146C388 133 375 125 354 125 338 125 325 129 313 142 300 154 292 171 292 187 292 204 296 221 308 233L563 492 304 771C292 783 288 800 288 817 288 833 296 850 308 863 321 871 338 875 354 875 371 875 388 867 400 854L696 533Z\"><\/path><\/svg>\t\t\t\t\t<\/div>\n\t\t\t\t\n\t\t\t\t\t\t\t\t\t<\/div>\n\t\t\t\t\t\t<\/div>\n\t\t\t\t<\/div>\n\t\t\t\t\t<\/div>\n\t\t<\/div>\n\t\t\t\t\t<\/div>\n\t\t<\/section>\n\t\t\t\t<\/div>","protected":false},"excerpt":{"rendered":"<p>No partenaire Ils Nous Ont Fait Confiance Nous avons le plaisir de vous pr\u00e9senter quelque partenaires avec qui nous avons collaborer et qui sont 100% satisfaits de notre rendement.<\/p>","protected":false},"author":1,"featured_media":0,"parent":0,"menu_order":0,"comment_status":"closed","ping_status":"closed","template":"","meta":{"_acf_changed":false,"inline_featured_image":false,"_joinchat":[],"footnotes":""},"class_list":["post-2087","page","type-page","status-publish","hentry"],"acf":[],"yoast_head":"<!-- This site is optimized with the Yoast SEO plugin v25.1 - https:\/\/yoast.com\/wordpress\/plugins\/seo\/ -->\n<title>Luxury Interior Design Tanger | Nos R\u00e9alisations par Veyron Design<\/title>\n<meta name=\"description\" content=\"nos r\u00e9alisations exclusives en Luxury Interior Design Tanger par Veyron Design. Profitez de designs sur mesure qui subliment votre style de vie.\" \/>\n<meta name=\"robots\" content=\"index, follow, max-snippet:-1, max-image-preview:large, max-video-preview:-1\" \/>\n<link rel=\"canonical\" href=\"https:\/\/www.veyrondesign.com\/en\/nos-realisations\/\" \/>\n<meta property=\"og:locale\" content=\"en_US\" \/>\n<meta property=\"og:type\" content=\"article\" \/>\n<meta property=\"og:title\" content=\"Luxury Interior Design Tanger | Nos R\u00e9alisations par Veyron Design\" \/>\n<meta property=\"og:description\" content=\"nos r\u00e9alisations exclusives en Luxury Interior Design Tanger par Veyron Design. Profitez de designs sur mesure qui subliment votre style de vie.\" \/>\n<meta property=\"og:url\" content=\"https:\/\/www.veyrondesign.com\/en\/nos-realisations\/\" \/>\n<meta property=\"og:site_name\" content=\"VeyronDesign\" \/>\n<meta property=\"article:modified_time\" content=\"2024-12-07T06:15:12+00:00\" \/>\n<meta property=\"og:image\" content=\"https:\/\/www.veyrondesign.com\/wp-content\/uploads\/2024\/11\/showroom-veyronDesign-chic-chair-03.jpg\" \/>\n<meta name=\"twitter:card\" content=\"summary_large_image\" \/>\n<meta name=\"twitter:label1\" content=\"Est. reading time\" \/>\n\t<meta name=\"twitter:data1\" content=\"5 minutes\" \/>\n<script type=\"application\/ld+json\" class=\"yoast-schema-graph\">{\"@context\":\"https:\/\/schema.org\",\"@graph\":[{\"@type\":\"WebPage\",\"@id\":\"https:\/\/www.veyrondesign.com\/nos-realisations\/\",\"url\":\"https:\/\/www.veyrondesign.com\/nos-realisations\/\",\"name\":\"Luxury Interior Design Tanger | Nos R\u00e9alisations par Veyron Design\",\"isPartOf\":{\"@id\":\"https:\/\/www.veyrondesign.com\/#website\"},\"primaryImageOfPage\":{\"@id\":\"https:\/\/www.veyrondesign.com\/nos-realisations\/#primaryimage\"},\"image\":{\"@id\":\"https:\/\/www.veyrondesign.com\/nos-realisations\/#primaryimage\"},\"thumbnailUrl\":\"https:\/\/www.veyrondesign.com\/wp-content\/uploads\/2024\/11\/showroom-veyronDesign-chic-chair-03.jpg\",\"datePublished\":\"2023-10-18T01:00:26+00:00\",\"dateModified\":\"2024-12-07T06:15:12+00:00\",\"description\":\"nos r\u00e9alisations exclusives en Luxury Interior Design Tanger par Veyron Design. Profitez de designs sur mesure qui subliment votre style de vie.\",\"breadcrumb\":{\"@id\":\"https:\/\/www.veyrondesign.com\/nos-realisations\/#breadcrumb\"},\"inLanguage\":\"en-US\",\"potentialAction\":[{\"@type\":\"ReadAction\",\"target\":[\"https:\/\/www.veyrondesign.com\/nos-realisations\/\"]}]},{\"@type\":\"ImageObject\",\"inLanguage\":\"en-US\",\"@id\":\"https:\/\/www.veyrondesign.com\/nos-realisations\/#primaryimage\",\"url\":\"https:\/\/www.veyrondesign.com\/wp-content\/uploads\/2024\/11\/showroom-veyronDesign-chic-chair-03.jpg\",\"contentUrl\":\"https:\/\/www.veyrondesign.com\/wp-content\/uploads\/2024\/11\/showroom-veyronDesign-chic-chair-03.jpg\"},{\"@type\":\"BreadcrumbList\",\"@id\":\"https:\/\/www.veyrondesign.com\/nos-realisations\/#breadcrumb\",\"itemListElement\":[{\"@type\":\"ListItem\",\"position\":1,\"name\":\"Accueil\",\"item\":\"https:\/\/www.veyrondesign.com\/\"},{\"@type\":\"ListItem\",\"position\":2,\"name\":\"Nos R\u00e9alisations\"}]},{\"@type\":\"WebSite\",\"@id\":\"https:\/\/www.veyrondesign.com\/#website\",\"url\":\"https:\/\/www.veyrondesign.com\/\",\"name\":\"Veyron Design\",\"description\":\"Interior Design in Morocco - Commercial - Hospitality &amp; Residential\",\"publisher\":{\"@id\":\"https:\/\/www.veyrondesign.com\/#organization\"},\"potentialAction\":[{\"@type\":\"SearchAction\",\"target\":{\"@type\":\"EntryPoint\",\"urlTemplate\":\"https:\/\/www.veyrondesign.com\/?s={search_term_string}\"},\"query-input\":{\"@type\":\"PropertyValueSpecification\",\"valueRequired\":true,\"valueName\":\"search_term_string\"}}],\"inLanguage\":\"en-US\"},{\"@type\":\"Organization\",\"@id\":\"https:\/\/www.veyrondesign.com\/#organization\",\"name\":\"Design d'int\u00e9rieur au Maroc - Commercial - Hospitalit\u00e9 & R\u00e9sidentiel\",\"url\":\"https:\/\/www.veyrondesign.com\/\",\"logo\":{\"@type\":\"ImageObject\",\"inLanguage\":\"en-US\",\"@id\":\"https:\/\/www.veyrondesign.com\/#\/schema\/logo\/image\/\",\"url\":\"https:\/\/www.veyrondesign.com\/wp-content\/uploads\/2018\/09\/V.png\",\"contentUrl\":\"https:\/\/www.veyrondesign.com\/wp-content\/uploads\/2018\/09\/V.png\",\"width\":224,\"height\":307,\"caption\":\"Design d'int\u00e9rieur au Maroc - Commercial - Hospitalit\u00e9 & R\u00e9sidentiel\"},\"image\":{\"@id\":\"https:\/\/www.veyrondesign.com\/#\/schema\/logo\/image\/\"},\"sameAs\":[\"https:\/\/www.instagram.com\/veyrondesign\/\"]}]}<\/script>\n<!-- \/ Yoast SEO plugin. -->","yoast_head_json":{"title":"Luxury Interior Design Tanger | Nos R\u00e9alisations par Veyron Design","description":"nos r\u00e9alisations exclusives en Luxury Interior Design Tanger par Veyron Design. Profitez de designs sur mesure qui subliment votre style de vie.","robots":{"index":"index","follow":"follow","max-snippet":"max-snippet:-1","max-image-preview":"max-image-preview:large","max-video-preview":"max-video-preview:-1"},"canonical":"https:\/\/www.veyrondesign.com\/en\/nos-realisations\/","og_locale":"en_US","og_type":"article","og_title":"Luxury Interior Design Tanger | Nos R\u00e9alisations par Veyron Design","og_description":"nos r\u00e9alisations exclusives en Luxury Interior Design Tanger par Veyron Design. Profitez de designs sur mesure qui subliment votre style de vie.","og_url":"https:\/\/www.veyrondesign.com\/en\/nos-realisations\/","og_site_name":"VeyronDesign","article_modified_time":"2024-12-07T06:15:12+00:00","og_image":[{"url":"https:\/\/www.veyrondesign.com\/wp-content\/uploads\/2024\/11\/showroom-veyronDesign-chic-chair-03.jpg","type":"","width":"","height":""}],"twitter_card":"summary_large_image","twitter_misc":{"Est. reading time":"5 minutes"},"schema":{"@context":"https:\/\/schema.org","@graph":[{"@type":"WebPage","@id":"https:\/\/www.veyrondesign.com\/nos-realisations\/","url":"https:\/\/www.veyrondesign.com\/nos-realisations\/","name":"Luxury Interior Design Tanger | Nos R\u00e9alisations par Veyron Design","isPartOf":{"@id":"https:\/\/www.veyrondesign.com\/#website"},"primaryImageOfPage":{"@id":"https:\/\/www.veyrondesign.com\/nos-realisations\/#primaryimage"},"image":{"@id":"https:\/\/www.veyrondesign.com\/nos-realisations\/#primaryimage"},"thumbnailUrl":"https:\/\/www.veyrondesign.com\/wp-content\/uploads\/2024\/11\/showroom-veyronDesign-chic-chair-03.jpg","datePublished":"2023-10-18T01:00:26+00:00","dateModified":"2024-12-07T06:15:12+00:00","description":"nos r\u00e9alisations exclusives en Luxury Interior Design Tanger par Veyron Design. Profitez de designs sur mesure qui subliment votre style de vie.","breadcrumb":{"@id":"https:\/\/www.veyrondesign.com\/nos-realisations\/#breadcrumb"},"inLanguage":"en-US","potentialAction":[{"@type":"ReadAction","target":["https:\/\/www.veyrondesign.com\/nos-realisations\/"]}]},{"@type":"ImageObject","inLanguage":"en-US","@id":"https:\/\/www.veyrondesign.com\/nos-realisations\/#primaryimage","url":"https:\/\/www.veyrondesign.com\/wp-content\/uploads\/2024\/11\/showroom-veyronDesign-chic-chair-03.jpg","contentUrl":"https:\/\/www.veyrondesign.com\/wp-content\/uploads\/2024\/11\/showroom-veyronDesign-chic-chair-03.jpg"},{"@type":"BreadcrumbList","@id":"https:\/\/www.veyrondesign.com\/nos-realisations\/#breadcrumb","itemListElement":[{"@type":"ListItem","position":1,"name":"Accueil","item":"https:\/\/www.veyrondesign.com\/"},{"@type":"ListItem","position":2,"name":"Nos R\u00e9alisations"}]},{"@type":"WebSite","@id":"https:\/\/www.veyrondesign.com\/#website","url":"https:\/\/www.veyrondesign.com\/","name":"Veyron Design","description":"Interior Design in Morocco - Commercial - Hospitality &amp; Residential","publisher":{"@id":"https:\/\/www.veyrondesign.com\/#organization"},"potentialAction":[{"@type":"SearchAction","target":{"@type":"EntryPoint","urlTemplate":"https:\/\/www.veyrondesign.com\/?s={search_term_string}"},"query-input":{"@type":"PropertyValueSpecification","valueRequired":true,"valueName":"search_term_string"}}],"inLanguage":"en-US"},{"@type":"Organization","@id":"https:\/\/www.veyrondesign.com\/#organization","name":"Design d'int\u00e9rieur au Maroc - Commercial - Hospitalit\u00e9 & R\u00e9sidentiel","url":"https:\/\/www.veyrondesign.com\/","logo":{"@type":"ImageObject","inLanguage":"en-US","@id":"https:\/\/www.veyrondesign.com\/#\/schema\/logo\/image\/","url":"https:\/\/www.veyrondesign.com\/wp-content\/uploads\/2018\/09\/V.png","contentUrl":"https:\/\/www.veyrondesign.com\/wp-content\/uploads\/2018\/09\/V.png","width":224,"height":307,"caption":"Design d'int\u00e9rieur au Maroc - Commercial - Hospitalit\u00e9 & R\u00e9sidentiel"},"image":{"@id":"https:\/\/www.veyrondesign.com\/#\/schema\/logo\/image\/"},"sameAs":["https:\/\/www.instagram.com\/veyrondesign\/"]}]}},"_links":{"self":[{"href":"https:\/\/www.veyrondesign.com\/en\/wp-json\/wp\/v2\/pages\/2087","targetHints":{"allow":["GET"]}}],"collection":[{"href":"https:\/\/www.veyrondesign.com\/en\/wp-json\/wp\/v2\/pages"}],"about":[{"href":"https:\/\/www.veyrondesign.com\/en\/wp-json\/wp\/v2\/types\/page"}],"author":[{"embeddable":true,"href":"https:\/\/www.veyrondesign.com\/en\/wp-json\/wp\/v2\/users\/1"}],"replies":[{"embeddable":true,"href":"https:\/\/www.veyrondesign.com\/en\/wp-json\/wp\/v2\/comments?post=2087"}],"version-history":[{"count":26,"href":"https:\/\/www.veyrondesign.com\/en\/wp-json\/wp\/v2\/pages\/2087\/revisions"}],"predecessor-version":[{"id":11923,"href":"https:\/\/www.veyrondesign.com\/en\/wp-json\/wp\/v2\/pages\/2087\/revisions\/11923"}],"wp:attachment":[{"href":"https:\/\/www.veyrondesign.com\/en\/wp-json\/wp\/v2\/media?parent=2087"}],"curies":[{"name":"wp","href":"https:\/\/api.w.org\/{rel}","templated":true}]}}