{"id":12214,"date":"2025-01-08T21:43:06","date_gmt":"2025-01-08T21:43:06","guid":{"rendered":"https:\/\/www.veyrondesign.com\/?page_id=12214"},"modified":"2025-01-08T21:45:22","modified_gmt":"2025-01-08T21:45:22","slug":"office-interior-design-in-morocco","status":"publish","type":"page","link":"https:\/\/www.veyrondesign.com\/en\/office-interior-design-in-morocco\/","title":{"rendered":"Office Interior Design in Morocco"},"content":{"rendered":"<div data-elementor-type=\"wp-page\" data-elementor-id=\"12214\" class=\"elementor elementor-12214\">\n\t\t\t\t\t\t<section class=\"elementor-section elementor-top-section elementor-element elementor-element-6291efb pbmit-col-stretched-none pbmit-bg-color-over-image elementor-section-boxed elementor-section-height-default elementor-section-height-default\" data-id=\"6291efb\" data-element_type=\"section\">\n\t\t\t\t\t\t<div class=\"elementor-container elementor-column-gap-default\">\n\t\t\t\t\t<div class=\"elementor-column elementor-col-100 elementor-top-column elementor-element elementor-element-3e3c402 pbmit-bg-color-over-image\" data-id=\"3e3c402\" data-element_type=\"column\">\n\t\t\t<div class=\"elementor-widget-wrap elementor-element-populated\">\n\t\t\t\t\t\t<div class=\"elementor-element elementor-element-c62bdc9 pbmit-animation-none elementor-widget elementor-widget-image\" data-id=\"c62bdc9\" data-element_type=\"widget\" data-widget_type=\"image.default\">\n\t\t\t\t<div class=\"elementor-widget-container\">\n\t\t\t\t\t\t\t\t\t\t\t\t\t\t\t<img fetchpriority=\"high\" decoding=\"async\" width=\"2560\" height=\"1709\" src=\"https:\/\/www.veyrondesign.com\/wp-content\/uploads\/2025\/01\/Office-Interior-Design-in-Morocco-scaled.jpg\" class=\"attachment-full size-full wp-image-12217\" alt=\"\" srcset=\"https:\/\/www.veyrondesign.com\/wp-content\/uploads\/2025\/01\/Office-Interior-Design-in-Morocco-scaled.jpg 2560w, https:\/\/www.veyrondesign.com\/wp-content\/uploads\/2025\/01\/Office-Interior-Design-in-Morocco-300x200.jpg 300w, https:\/\/www.veyrondesign.com\/wp-content\/uploads\/2025\/01\/Office-Interior-Design-in-Morocco-1024x684.jpg 1024w, https:\/\/www.veyrondesign.com\/wp-content\/uploads\/2025\/01\/Office-Interior-Design-in-Morocco-768x513.jpg 768w, https:\/\/www.veyrondesign.com\/wp-content\/uploads\/2025\/01\/Office-Interior-Design-in-Morocco-1536x1026.jpg 1536w, https:\/\/www.veyrondesign.com\/wp-content\/uploads\/2025\/01\/Office-Interior-Design-in-Morocco-2048x1367.jpg 2048w, https:\/\/www.veyrondesign.com\/wp-content\/uploads\/2025\/01\/Office-Interior-Design-in-Morocco-18x12.jpg 18w, https:\/\/www.veyrondesign.com\/wp-content\/uploads\/2025\/01\/Office-Interior-Design-in-Morocco-600x401.jpg 600w\" sizes=\"(max-width: 2560px) 100vw, 2560px\" \/>\t\t\t\t\t\t\t\t\t\t\t\t\t\t\t<\/div>\n\t\t\t\t<\/div>\n\t\t\t\t\t<\/div>\n\t\t<\/div>\n\t\t\t\t\t<\/div>\n\t\t<\/section>\n\t\t\t\t<section class=\"elementor-section elementor-top-section elementor-element elementor-element-12825b6 pbmit-col-stretched-none pbmit-bg-color-over-image elementor-section-boxed elementor-section-height-default elementor-section-height-default\" data-id=\"12825b6\" data-element_type=\"section\">\n\t\t\t\t\t\t<div class=\"elementor-container elementor-column-gap-default\">\n\t\t\t\t\t<div class=\"elementor-column elementor-col-100 elementor-top-column elementor-element elementor-element-ef9d7c5 pbmit-bg-color-over-image\" data-id=\"ef9d7c5\" data-element_type=\"column\">\n\t\t\t<div class=\"elementor-widget-wrap elementor-element-populated\">\n\t\t\t\t\t\t<div class=\"elementor-element elementor-element-0c43bc3 elementor-widget elementor-widget-heading\" data-id=\"0c43bc3\" data-element_type=\"widget\" data-widget_type=\"heading.default\">\n\t\t\t\t<div class=\"elementor-widget-container\">\n\t\t\t\t\t<h2 class=\"elementor-heading-title elementor-size-default\">Office Interior Design in Morocco<\/h2>\t\t\t\t<\/div>\n\t\t\t\t<\/div>\n\t\t\t\t<div class=\"elementor-element elementor-element-fd8a9cf elementor-widget elementor-widget-text-editor\" data-id=\"fd8a9cf\" data-element_type=\"widget\" data-widget_type=\"text-editor.default\">\n\t\t\t\t<div class=\"elementor-widget-container\">\n\t\t\t\t\t\t\t\t\t<p><span style=\"font-weight: 400;\">Create a productive and stylish workspace with <\/span><b>office interior design in Morocco<\/b><span style=\"font-weight: 400;\"> by Veryon Design. We specialize in designing office spaces that combine functionality with aesthetic appeal, ensuring a comfortable and inspiring environment for your team.<\/span><\/p><p><b>Why Choose Office Interior Design with Veryon Design?<\/b><\/p><ul><li style=\"font-weight: 400;\" aria-level=\"1\"><b>Tailored to Your Business:<\/b><span style=\"font-weight: 400;\"> Custom designs that reflect your brand identity and meet your office needs.<\/span><\/li><li style=\"font-weight: 400;\" aria-level=\"1\"><b>Efficient Layouts:<\/b><span style=\"font-weight: 400;\"> We focus on maximizing space and creating a flow that promotes productivity and collaboration.<\/span><\/li><li style=\"font-weight: 400;\" aria-level=\"1\"><b>Moroccan Elegance:<\/b><span style=\"font-weight: 400;\"> Incorporate unique Moroccan elements like handcrafted wood, tiles, and textiles to create a distinctive atmosphere.<\/span><\/li><\/ul><p><span style=\"font-weight: 400;\">Transform your office into a space that inspires success. Visit our<\/span><a href=\"https:\/\/www.veyrondesign.com\/en\/\"> <span style=\"font-weight: 400;\">Homepage<\/span><\/a><span style=\"font-weight: 400;\"> or<\/span><a href=\"https:\/\/www.veyrondesign.com\/en\/contactez-nous\/\"> <span style=\"font-weight: 400;\">Contact Us<\/span><\/a><span style=\"font-weight: 400;\"> to start your office interior design project in Morocco.<\/span><\/p>\t\t\t\t\t\t\t\t<\/div>\n\t\t\t\t<\/div>\n\t\t\t\t\t<\/div>\n\t\t<\/div>\n\t\t\t\t\t<\/div>\n\t\t<\/section>\n\t\t\t\t<\/div>","protected":false},"excerpt":{"rendered":"<p>Office Interior Design in Morocco Create a productive and stylish workspace with office interior design in Morocco by Veryon Design. We specialize in designing office spaces that combine functionality with aesthetic appeal, ensuring a comfortable and inspiring environment for your team. Why Choose Office Interior Design with Veryon Design? Tailored to Your Business: Custom designs [&hellip;]<\/p>","protected":false},"author":1,"featured_media":0,"parent":0,"menu_order":0,"comment_status":"closed","ping_status":"closed","template":"elementor_canvas","meta":{"_acf_changed":false,"inline_featured_image":false,"_joinchat":[],"footnotes":""},"class_list":["post-12214","page","type-page","status-publish","hentry"],"acf":[],"yoast_head":"<!-- This site is optimized with the Yoast SEO plugin v25.1 - https:\/\/yoast.com\/wordpress\/plugins\/seo\/ -->\n<title>Office Interior Design in Morocco | Veyron Design<\/title>\n<meta name=\"description\" content=\"Transform your office with custom interior design by Veyron Design. We blend functionality with Moroccan elegance for an inspiring workspace.\" \/>\n<meta name=\"robots\" content=\"index, follow, max-snippet:-1, max-image-preview:large, max-video-preview:-1\" \/>\n<link rel=\"canonical\" href=\"https:\/\/www.veyrondesign.com\/en\/office-interior-design-in-morocco\/\" \/>\n<meta property=\"og:locale\" content=\"en_US\" \/>\n<meta property=\"og:type\" content=\"article\" \/>\n<meta property=\"og:title\" content=\"Office Interior Design in Morocco | Veyron Design\" \/>\n<meta property=\"og:description\" content=\"Transform your office with custom interior design by Veyron Design. We blend functionality with Moroccan elegance for an inspiring workspace.\" \/>\n<meta property=\"og:url\" content=\"https:\/\/www.veyrondesign.com\/en\/office-interior-design-in-morocco\/\" \/>\n<meta property=\"og:site_name\" content=\"VeyronDesign\" \/>\n<meta property=\"article:modified_time\" content=\"2025-01-08T21:45:22+00:00\" \/>\n<meta property=\"og:image\" content=\"https:\/\/www.veyrondesign.com\/wp-content\/uploads\/2025\/01\/Office-Interior-Design-in-Morocco-scaled.jpg\" \/>\n\t<meta property=\"og:image:width\" content=\"2560\" \/>\n\t<meta property=\"og:image:height\" content=\"1709\" \/>\n\t<meta property=\"og:image:type\" content=\"image\/jpeg\" \/>\n<meta name=\"twitter:card\" content=\"summary_large_image\" \/>\n<meta name=\"twitter:label1\" content=\"Est. reading time\" \/>\n\t<meta name=\"twitter:data1\" content=\"1 minute\" \/>\n<script type=\"application\/ld+json\" class=\"yoast-schema-graph\">{\"@context\":\"https:\/\/schema.org\",\"@graph\":[{\"@type\":\"WebPage\",\"@id\":\"https:\/\/www.veyrondesign.com\/office-interior-design-in-morocco\/\",\"url\":\"https:\/\/www.veyrondesign.com\/office-interior-design-in-morocco\/\",\"name\":\"Office Interior Design in Morocco | Veyron Design\",\"isPartOf\":{\"@id\":\"https:\/\/www.veyrondesign.com\/#website\"},\"primaryImageOfPage\":{\"@id\":\"https:\/\/www.veyrondesign.com\/office-interior-design-in-morocco\/#primaryimage\"},\"image\":{\"@id\":\"https:\/\/www.veyrondesign.com\/office-interior-design-in-morocco\/#primaryimage\"},\"thumbnailUrl\":\"https:\/\/www.veyrondesign.com\/wp-content\/uploads\/2025\/01\/Office-Interior-Design-in-Morocco-scaled.jpg\",\"datePublished\":\"2025-01-08T21:43:06+00:00\",\"dateModified\":\"2025-01-08T21:45:22+00:00\",\"description\":\"Transform your office with custom interior design by Veyron Design. We blend functionality with Moroccan elegance for an inspiring workspace.\",\"breadcrumb\":{\"@id\":\"https:\/\/www.veyrondesign.com\/office-interior-design-in-morocco\/#breadcrumb\"},\"inLanguage\":\"en-US\",\"potentialAction\":[{\"@type\":\"ReadAction\",\"target\":[\"https:\/\/www.veyrondesign.com\/office-interior-design-in-morocco\/\"]}]},{\"@type\":\"ImageObject\",\"inLanguage\":\"en-US\",\"@id\":\"https:\/\/www.veyrondesign.com\/office-interior-design-in-morocco\/#primaryimage\",\"url\":\"https:\/\/www.veyrondesign.com\/wp-content\/uploads\/2025\/01\/Office-Interior-Design-in-Morocco-scaled.jpg\",\"contentUrl\":\"https:\/\/www.veyrondesign.com\/wp-content\/uploads\/2025\/01\/Office-Interior-Design-in-Morocco-scaled.jpg\"},{\"@type\":\"BreadcrumbList\",\"@id\":\"https:\/\/www.veyrondesign.com\/office-interior-design-in-morocco\/#breadcrumb\",\"itemListElement\":[{\"@type\":\"ListItem\",\"position\":1,\"name\":\"Accueil\",\"item\":\"https:\/\/www.veyrondesign.com\/\"},{\"@type\":\"ListItem\",\"position\":2,\"name\":\"Office Interior Design in Morocco\"}]},{\"@type\":\"WebSite\",\"@id\":\"https:\/\/www.veyrondesign.com\/#website\",\"url\":\"https:\/\/www.veyrondesign.com\/\",\"name\":\"Veyron Design\",\"description\":\"Interior Design in Morocco - Commercial - Hospitality &amp; Residential\",\"publisher\":{\"@id\":\"https:\/\/www.veyrondesign.com\/#organization\"},\"potentialAction\":[{\"@type\":\"SearchAction\",\"target\":{\"@type\":\"EntryPoint\",\"urlTemplate\":\"https:\/\/www.veyrondesign.com\/?s={search_term_string}\"},\"query-input\":{\"@type\":\"PropertyValueSpecification\",\"valueRequired\":true,\"valueName\":\"search_term_string\"}}],\"inLanguage\":\"en-US\"},{\"@type\":\"Organization\",\"@id\":\"https:\/\/www.veyrondesign.com\/#organization\",\"name\":\"Design d'int\u00e9rieur au Maroc - Commercial - Hospitalit\u00e9 & R\u00e9sidentiel\",\"url\":\"https:\/\/www.veyrondesign.com\/\",\"logo\":{\"@type\":\"ImageObject\",\"inLanguage\":\"en-US\",\"@id\":\"https:\/\/www.veyrondesign.com\/#\/schema\/logo\/image\/\",\"url\":\"https:\/\/www.veyrondesign.com\/wp-content\/uploads\/2018\/09\/V.png\",\"contentUrl\":\"https:\/\/www.veyrondesign.com\/wp-content\/uploads\/2018\/09\/V.png\",\"width\":224,\"height\":307,\"caption\":\"Design d'int\u00e9rieur au Maroc - Commercial - Hospitalit\u00e9 & R\u00e9sidentiel\"},\"image\":{\"@id\":\"https:\/\/www.veyrondesign.com\/#\/schema\/logo\/image\/\"},\"sameAs\":[\"https:\/\/www.instagram.com\/veyrondesign\/\"]}]}<\/script>\n<!-- \/ Yoast SEO plugin. -->","yoast_head_json":{"title":"Office Interior Design in Morocco | Veyron Design","description":"Transform your office with custom interior design by Veyron Design. We blend functionality with Moroccan elegance for an inspiring workspace.","robots":{"index":"index","follow":"follow","max-snippet":"max-snippet:-1","max-image-preview":"max-image-preview:large","max-video-preview":"max-video-preview:-1"},"canonical":"https:\/\/www.veyrondesign.com\/en\/office-interior-design-in-morocco\/","og_locale":"en_US","og_type":"article","og_title":"Office Interior Design in Morocco | Veyron Design","og_description":"Transform your office with custom interior design by Veyron Design. We blend functionality with Moroccan elegance for an inspiring workspace.","og_url":"https:\/\/www.veyrondesign.com\/en\/office-interior-design-in-morocco\/","og_site_name":"VeyronDesign","article_modified_time":"2025-01-08T21:45:22+00:00","og_image":[{"width":2560,"height":1709,"url":"https:\/\/www.veyrondesign.com\/wp-content\/uploads\/2025\/01\/Office-Interior-Design-in-Morocco-scaled.jpg","type":"image\/jpeg"}],"twitter_card":"summary_large_image","twitter_misc":{"Est. reading time":"1 minute"},"schema":{"@context":"https:\/\/schema.org","@graph":[{"@type":"WebPage","@id":"https:\/\/www.veyrondesign.com\/office-interior-design-in-morocco\/","url":"https:\/\/www.veyrondesign.com\/office-interior-design-in-morocco\/","name":"Office Interior Design in Morocco | Veyron Design","isPartOf":{"@id":"https:\/\/www.veyrondesign.com\/#website"},"primaryImageOfPage":{"@id":"https:\/\/www.veyrondesign.com\/office-interior-design-in-morocco\/#primaryimage"},"image":{"@id":"https:\/\/www.veyrondesign.com\/office-interior-design-in-morocco\/#primaryimage"},"thumbnailUrl":"https:\/\/www.veyrondesign.com\/wp-content\/uploads\/2025\/01\/Office-Interior-Design-in-Morocco-scaled.jpg","datePublished":"2025-01-08T21:43:06+00:00","dateModified":"2025-01-08T21:45:22+00:00","description":"Transform your office with custom interior design by Veyron Design. We blend functionality with Moroccan elegance for an inspiring workspace.","breadcrumb":{"@id":"https:\/\/www.veyrondesign.com\/office-interior-design-in-morocco\/#breadcrumb"},"inLanguage":"en-US","potentialAction":[{"@type":"ReadAction","target":["https:\/\/www.veyrondesign.com\/office-interior-design-in-morocco\/"]}]},{"@type":"ImageObject","inLanguage":"en-US","@id":"https:\/\/www.veyrondesign.com\/office-interior-design-in-morocco\/#primaryimage","url":"https:\/\/www.veyrondesign.com\/wp-content\/uploads\/2025\/01\/Office-Interior-Design-in-Morocco-scaled.jpg","contentUrl":"https:\/\/www.veyrondesign.com\/wp-content\/uploads\/2025\/01\/Office-Interior-Design-in-Morocco-scaled.jpg"},{"@type":"BreadcrumbList","@id":"https:\/\/www.veyrondesign.com\/office-interior-design-in-morocco\/#breadcrumb","itemListElement":[{"@type":"ListItem","position":1,"name":"Accueil","item":"https:\/\/www.veyrondesign.com\/"},{"@type":"ListItem","position":2,"name":"Office Interior Design in Morocco"}]},{"@type":"WebSite","@id":"https:\/\/www.veyrondesign.com\/#website","url":"https:\/\/www.veyrondesign.com\/","name":"Veyron Design","description":"Interior Design in Morocco - Commercial - Hospitality &amp; Residential","publisher":{"@id":"https:\/\/www.veyrondesign.com\/#organization"},"potentialAction":[{"@type":"SearchAction","target":{"@type":"EntryPoint","urlTemplate":"https:\/\/www.veyrondesign.com\/?s={search_term_string}"},"query-input":{"@type":"PropertyValueSpecification","valueRequired":true,"valueName":"search_term_string"}}],"inLanguage":"en-US"},{"@type":"Organization","@id":"https:\/\/www.veyrondesign.com\/#organization","name":"Design d'int\u00e9rieur au Maroc - Commercial - Hospitalit\u00e9 & R\u00e9sidentiel","url":"https:\/\/www.veyrondesign.com\/","logo":{"@type":"ImageObject","inLanguage":"en-US","@id":"https:\/\/www.veyrondesign.com\/#\/schema\/logo\/image\/","url":"https:\/\/www.veyrondesign.com\/wp-content\/uploads\/2018\/09\/V.png","contentUrl":"https:\/\/www.veyrondesign.com\/wp-content\/uploads\/2018\/09\/V.png","width":224,"height":307,"caption":"Design d'int\u00e9rieur au Maroc - Commercial - Hospitalit\u00e9 & R\u00e9sidentiel"},"image":{"@id":"https:\/\/www.veyrondesign.com\/#\/schema\/logo\/image\/"},"sameAs":["https:\/\/www.instagram.com\/veyrondesign\/"]}]}},"_links":{"self":[{"href":"https:\/\/www.veyrondesign.com\/en\/wp-json\/wp\/v2\/pages\/12214","targetHints":{"allow":["GET"]}}],"collection":[{"href":"https:\/\/www.veyrondesign.com\/en\/wp-json\/wp\/v2\/pages"}],"about":[{"href":"https:\/\/www.veyrondesign.com\/en\/wp-json\/wp\/v2\/types\/page"}],"author":[{"embeddable":true,"href":"https:\/\/www.veyrondesign.com\/en\/wp-json\/wp\/v2\/users\/1"}],"replies":[{"embeddable":true,"href":"https:\/\/www.veyrondesign.com\/en\/wp-json\/wp\/v2\/comments?post=12214"}],"version-history":[{"count":4,"href":"https:\/\/www.veyrondesign.com\/en\/wp-json\/wp\/v2\/pages\/12214\/revisions"}],"predecessor-version":[{"id":12220,"href":"https:\/\/www.veyrondesign.com\/en\/wp-json\/wp\/v2\/pages\/12214\/revisions\/12220"}],"wp:attachment":[{"href":"https:\/\/www.veyrondesign.com\/en\/wp-json\/wp\/v2\/media?parent=12214"}],"curies":[{"name":"wp","href":"https:\/\/api.w.org\/{rel}","templated":true}]}}