{"id":12207,"date":"2025-01-08T21:38:35","date_gmt":"2025-01-08T21:38:35","guid":{"rendered":"https:\/\/www.veyrondesign.com\/?page_id=12207"},"modified":"2025-01-08T21:41:22","modified_gmt":"2025-01-08T21:41:22","slug":"home-renovation-design-in-morocco","status":"publish","type":"page","link":"https:\/\/www.veyrondesign.com\/en\/home-renovation-design-in-morocco\/","title":{"rendered":"Home Renovation Design in Morocco"},"content":{"rendered":"<div data-elementor-type=\"wp-page\" data-elementor-id=\"12207\" class=\"elementor elementor-12207\">\n\t\t\t\t\t\t<section class=\"elementor-section elementor-top-section elementor-element elementor-element-910a685 pbmit-col-stretched-none pbmit-bg-color-over-image elementor-section-boxed elementor-section-height-default elementor-section-height-default\" data-id=\"910a685\" data-element_type=\"section\">\n\t\t\t\t\t\t<div class=\"elementor-container elementor-column-gap-default\">\n\t\t\t\t\t<div class=\"elementor-column elementor-col-100 elementor-top-column elementor-element elementor-element-f669c76 pbmit-bg-color-over-image\" data-id=\"f669c76\" data-element_type=\"column\">\n\t\t\t<div class=\"elementor-widget-wrap elementor-element-populated\">\n\t\t\t\t\t\t<div class=\"elementor-element elementor-element-aae0336 pbmit-animation-none elementor-widget elementor-widget-image\" data-id=\"aae0336\" data-element_type=\"widget\" data-widget_type=\"image.default\">\n\t\t\t\t<div class=\"elementor-widget-container\">\n\t\t\t\t\t\t\t\t\t\t\t\t\t\t\t<img fetchpriority=\"high\" decoding=\"async\" width=\"2560\" height=\"1438\" src=\"https:\/\/www.veyrondesign.com\/wp-content\/uploads\/2025\/01\/pexels-steffen-coonan-1005786-2098624-scaled.jpg\" class=\"attachment-full size-full wp-image-12210\" alt=\"Home Renovation Design in Morocco\" srcset=\"https:\/\/www.veyrondesign.com\/wp-content\/uploads\/2025\/01\/pexels-steffen-coonan-1005786-2098624-scaled.jpg 2560w, https:\/\/www.veyrondesign.com\/wp-content\/uploads\/2025\/01\/pexels-steffen-coonan-1005786-2098624-300x168.jpg 300w, https:\/\/www.veyrondesign.com\/wp-content\/uploads\/2025\/01\/pexels-steffen-coonan-1005786-2098624-1024x575.jpg 1024w, https:\/\/www.veyrondesign.com\/wp-content\/uploads\/2025\/01\/pexels-steffen-coonan-1005786-2098624-768x431.jpg 768w, https:\/\/www.veyrondesign.com\/wp-content\/uploads\/2025\/01\/pexels-steffen-coonan-1005786-2098624-1536x863.jpg 1536w, https:\/\/www.veyrondesign.com\/wp-content\/uploads\/2025\/01\/pexels-steffen-coonan-1005786-2098624-2048x1150.jpg 2048w, https:\/\/www.veyrondesign.com\/wp-content\/uploads\/2025\/01\/pexels-steffen-coonan-1005786-2098624-18x10.jpg 18w, https:\/\/www.veyrondesign.com\/wp-content\/uploads\/2025\/01\/pexels-steffen-coonan-1005786-2098624-600x337.jpg 600w\" sizes=\"(max-width: 2560px) 100vw, 2560px\" \/>\t\t\t\t\t\t\t\t\t\t\t\t\t\t\t<\/div>\n\t\t\t\t<\/div>\n\t\t\t\t\t<\/div>\n\t\t<\/div>\n\t\t\t\t\t<\/div>\n\t\t<\/section>\n\t\t\t\t<section class=\"elementor-section elementor-top-section elementor-element elementor-element-4bde05b pbmit-col-stretched-none pbmit-bg-color-over-image elementor-section-boxed elementor-section-height-default elementor-section-height-default\" data-id=\"4bde05b\" data-element_type=\"section\">\n\t\t\t\t\t\t<div class=\"elementor-container elementor-column-gap-default\">\n\t\t\t\t\t<div class=\"elementor-column elementor-col-100 elementor-top-column elementor-element elementor-element-68b4fd4 pbmit-bg-color-over-image\" data-id=\"68b4fd4\" data-element_type=\"column\">\n\t\t\t<div class=\"elementor-widget-wrap elementor-element-populated\">\n\t\t\t\t\t\t<div class=\"elementor-element elementor-element-a7352a7 elementor-widget elementor-widget-heading\" data-id=\"a7352a7\" data-element_type=\"widget\" data-widget_type=\"heading.default\">\n\t\t\t\t<div class=\"elementor-widget-container\">\n\t\t\t\t\t<h2 class=\"elementor-heading-title elementor-size-default\">Home Renovation Design in Morocco<\/h2>\t\t\t\t<\/div>\n\t\t\t\t<\/div>\n\t\t\t\t\t<\/div>\n\t\t<\/div>\n\t\t\t\t\t<\/div>\n\t\t<\/section>\n\t\t\t\t<section class=\"elementor-section elementor-top-section elementor-element elementor-element-e13ddaf pbmit-col-stretched-none pbmit-bg-color-over-image elementor-section-boxed elementor-section-height-default elementor-section-height-default\" data-id=\"e13ddaf\" data-element_type=\"section\">\n\t\t\t\t\t\t<div class=\"elementor-container elementor-column-gap-default\">\n\t\t\t\t\t<div class=\"elementor-column elementor-col-100 elementor-top-column elementor-element elementor-element-dd24f73 pbmit-bg-color-over-image\" data-id=\"dd24f73\" data-element_type=\"column\">\n\t\t\t<div class=\"elementor-widget-wrap elementor-element-populated\">\n\t\t\t\t\t\t<div class=\"elementor-element elementor-element-3bf4a81 elementor-widget elementor-widget-text-editor\" data-id=\"3bf4a81\" data-element_type=\"widget\" data-widget_type=\"text-editor.default\">\n\t\t\t\t<div class=\"elementor-widget-container\">\n\t\t\t\t\t\t\t\t\t<p><span style=\"font-weight: 400;\">Revitalize your living space with <\/span>home renovation design in Morocco<span style=\"font-weight: 400;\"> by Veryon Design. Whether you\u2019re updating a single room or undertaking a full home renovation, we offer tailored designs that blend modern elegance with Moroccan charm.<\/span><\/p><p><b>Why Choose Home Renovation Design with Veryon Design?<\/b><\/p><ul><li style=\"font-weight: 400;\" aria-level=\"1\"><b>Personalized Designs:<\/b><span style=\"font-weight: 400;\"> We work closely with you to create a design that meets your needs and style.<\/span><\/li><li style=\"font-weight: 400;\" aria-level=\"1\"><b>Moroccan Touches:<\/b><span style=\"font-weight: 400;\"> Incorporate traditional Moroccan elements like zellige tiles, intricate woodwork, and vibrant textiles.<\/span><\/li><li style=\"font-weight: 400;\" aria-level=\"1\"><b>Comprehensive Service:<\/b><span style=\"font-weight: 400;\"> From concept to completion, we manage every detail of your renovation project.<\/span><\/li><\/ul><p><span style=\"font-weight: 400;\">Transform your home with a design that blends functionality and beauty. Visit our<\/span><a href=\"https:\/\/www.veyrondesign.com\/en\/\"> <span style=\"font-weight: 400;\">Homepage<\/span><\/a><span style=\"font-weight: 400;\"> or<\/span><a href=\"https:\/\/www.veyrondesign.com\/en\/contactez-nous\/\"> <span style=\"font-weight: 400;\">Contact Us<\/span><\/a><span style=\"font-weight: 400;\"> to start your home renovation design project in Morocco.<\/span><\/p>\t\t\t\t\t\t\t\t<\/div>\n\t\t\t\t<\/div>\n\t\t\t\t\t<\/div>\n\t\t<\/div>\n\t\t\t\t\t<\/div>\n\t\t<\/section>\n\t\t\t\t<\/div>","protected":false},"excerpt":{"rendered":"<p>Home Renovation Design in Morocco Revitalize your living space with home renovation design in Morocco by Veryon Design. Whether you\u2019re updating a single room or undertaking a full home renovation, we offer tailored designs that blend modern elegance with Moroccan charm. Why Choose Home Renovation Design with Veryon Design? Personalized Designs: We work closely with [&hellip;]<\/p>","protected":false},"author":1,"featured_media":0,"parent":0,"menu_order":0,"comment_status":"closed","ping_status":"closed","template":"elementor_canvas","meta":{"_acf_changed":false,"inline_featured_image":false,"_joinchat":[],"footnotes":""},"class_list":["post-12207","page","type-page","status-publish","hentry"],"acf":[],"yoast_head":"<!-- This site is optimized with the Yoast SEO plugin v25.1 - https:\/\/yoast.com\/wordpress\/plugins\/seo\/ -->\n<title>Home Renovation Design in Morocco | Veyron Design<\/title>\n<meta name=\"description\" content=\"Transform your space with personalized home renovation design by Veyron Design, blending modern elegance with Moroccan charm for a unique look.\" \/>\n<meta name=\"robots\" content=\"index, follow, max-snippet:-1, max-image-preview:large, max-video-preview:-1\" \/>\n<link rel=\"canonical\" href=\"https:\/\/www.veyrondesign.com\/en\/home-renovation-design-in-morocco\/\" \/>\n<meta property=\"og:locale\" content=\"en_US\" \/>\n<meta property=\"og:type\" content=\"article\" \/>\n<meta property=\"og:title\" content=\"Home Renovation Design in Morocco | Veyron Design\" \/>\n<meta property=\"og:description\" content=\"Transform your space with personalized home renovation design by Veyron Design, blending modern elegance with Moroccan charm for a unique look.\" \/>\n<meta property=\"og:url\" content=\"https:\/\/www.veyrondesign.com\/en\/home-renovation-design-in-morocco\/\" \/>\n<meta property=\"og:site_name\" content=\"VeyronDesign\" \/>\n<meta property=\"article:modified_time\" content=\"2025-01-08T21:41:22+00:00\" \/>\n<meta property=\"og:image\" content=\"https:\/\/www.veyrondesign.com\/wp-content\/uploads\/2025\/01\/pexels-steffen-coonan-1005786-2098624-scaled.jpg\" \/>\n<meta name=\"twitter:card\" content=\"summary_large_image\" \/>\n<meta name=\"twitter:label1\" content=\"Est. reading time\" \/>\n\t<meta name=\"twitter:data1\" content=\"1 minute\" \/>\n<script type=\"application\/ld+json\" class=\"yoast-schema-graph\">{\"@context\":\"https:\/\/schema.org\",\"@graph\":[{\"@type\":\"WebPage\",\"@id\":\"https:\/\/www.veyrondesign.com\/home-renovation-design-in-morocco\/\",\"url\":\"https:\/\/www.veyrondesign.com\/home-renovation-design-in-morocco\/\",\"name\":\"Home Renovation Design in Morocco | Veyron Design\",\"isPartOf\":{\"@id\":\"https:\/\/www.veyrondesign.com\/#website\"},\"primaryImageOfPage\":{\"@id\":\"https:\/\/www.veyrondesign.com\/home-renovation-design-in-morocco\/#primaryimage\"},\"image\":{\"@id\":\"https:\/\/www.veyrondesign.com\/home-renovation-design-in-morocco\/#primaryimage\"},\"thumbnailUrl\":\"https:\/\/www.veyrondesign.com\/wp-content\/uploads\/2025\/01\/pexels-steffen-coonan-1005786-2098624-scaled.jpg\",\"datePublished\":\"2025-01-08T21:38:35+00:00\",\"dateModified\":\"2025-01-08T21:41:22+00:00\",\"description\":\"Transform your space with personalized home renovation design by Veyron Design, blending modern elegance with Moroccan charm for a unique look.\",\"breadcrumb\":{\"@id\":\"https:\/\/www.veyrondesign.com\/home-renovation-design-in-morocco\/#breadcrumb\"},\"inLanguage\":\"en-US\",\"potentialAction\":[{\"@type\":\"ReadAction\",\"target\":[\"https:\/\/www.veyrondesign.com\/home-renovation-design-in-morocco\/\"]}]},{\"@type\":\"ImageObject\",\"inLanguage\":\"en-US\",\"@id\":\"https:\/\/www.veyrondesign.com\/home-renovation-design-in-morocco\/#primaryimage\",\"url\":\"https:\/\/www.veyrondesign.com\/wp-content\/uploads\/2025\/01\/pexels-steffen-coonan-1005786-2098624-scaled.jpg\",\"contentUrl\":\"https:\/\/www.veyrondesign.com\/wp-content\/uploads\/2025\/01\/pexels-steffen-coonan-1005786-2098624-scaled.jpg\"},{\"@type\":\"BreadcrumbList\",\"@id\":\"https:\/\/www.veyrondesign.com\/home-renovation-design-in-morocco\/#breadcrumb\",\"itemListElement\":[{\"@type\":\"ListItem\",\"position\":1,\"name\":\"Accueil\",\"item\":\"https:\/\/www.veyrondesign.com\/\"},{\"@type\":\"ListItem\",\"position\":2,\"name\":\"Home Renovation Design in Morocco\"}]},{\"@type\":\"WebSite\",\"@id\":\"https:\/\/www.veyrondesign.com\/#website\",\"url\":\"https:\/\/www.veyrondesign.com\/\",\"name\":\"Veyron Design\",\"description\":\"Interior Design in Morocco - Commercial - Hospitality &amp; Residential\",\"publisher\":{\"@id\":\"https:\/\/www.veyrondesign.com\/#organization\"},\"potentialAction\":[{\"@type\":\"SearchAction\",\"target\":{\"@type\":\"EntryPoint\",\"urlTemplate\":\"https:\/\/www.veyrondesign.com\/?s={search_term_string}\"},\"query-input\":{\"@type\":\"PropertyValueSpecification\",\"valueRequired\":true,\"valueName\":\"search_term_string\"}}],\"inLanguage\":\"en-US\"},{\"@type\":\"Organization\",\"@id\":\"https:\/\/www.veyrondesign.com\/#organization\",\"name\":\"Design d'int\u00e9rieur au Maroc - Commercial - Hospitalit\u00e9 & R\u00e9sidentiel\",\"url\":\"https:\/\/www.veyrondesign.com\/\",\"logo\":{\"@type\":\"ImageObject\",\"inLanguage\":\"en-US\",\"@id\":\"https:\/\/www.veyrondesign.com\/#\/schema\/logo\/image\/\",\"url\":\"https:\/\/www.veyrondesign.com\/wp-content\/uploads\/2018\/09\/V.png\",\"contentUrl\":\"https:\/\/www.veyrondesign.com\/wp-content\/uploads\/2018\/09\/V.png\",\"width\":224,\"height\":307,\"caption\":\"Design d'int\u00e9rieur au Maroc - Commercial - Hospitalit\u00e9 & R\u00e9sidentiel\"},\"image\":{\"@id\":\"https:\/\/www.veyrondesign.com\/#\/schema\/logo\/image\/\"},\"sameAs\":[\"https:\/\/www.instagram.com\/veyrondesign\/\"]}]}<\/script>\n<!-- \/ Yoast SEO plugin. -->","yoast_head_json":{"title":"Home Renovation Design in Morocco | Veyron Design","description":"Transform your space with personalized home renovation design by Veyron Design, blending modern elegance with Moroccan charm for a unique look.","robots":{"index":"index","follow":"follow","max-snippet":"max-snippet:-1","max-image-preview":"max-image-preview:large","max-video-preview":"max-video-preview:-1"},"canonical":"https:\/\/www.veyrondesign.com\/en\/home-renovation-design-in-morocco\/","og_locale":"en_US","og_type":"article","og_title":"Home Renovation Design in Morocco | Veyron Design","og_description":"Transform your space with personalized home renovation design by Veyron Design, blending modern elegance with Moroccan charm for a unique look.","og_url":"https:\/\/www.veyrondesign.com\/en\/home-renovation-design-in-morocco\/","og_site_name":"VeyronDesign","article_modified_time":"2025-01-08T21:41:22+00:00","og_image":[{"url":"https:\/\/www.veyrondesign.com\/wp-content\/uploads\/2025\/01\/pexels-steffen-coonan-1005786-2098624-scaled.jpg","type":"","width":"","height":""}],"twitter_card":"summary_large_image","twitter_misc":{"Est. reading time":"1 minute"},"schema":{"@context":"https:\/\/schema.org","@graph":[{"@type":"WebPage","@id":"https:\/\/www.veyrondesign.com\/home-renovation-design-in-morocco\/","url":"https:\/\/www.veyrondesign.com\/home-renovation-design-in-morocco\/","name":"Home Renovation Design in Morocco | Veyron Design","isPartOf":{"@id":"https:\/\/www.veyrondesign.com\/#website"},"primaryImageOfPage":{"@id":"https:\/\/www.veyrondesign.com\/home-renovation-design-in-morocco\/#primaryimage"},"image":{"@id":"https:\/\/www.veyrondesign.com\/home-renovation-design-in-morocco\/#primaryimage"},"thumbnailUrl":"https:\/\/www.veyrondesign.com\/wp-content\/uploads\/2025\/01\/pexels-steffen-coonan-1005786-2098624-scaled.jpg","datePublished":"2025-01-08T21:38:35+00:00","dateModified":"2025-01-08T21:41:22+00:00","description":"Transform your space with personalized home renovation design by Veyron Design, blending modern elegance with Moroccan charm for a unique look.","breadcrumb":{"@id":"https:\/\/www.veyrondesign.com\/home-renovation-design-in-morocco\/#breadcrumb"},"inLanguage":"en-US","potentialAction":[{"@type":"ReadAction","target":["https:\/\/www.veyrondesign.com\/home-renovation-design-in-morocco\/"]}]},{"@type":"ImageObject","inLanguage":"en-US","@id":"https:\/\/www.veyrondesign.com\/home-renovation-design-in-morocco\/#primaryimage","url":"https:\/\/www.veyrondesign.com\/wp-content\/uploads\/2025\/01\/pexels-steffen-coonan-1005786-2098624-scaled.jpg","contentUrl":"https:\/\/www.veyrondesign.com\/wp-content\/uploads\/2025\/01\/pexels-steffen-coonan-1005786-2098624-scaled.jpg"},{"@type":"BreadcrumbList","@id":"https:\/\/www.veyrondesign.com\/home-renovation-design-in-morocco\/#breadcrumb","itemListElement":[{"@type":"ListItem","position":1,"name":"Accueil","item":"https:\/\/www.veyrondesign.com\/"},{"@type":"ListItem","position":2,"name":"Home Renovation Design in Morocco"}]},{"@type":"WebSite","@id":"https:\/\/www.veyrondesign.com\/#website","url":"https:\/\/www.veyrondesign.com\/","name":"Veyron Design","description":"Interior Design in Morocco - Commercial - Hospitality &amp; Residential","publisher":{"@id":"https:\/\/www.veyrondesign.com\/#organization"},"potentialAction":[{"@type":"SearchAction","target":{"@type":"EntryPoint","urlTemplate":"https:\/\/www.veyrondesign.com\/?s={search_term_string}"},"query-input":{"@type":"PropertyValueSpecification","valueRequired":true,"valueName":"search_term_string"}}],"inLanguage":"en-US"},{"@type":"Organization","@id":"https:\/\/www.veyrondesign.com\/#organization","name":"Design d'int\u00e9rieur au Maroc - Commercial - Hospitalit\u00e9 & R\u00e9sidentiel","url":"https:\/\/www.veyrondesign.com\/","logo":{"@type":"ImageObject","inLanguage":"en-US","@id":"https:\/\/www.veyrondesign.com\/#\/schema\/logo\/image\/","url":"https:\/\/www.veyrondesign.com\/wp-content\/uploads\/2018\/09\/V.png","contentUrl":"https:\/\/www.veyrondesign.com\/wp-content\/uploads\/2018\/09\/V.png","width":224,"height":307,"caption":"Design d'int\u00e9rieur au Maroc - Commercial - Hospitalit\u00e9 & R\u00e9sidentiel"},"image":{"@id":"https:\/\/www.veyrondesign.com\/#\/schema\/logo\/image\/"},"sameAs":["https:\/\/www.instagram.com\/veyrondesign\/"]}]}},"_links":{"self":[{"href":"https:\/\/www.veyrondesign.com\/en\/wp-json\/wp\/v2\/pages\/12207","targetHints":{"allow":["GET"]}}],"collection":[{"href":"https:\/\/www.veyrondesign.com\/en\/wp-json\/wp\/v2\/pages"}],"about":[{"href":"https:\/\/www.veyrondesign.com\/en\/wp-json\/wp\/v2\/types\/page"}],"author":[{"embeddable":true,"href":"https:\/\/www.veyrondesign.com\/en\/wp-json\/wp\/v2\/users\/1"}],"replies":[{"embeddable":true,"href":"https:\/\/www.veyrondesign.com\/en\/wp-json\/wp\/v2\/comments?post=12207"}],"version-history":[{"count":4,"href":"https:\/\/www.veyrondesign.com\/en\/wp-json\/wp\/v2\/pages\/12207\/revisions"}],"predecessor-version":[{"id":12213,"href":"https:\/\/www.veyrondesign.com\/en\/wp-json\/wp\/v2\/pages\/12207\/revisions\/12213"}],"wp:attachment":[{"href":"https:\/\/www.veyrondesign.com\/en\/wp-json\/wp\/v2\/media?parent=12207"}],"curies":[{"name":"wp","href":"https:\/\/api.w.org\/{rel}","templated":true}]}}