{"id":12179,"date":"2025-01-08T21:23:36","date_gmt":"2025-01-08T21:23:36","guid":{"rendered":"https:\/\/www.veyrondesign.com\/?page_id=12179"},"modified":"2025-01-08T21:26:07","modified_gmt":"2025-01-08T21:26:07","slug":"luxury-home-interior-design-in-morocco","status":"publish","type":"page","link":"https:\/\/www.veyrondesign.com\/en\/luxury-home-interior-design-in-morocco\/","title":{"rendered":"Luxury Home Interior Design in Morocco"},"content":{"rendered":"<div data-elementor-type=\"wp-page\" data-elementor-id=\"12179\" class=\"elementor elementor-12179\">\n\t\t\t\t\t\t<section class=\"elementor-section elementor-top-section elementor-element elementor-element-1ca95b9 pbmit-col-stretched-none pbmit-bg-color-over-image elementor-section-boxed elementor-section-height-default elementor-section-height-default\" data-id=\"1ca95b9\" data-element_type=\"section\">\n\t\t\t\t\t\t<div class=\"elementor-container elementor-column-gap-default\">\n\t\t\t\t\t<div class=\"elementor-column elementor-col-100 elementor-top-column elementor-element elementor-element-c0201aa pbmit-bg-color-over-image\" data-id=\"c0201aa\" data-element_type=\"column\">\n\t\t\t<div class=\"elementor-widget-wrap elementor-element-populated\">\n\t\t\t\t\t\t<div class=\"elementor-element elementor-element-65c5cca pbmit-animation-none elementor-widget elementor-widget-image\" data-id=\"65c5cca\" data-element_type=\"widget\" data-widget_type=\"image.default\">\n\t\t\t\t<div class=\"elementor-widget-container\">\n\t\t\t\t\t\t\t\t\t\t\t\t\t\t\t<img fetchpriority=\"high\" decoding=\"async\" width=\"2057\" height=\"2560\" src=\"https:\/\/www.veyrondesign.com\/wp-content\/uploads\/2025\/01\/Home-Interior-Design-scaled.jpg\" class=\"attachment-full size-full wp-image-12182\" alt=\"Home Interior Design\" srcset=\"https:\/\/www.veyrondesign.com\/wp-content\/uploads\/2025\/01\/Home-Interior-Design-scaled.jpg 2057w, https:\/\/www.veyrondesign.com\/wp-content\/uploads\/2025\/01\/Home-Interior-Design-241x300.jpg 241w, https:\/\/www.veyrondesign.com\/wp-content\/uploads\/2025\/01\/Home-Interior-Design-823x1024.jpg 823w, https:\/\/www.veyrondesign.com\/wp-content\/uploads\/2025\/01\/Home-Interior-Design-768x956.jpg 768w, https:\/\/www.veyrondesign.com\/wp-content\/uploads\/2025\/01\/Home-Interior-Design-1234x1536.jpg 1234w, https:\/\/www.veyrondesign.com\/wp-content\/uploads\/2025\/01\/Home-Interior-Design-1646x2048.jpg 1646w, https:\/\/www.veyrondesign.com\/wp-content\/uploads\/2025\/01\/Home-Interior-Design-10x12.jpg 10w, https:\/\/www.veyrondesign.com\/wp-content\/uploads\/2025\/01\/Home-Interior-Design-600x747.jpg 600w\" sizes=\"(max-width: 2057px) 100vw, 2057px\" \/>\t\t\t\t\t\t\t\t\t\t\t\t\t\t\t<\/div>\n\t\t\t\t<\/div>\n\t\t\t\t\t<\/div>\n\t\t<\/div>\n\t\t\t\t\t<\/div>\n\t\t<\/section>\n\t\t\t\t<section class=\"elementor-section elementor-top-section elementor-element elementor-element-9fc10e3 pbmit-col-stretched-none pbmit-bg-color-over-image elementor-section-boxed elementor-section-height-default elementor-section-height-default\" data-id=\"9fc10e3\" data-element_type=\"section\">\n\t\t\t\t\t\t<div class=\"elementor-container elementor-column-gap-default\">\n\t\t\t\t\t<div class=\"elementor-column elementor-col-100 elementor-top-column elementor-element elementor-element-99d4279 pbmit-bg-color-over-image\" data-id=\"99d4279\" data-element_type=\"column\">\n\t\t\t<div class=\"elementor-widget-wrap elementor-element-populated\">\n\t\t\t\t\t\t<div class=\"elementor-element elementor-element-1df9b79 elementor-widget elementor-widget-heading\" data-id=\"1df9b79\" data-element_type=\"widget\" data-widget_type=\"heading.default\">\n\t\t\t\t<div class=\"elementor-widget-container\">\n\t\t\t\t\t<h2 class=\"elementor-heading-title elementor-size-default\">Luxury Home Interior Design in Morocco<\/h2>\t\t\t\t<\/div>\n\t\t\t\t<\/div>\n\t\t\t\t\t<\/div>\n\t\t<\/div>\n\t\t\t\t\t<\/div>\n\t\t<\/section>\n\t\t\t\t<section class=\"elementor-section elementor-top-section elementor-element elementor-element-c35b71d pbmit-col-stretched-none pbmit-bg-color-over-image elementor-section-boxed elementor-section-height-default elementor-section-height-default\" data-id=\"c35b71d\" data-element_type=\"section\">\n\t\t\t\t\t\t<div class=\"elementor-container elementor-column-gap-default\">\n\t\t\t\t\t<div class=\"elementor-column elementor-col-100 elementor-top-column elementor-element elementor-element-c10b5a3 pbmit-bg-color-over-image\" data-id=\"c10b5a3\" data-element_type=\"column\">\n\t\t\t<div class=\"elementor-widget-wrap elementor-element-populated\">\n\t\t\t\t\t\t<div class=\"elementor-element elementor-element-1816b9f elementor-widget elementor-widget-text-editor\" data-id=\"1816b9f\" data-element_type=\"widget\" data-widget_type=\"text-editor.default\">\n\t\t\t\t<div class=\"elementor-widget-container\">\n\t\t\t\t\t\t\t\t\t<p><span style=\"font-weight: 400;\">Elevate your living space with <\/span>luxury home interior design in Morocco<span style=\"font-weight: 400;\"> by Veryon Design. We specialize in creating opulent, bespoke interiors that blend Moroccan heritage with modern elegance, tailored to your unique taste and lifestyle.<\/span><\/p><p><b>Why Choose Luxury Home Interior Design with Veryon Design?<\/b><\/p><ul><li style=\"font-weight: 400;\" aria-level=\"1\"><b>Bespoke Creations:<\/b><span style=\"font-weight: 400;\"> Custom designs that reflect your personality and elevate your living experience.<\/span><\/li><li style=\"font-weight: 400;\" aria-level=\"1\"><b>Premium Materials:<\/b><span style=\"font-weight: 400;\"> We use only the finest materials to ensure timeless elegance and lasting quality.<\/span><\/li><li style=\"font-weight: 400;\" aria-level=\"1\"><b>Moroccan Elegance:<\/b><span style=\"font-weight: 400;\"> Incorporate traditional Moroccan elements like zellige tiles, handcrafted wood, and vibrant textiles for a unique touch.<\/span><\/li><\/ul><p><span style=\"font-weight: 400;\">Transform your home into a luxurious sanctuary. Visit our<\/span><a href=\"https:\/\/www.veyrondesign.com\/en\/\"> <span style=\"font-weight: 400;\">Homepage<\/span><\/a><span style=\"font-weight: 400;\"> or<\/span><a href=\"https:\/\/www.veyrondesign.com\/en\/contactez-nous\/\"> <span style=\"font-weight: 400;\">Contact Us<\/span><\/a><span style=\"font-weight: 400;\"> to begin your luxury home interior design journey in Morocco.<\/span><\/p>\t\t\t\t\t\t\t\t<\/div>\n\t\t\t\t<\/div>\n\t\t\t\t\t<\/div>\n\t\t<\/div>\n\t\t\t\t\t<\/div>\n\t\t<\/section>\n\t\t\t\t<\/div>","protected":false},"excerpt":{"rendered":"<p>Luxury Home Interior Design in Morocco Elevate your living space with luxury home interior design in Morocco by Veryon Design. We specialize in creating opulent, bespoke interiors that blend Moroccan heritage with modern elegance, tailored to your unique taste and lifestyle. Why Choose Luxury Home Interior Design with Veryon Design? Bespoke Creations: Custom designs that [&hellip;]<\/p>","protected":false},"author":1,"featured_media":0,"parent":0,"menu_order":0,"comment_status":"closed","ping_status":"closed","template":"elementor_canvas","meta":{"_acf_changed":false,"inline_featured_image":false,"_joinchat":[],"footnotes":""},"class_list":["post-12179","page","type-page","status-publish","hentry"],"acf":[],"yoast_head":"<!-- This site is optimized with the Yoast SEO plugin v25.1 - https:\/\/yoast.com\/wordpress\/plugins\/seo\/ -->\n<title>Luxury Home Interior Design in Morocco | Veyron Design<\/title>\n<meta name=\"description\" content=\"Transform your home with Veyron Design&#039;s luxury interior design, blending Moroccan heritage with modern elegance for a bespoke, opulent living space.\" \/>\n<meta name=\"robots\" content=\"index, follow, max-snippet:-1, max-image-preview:large, max-video-preview:-1\" \/>\n<link rel=\"canonical\" href=\"https:\/\/www.veyrondesign.com\/en\/luxury-home-interior-design-in-morocco\/\" \/>\n<meta property=\"og:locale\" content=\"en_US\" \/>\n<meta property=\"og:type\" content=\"article\" \/>\n<meta property=\"og:title\" content=\"Luxury Home Interior Design in Morocco | Veyron Design\" \/>\n<meta property=\"og:description\" content=\"Transform your home with Veyron Design&#039;s luxury interior design, blending Moroccan heritage with modern elegance for a bespoke, opulent living space.\" \/>\n<meta property=\"og:url\" content=\"https:\/\/www.veyrondesign.com\/en\/luxury-home-interior-design-in-morocco\/\" \/>\n<meta property=\"og:site_name\" content=\"VeyronDesign\" \/>\n<meta property=\"article:modified_time\" content=\"2025-01-08T21:26:07+00:00\" \/>\n<meta property=\"og:image\" content=\"https:\/\/www.veyrondesign.com\/wp-content\/uploads\/2025\/01\/Home-Interior-Design-scaled.jpg\" \/>\n\t<meta property=\"og:image:width\" content=\"2057\" \/>\n\t<meta property=\"og:image:height\" content=\"2560\" \/>\n\t<meta property=\"og:image:type\" content=\"image\/jpeg\" \/>\n<meta name=\"twitter:card\" content=\"summary_large_image\" \/>\n<meta name=\"twitter:label1\" content=\"Est. reading time\" \/>\n\t<meta name=\"twitter:data1\" content=\"1 minute\" \/>\n<script type=\"application\/ld+json\" class=\"yoast-schema-graph\">{\"@context\":\"https:\/\/schema.org\",\"@graph\":[{\"@type\":\"WebPage\",\"@id\":\"https:\/\/www.veyrondesign.com\/luxury-home-interior-design-in-morocco\/\",\"url\":\"https:\/\/www.veyrondesign.com\/luxury-home-interior-design-in-morocco\/\",\"name\":\"Luxury Home Interior Design in Morocco | Veyron Design\",\"isPartOf\":{\"@id\":\"https:\/\/www.veyrondesign.com\/#website\"},\"primaryImageOfPage\":{\"@id\":\"https:\/\/www.veyrondesign.com\/luxury-home-interior-design-in-morocco\/#primaryimage\"},\"image\":{\"@id\":\"https:\/\/www.veyrondesign.com\/luxury-home-interior-design-in-morocco\/#primaryimage\"},\"thumbnailUrl\":\"https:\/\/www.veyrondesign.com\/wp-content\/uploads\/2025\/01\/Home-Interior-Design-scaled.jpg\",\"datePublished\":\"2025-01-08T21:23:36+00:00\",\"dateModified\":\"2025-01-08T21:26:07+00:00\",\"description\":\"Transform your home with Veyron Design's luxury interior design, blending Moroccan heritage with modern elegance for a bespoke, opulent living space.\",\"breadcrumb\":{\"@id\":\"https:\/\/www.veyrondesign.com\/luxury-home-interior-design-in-morocco\/#breadcrumb\"},\"inLanguage\":\"en-US\",\"potentialAction\":[{\"@type\":\"ReadAction\",\"target\":[\"https:\/\/www.veyrondesign.com\/luxury-home-interior-design-in-morocco\/\"]}]},{\"@type\":\"ImageObject\",\"inLanguage\":\"en-US\",\"@id\":\"https:\/\/www.veyrondesign.com\/luxury-home-interior-design-in-morocco\/#primaryimage\",\"url\":\"https:\/\/www.veyrondesign.com\/wp-content\/uploads\/2025\/01\/Home-Interior-Design-scaled.jpg\",\"contentUrl\":\"https:\/\/www.veyrondesign.com\/wp-content\/uploads\/2025\/01\/Home-Interior-Design-scaled.jpg\"},{\"@type\":\"BreadcrumbList\",\"@id\":\"https:\/\/www.veyrondesign.com\/luxury-home-interior-design-in-morocco\/#breadcrumb\",\"itemListElement\":[{\"@type\":\"ListItem\",\"position\":1,\"name\":\"Accueil\",\"item\":\"https:\/\/www.veyrondesign.com\/\"},{\"@type\":\"ListItem\",\"position\":2,\"name\":\"Luxury Home Interior Design in Morocco\"}]},{\"@type\":\"WebSite\",\"@id\":\"https:\/\/www.veyrondesign.com\/#website\",\"url\":\"https:\/\/www.veyrondesign.com\/\",\"name\":\"Veyron Design\",\"description\":\"Interior Design in Morocco - Commercial - Hospitality &amp; Residential\",\"publisher\":{\"@id\":\"https:\/\/www.veyrondesign.com\/#organization\"},\"potentialAction\":[{\"@type\":\"SearchAction\",\"target\":{\"@type\":\"EntryPoint\",\"urlTemplate\":\"https:\/\/www.veyrondesign.com\/?s={search_term_string}\"},\"query-input\":{\"@type\":\"PropertyValueSpecification\",\"valueRequired\":true,\"valueName\":\"search_term_string\"}}],\"inLanguage\":\"en-US\"},{\"@type\":\"Organization\",\"@id\":\"https:\/\/www.veyrondesign.com\/#organization\",\"name\":\"Design d'int\u00e9rieur au Maroc - Commercial - Hospitalit\u00e9 & R\u00e9sidentiel\",\"url\":\"https:\/\/www.veyrondesign.com\/\",\"logo\":{\"@type\":\"ImageObject\",\"inLanguage\":\"en-US\",\"@id\":\"https:\/\/www.veyrondesign.com\/#\/schema\/logo\/image\/\",\"url\":\"https:\/\/www.veyrondesign.com\/wp-content\/uploads\/2018\/09\/V.png\",\"contentUrl\":\"https:\/\/www.veyrondesign.com\/wp-content\/uploads\/2018\/09\/V.png\",\"width\":224,\"height\":307,\"caption\":\"Design d'int\u00e9rieur au Maroc - Commercial - Hospitalit\u00e9 & R\u00e9sidentiel\"},\"image\":{\"@id\":\"https:\/\/www.veyrondesign.com\/#\/schema\/logo\/image\/\"},\"sameAs\":[\"https:\/\/www.instagram.com\/veyrondesign\/\"]}]}<\/script>\n<!-- \/ Yoast SEO plugin. -->","yoast_head_json":{"title":"Luxury Home Interior Design in Morocco | Veyron Design","description":"Transform your home with Veyron Design's luxury interior design, blending Moroccan heritage with modern elegance for a bespoke, opulent living space.","robots":{"index":"index","follow":"follow","max-snippet":"max-snippet:-1","max-image-preview":"max-image-preview:large","max-video-preview":"max-video-preview:-1"},"canonical":"https:\/\/www.veyrondesign.com\/en\/luxury-home-interior-design-in-morocco\/","og_locale":"en_US","og_type":"article","og_title":"Luxury Home Interior Design in Morocco | Veyron Design","og_description":"Transform your home with Veyron Design's luxury interior design, blending Moroccan heritage with modern elegance for a bespoke, opulent living space.","og_url":"https:\/\/www.veyrondesign.com\/en\/luxury-home-interior-design-in-morocco\/","og_site_name":"VeyronDesign","article_modified_time":"2025-01-08T21:26:07+00:00","og_image":[{"width":2057,"height":2560,"url":"https:\/\/www.veyrondesign.com\/wp-content\/uploads\/2025\/01\/Home-Interior-Design-scaled.jpg","type":"image\/jpeg"}],"twitter_card":"summary_large_image","twitter_misc":{"Est. reading time":"1 minute"},"schema":{"@context":"https:\/\/schema.org","@graph":[{"@type":"WebPage","@id":"https:\/\/www.veyrondesign.com\/luxury-home-interior-design-in-morocco\/","url":"https:\/\/www.veyrondesign.com\/luxury-home-interior-design-in-morocco\/","name":"Luxury Home Interior Design in Morocco | Veyron Design","isPartOf":{"@id":"https:\/\/www.veyrondesign.com\/#website"},"primaryImageOfPage":{"@id":"https:\/\/www.veyrondesign.com\/luxury-home-interior-design-in-morocco\/#primaryimage"},"image":{"@id":"https:\/\/www.veyrondesign.com\/luxury-home-interior-design-in-morocco\/#primaryimage"},"thumbnailUrl":"https:\/\/www.veyrondesign.com\/wp-content\/uploads\/2025\/01\/Home-Interior-Design-scaled.jpg","datePublished":"2025-01-08T21:23:36+00:00","dateModified":"2025-01-08T21:26:07+00:00","description":"Transform your home with Veyron Design's luxury interior design, blending Moroccan heritage with modern elegance for a bespoke, opulent living space.","breadcrumb":{"@id":"https:\/\/www.veyrondesign.com\/luxury-home-interior-design-in-morocco\/#breadcrumb"},"inLanguage":"en-US","potentialAction":[{"@type":"ReadAction","target":["https:\/\/www.veyrondesign.com\/luxury-home-interior-design-in-morocco\/"]}]},{"@type":"ImageObject","inLanguage":"en-US","@id":"https:\/\/www.veyrondesign.com\/luxury-home-interior-design-in-morocco\/#primaryimage","url":"https:\/\/www.veyrondesign.com\/wp-content\/uploads\/2025\/01\/Home-Interior-Design-scaled.jpg","contentUrl":"https:\/\/www.veyrondesign.com\/wp-content\/uploads\/2025\/01\/Home-Interior-Design-scaled.jpg"},{"@type":"BreadcrumbList","@id":"https:\/\/www.veyrondesign.com\/luxury-home-interior-design-in-morocco\/#breadcrumb","itemListElement":[{"@type":"ListItem","position":1,"name":"Accueil","item":"https:\/\/www.veyrondesign.com\/"},{"@type":"ListItem","position":2,"name":"Luxury Home Interior Design in Morocco"}]},{"@type":"WebSite","@id":"https:\/\/www.veyrondesign.com\/#website","url":"https:\/\/www.veyrondesign.com\/","name":"Veyron Design","description":"Interior Design in Morocco - Commercial - Hospitality &amp; Residential","publisher":{"@id":"https:\/\/www.veyrondesign.com\/#organization"},"potentialAction":[{"@type":"SearchAction","target":{"@type":"EntryPoint","urlTemplate":"https:\/\/www.veyrondesign.com\/?s={search_term_string}"},"query-input":{"@type":"PropertyValueSpecification","valueRequired":true,"valueName":"search_term_string"}}],"inLanguage":"en-US"},{"@type":"Organization","@id":"https:\/\/www.veyrondesign.com\/#organization","name":"Design d'int\u00e9rieur au Maroc - Commercial - Hospitalit\u00e9 & R\u00e9sidentiel","url":"https:\/\/www.veyrondesign.com\/","logo":{"@type":"ImageObject","inLanguage":"en-US","@id":"https:\/\/www.veyrondesign.com\/#\/schema\/logo\/image\/","url":"https:\/\/www.veyrondesign.com\/wp-content\/uploads\/2018\/09\/V.png","contentUrl":"https:\/\/www.veyrondesign.com\/wp-content\/uploads\/2018\/09\/V.png","width":224,"height":307,"caption":"Design d'int\u00e9rieur au Maroc - Commercial - Hospitalit\u00e9 & R\u00e9sidentiel"},"image":{"@id":"https:\/\/www.veyrondesign.com\/#\/schema\/logo\/image\/"},"sameAs":["https:\/\/www.instagram.com\/veyrondesign\/"]}]}},"_links":{"self":[{"href":"https:\/\/www.veyrondesign.com\/en\/wp-json\/wp\/v2\/pages\/12179","targetHints":{"allow":["GET"]}}],"collection":[{"href":"https:\/\/www.veyrondesign.com\/en\/wp-json\/wp\/v2\/pages"}],"about":[{"href":"https:\/\/www.veyrondesign.com\/en\/wp-json\/wp\/v2\/types\/page"}],"author":[{"embeddable":true,"href":"https:\/\/www.veyrondesign.com\/en\/wp-json\/wp\/v2\/users\/1"}],"replies":[{"embeddable":true,"href":"https:\/\/www.veyrondesign.com\/en\/wp-json\/wp\/v2\/comments?post=12179"}],"version-history":[{"count":4,"href":"https:\/\/www.veyrondesign.com\/en\/wp-json\/wp\/v2\/pages\/12179\/revisions"}],"predecessor-version":[{"id":12185,"href":"https:\/\/www.veyrondesign.com\/en\/wp-json\/wp\/v2\/pages\/12179\/revisions\/12185"}],"wp:attachment":[{"href":"https:\/\/www.veyrondesign.com\/en\/wp-json\/wp\/v2\/media?parent=12179"}],"curies":[{"name":"wp","href":"https:\/\/api.w.org\/{rel}","templated":true}]}}