{"id":12166,"date":"2025-01-07T22:53:26","date_gmt":"2025-01-07T22:53:26","guid":{"rendered":"https:\/\/www.veyrondesign.com\/?page_id=12166"},"modified":"2025-01-07T22:55:20","modified_gmt":"2025-01-07T22:55:20","slug":"custom-wardrobe-design-in-morocco","status":"publish","type":"page","link":"https:\/\/www.veyrondesign.com\/en\/custom-wardrobe-design-in-morocco\/","title":{"rendered":"Custom Wardrobe Design in Morocco"},"content":{"rendered":"<div data-elementor-type=\"wp-page\" data-elementor-id=\"12166\" class=\"elementor elementor-12166\">\n\t\t\t\t\t\t<section class=\"elementor-section elementor-top-section elementor-element elementor-element-793f3b7 pbmit-col-stretched-none pbmit-bg-color-over-image elementor-section-boxed elementor-section-height-default elementor-section-height-default\" data-id=\"793f3b7\" data-element_type=\"section\">\n\t\t\t\t\t\t<div class=\"elementor-container elementor-column-gap-default\">\n\t\t\t\t\t<div class=\"elementor-column elementor-col-100 elementor-top-column elementor-element elementor-element-9c230c3 pbmit-bg-color-over-image\" data-id=\"9c230c3\" data-element_type=\"column\">\n\t\t\t<div class=\"elementor-widget-wrap elementor-element-populated\">\n\t\t\t\t\t\t<div class=\"elementor-element elementor-element-0743ab9 pbmit-animation-none elementor-widget elementor-widget-image\" data-id=\"0743ab9\" data-element_type=\"widget\" data-widget_type=\"image.default\">\n\t\t\t\t<div class=\"elementor-widget-container\">\n\t\t\t\t\t\t\t\t\t\t\t\t\t\t\t<img fetchpriority=\"high\" decoding=\"async\" width=\"804\" height=\"1024\" src=\"https:\/\/www.veyrondesign.com\/wp-content\/uploads\/2025\/01\/Custom-Wardrobe-Design-in-Morocco-804x1024.jpg\" class=\"attachment-large size-large wp-image-12168\" alt=\"Custom Wardrobe Design in Morocco\" srcset=\"https:\/\/www.veyrondesign.com\/wp-content\/uploads\/2025\/01\/Custom-Wardrobe-Design-in-Morocco-804x1024.jpg 804w, https:\/\/www.veyrondesign.com\/wp-content\/uploads\/2025\/01\/Custom-Wardrobe-Design-in-Morocco-236x300.jpg 236w, https:\/\/www.veyrondesign.com\/wp-content\/uploads\/2025\/01\/Custom-Wardrobe-Design-in-Morocco-768x978.jpg 768w, https:\/\/www.veyrondesign.com\/wp-content\/uploads\/2025\/01\/Custom-Wardrobe-Design-in-Morocco-1206x1536.jpg 1206w, https:\/\/www.veyrondesign.com\/wp-content\/uploads\/2025\/01\/Custom-Wardrobe-Design-in-Morocco-1608x2048.jpg 1608w, https:\/\/www.veyrondesign.com\/wp-content\/uploads\/2025\/01\/Custom-Wardrobe-Design-in-Morocco-9x12.jpg 9w, https:\/\/www.veyrondesign.com\/wp-content\/uploads\/2025\/01\/Custom-Wardrobe-Design-in-Morocco-600x764.jpg 600w, https:\/\/www.veyrondesign.com\/wp-content\/uploads\/2025\/01\/Custom-Wardrobe-Design-in-Morocco-scaled.jpg 2010w\" sizes=\"(max-width: 804px) 100vw, 804px\" \/>\t\t\t\t\t\t\t\t\t\t\t\t\t\t\t<\/div>\n\t\t\t\t<\/div>\n\t\t\t\t\t<\/div>\n\t\t<\/div>\n\t\t\t\t\t<\/div>\n\t\t<\/section>\n\t\t\t\t<section class=\"elementor-section elementor-top-section elementor-element elementor-element-23608b3 pbmit-col-stretched-none pbmit-bg-color-over-image elementor-section-boxed elementor-section-height-default elementor-section-height-default\" data-id=\"23608b3\" data-element_type=\"section\">\n\t\t\t\t\t\t<div class=\"elementor-container elementor-column-gap-default\">\n\t\t\t\t\t<div class=\"elementor-column elementor-col-100 elementor-top-column elementor-element elementor-element-522bef2 pbmit-bg-color-over-image\" data-id=\"522bef2\" data-element_type=\"column\">\n\t\t\t<div class=\"elementor-widget-wrap elementor-element-populated\">\n\t\t\t\t\t\t<div class=\"elementor-element elementor-element-ae9e8ff elementor-widget elementor-widget-heading\" data-id=\"ae9e8ff\" data-element_type=\"widget\" data-widget_type=\"heading.default\">\n\t\t\t\t<div class=\"elementor-widget-container\">\n\t\t\t\t\t<h2 class=\"elementor-heading-title elementor-size-default\">Custom Wardrobe Design in Morocco for Your Unique Space\n<\/h2>\t\t\t\t<\/div>\n\t\t\t\t<\/div>\n\t\t\t\t\t<\/div>\n\t\t<\/div>\n\t\t\t\t\t<\/div>\n\t\t<\/section>\n\t\t\t\t<section class=\"elementor-section elementor-top-section elementor-element elementor-element-c78ce54 pbmit-col-stretched-none pbmit-bg-color-over-image elementor-section-boxed elementor-section-height-default elementor-section-height-default\" data-id=\"c78ce54\" data-element_type=\"section\">\n\t\t\t\t\t\t<div class=\"elementor-container elementor-column-gap-default\">\n\t\t\t\t\t<div class=\"elementor-column elementor-col-100 elementor-top-column elementor-element elementor-element-2379d29 pbmit-bg-color-over-image\" data-id=\"2379d29\" data-element_type=\"column\">\n\t\t\t<div class=\"elementor-widget-wrap elementor-element-populated\">\n\t\t\t\t\t\t<div class=\"elementor-element elementor-element-ef30458 elementor-widget elementor-widget-text-editor\" data-id=\"ef30458\" data-element_type=\"widget\" data-widget_type=\"text-editor.default\">\n\t\t\t\t<div class=\"elementor-widget-container\">\n\t\t\t\t\t\t\t\t\t<p><span style=\"font-weight: 400;\">Maximize your storage with <\/span><b>custom wardrobe design in Morocco<\/b><span style=\"font-weight: 400;\"> by Veryon Design. We create personalized wardrobe solutions that blend functionality with Moroccan elegance, perfectly tailored to your space and style.<\/span><\/p><p><b>Why Choose Custom Wardrobe Design with Veryon Design?<\/b><\/p><ul><li style=\"font-weight: 400;\" aria-level=\"1\"><b>Tailored to You:<\/b><span style=\"font-weight: 400;\"> Custom layouts designed to suit your storage needs and aesthetic preferences.<\/span><\/li><li style=\"font-weight: 400;\" aria-level=\"1\"><b>Premium Materials:<\/b><span style=\"font-weight: 400;\"> High-quality finishes for a stylish, durable wardrobe that stands the test of time.<\/span><\/li><li style=\"font-weight: 400;\" aria-level=\"1\"><b>Moroccan Details:<\/b><span style=\"font-weight: 400;\"> Incorporate unique Moroccan touches like intricate woodwork and vibrant accents.<\/span><\/li><\/ul><p><span style=\"font-weight: 400;\">Transform your bedroom or closet with a bespoke wardrobe that combines style and practicality. Visit our<\/span><a href=\"https:\/\/www.veyrondesign.com\/en\/\"> <span style=\"font-weight: 400;\">Homepage<\/span><\/a><span style=\"font-weight: 400;\"> or<\/span><a href=\"https:\/\/www.veyrondesign.com\/en\/contactez-nous\/\"> <span style=\"font-weight: 400;\">Contact Us<\/span><\/a><span style=\"font-weight: 400;\"> to start your custom wardrobe design project in Morocco.<\/span><\/p>\t\t\t\t\t\t\t\t<\/div>\n\t\t\t\t<\/div>\n\t\t\t\t\t<\/div>\n\t\t<\/div>\n\t\t\t\t\t<\/div>\n\t\t<\/section>\n\t\t\t\t<\/div>","protected":false},"excerpt":{"rendered":"<p>Custom Wardrobe Design in Morocco for Your Unique Space Maximize your storage with custom wardrobe design in Morocco by Veryon Design. We create personalized wardrobe solutions that blend functionality with Moroccan elegance, perfectly tailored to your space and style. Why Choose Custom Wardrobe Design with Veryon Design? Tailored to You: Custom layouts designed to suit [&hellip;]<\/p>","protected":false},"author":1,"featured_media":0,"parent":0,"menu_order":0,"comment_status":"closed","ping_status":"closed","template":"elementor_canvas","meta":{"_acf_changed":false,"inline_featured_image":false,"_joinchat":[],"footnotes":""},"class_list":["post-12166","page","type-page","status-publish","hentry"],"acf":[],"yoast_head":"<!-- This site is optimized with the Yoast SEO plugin v25.1 - https:\/\/yoast.com\/wordpress\/plugins\/seo\/ -->\n<title>Custom Wardrobe Design in Morocco | Veyron Design<\/title>\n<meta name=\"description\" content=\"Maximize storage with Veyron Design&#039;s custom wardrobe solutions, blending functionality and Moroccan elegance for a stylish, personalized space.\" \/>\n<meta name=\"robots\" content=\"index, follow, max-snippet:-1, max-image-preview:large, max-video-preview:-1\" \/>\n<link rel=\"canonical\" href=\"https:\/\/www.veyrondesign.com\/en\/custom-wardrobe-design-in-morocco\/\" \/>\n<meta property=\"og:locale\" content=\"en_US\" \/>\n<meta property=\"og:type\" content=\"article\" \/>\n<meta property=\"og:title\" content=\"Custom Wardrobe Design in Morocco | Veyron Design\" \/>\n<meta property=\"og:description\" content=\"Maximize storage with Veyron Design&#039;s custom wardrobe solutions, blending functionality and Moroccan elegance for a stylish, personalized space.\" \/>\n<meta property=\"og:url\" content=\"https:\/\/www.veyrondesign.com\/en\/custom-wardrobe-design-in-morocco\/\" \/>\n<meta property=\"og:site_name\" content=\"VeyronDesign\" \/>\n<meta property=\"article:modified_time\" content=\"2025-01-07T22:55:20+00:00\" \/>\n<meta property=\"og:image\" content=\"https:\/\/www.veyrondesign.com\/wp-content\/uploads\/2025\/01\/Custom-Wardrobe-Design-in-Morocco-scaled.jpg\" \/>\n\t<meta property=\"og:image:width\" content=\"2010\" \/>\n\t<meta property=\"og:image:height\" content=\"2560\" \/>\n\t<meta property=\"og:image:type\" content=\"image\/jpeg\" \/>\n<meta name=\"twitter:card\" content=\"summary_large_image\" \/>\n<meta name=\"twitter:label1\" content=\"Est. reading time\" \/>\n\t<meta name=\"twitter:data1\" content=\"1 minute\" \/>\n<script type=\"application\/ld+json\" class=\"yoast-schema-graph\">{\"@context\":\"https:\/\/schema.org\",\"@graph\":[{\"@type\":\"WebPage\",\"@id\":\"https:\/\/www.veyrondesign.com\/custom-wardrobe-design-in-morocco\/\",\"url\":\"https:\/\/www.veyrondesign.com\/custom-wardrobe-design-in-morocco\/\",\"name\":\"Custom Wardrobe Design in Morocco | Veyron Design\",\"isPartOf\":{\"@id\":\"https:\/\/www.veyrondesign.com\/#website\"},\"primaryImageOfPage\":{\"@id\":\"https:\/\/www.veyrondesign.com\/custom-wardrobe-design-in-morocco\/#primaryimage\"},\"image\":{\"@id\":\"https:\/\/www.veyrondesign.com\/custom-wardrobe-design-in-morocco\/#primaryimage\"},\"thumbnailUrl\":\"https:\/\/www.veyrondesign.com\/wp-content\/uploads\/2025\/01\/Custom-Wardrobe-Design-in-Morocco-804x1024.jpg\",\"datePublished\":\"2025-01-07T22:53:26+00:00\",\"dateModified\":\"2025-01-07T22:55:20+00:00\",\"description\":\"Maximize storage with Veyron Design's custom wardrobe solutions, blending functionality and Moroccan elegance for a stylish, personalized space.\",\"breadcrumb\":{\"@id\":\"https:\/\/www.veyrondesign.com\/custom-wardrobe-design-in-morocco\/#breadcrumb\"},\"inLanguage\":\"en-US\",\"potentialAction\":[{\"@type\":\"ReadAction\",\"target\":[\"https:\/\/www.veyrondesign.com\/custom-wardrobe-design-in-morocco\/\"]}]},{\"@type\":\"ImageObject\",\"inLanguage\":\"en-US\",\"@id\":\"https:\/\/www.veyrondesign.com\/custom-wardrobe-design-in-morocco\/#primaryimage\",\"url\":\"https:\/\/www.veyrondesign.com\/wp-content\/uploads\/2025\/01\/Custom-Wardrobe-Design-in-Morocco-804x1024.jpg\",\"contentUrl\":\"https:\/\/www.veyrondesign.com\/wp-content\/uploads\/2025\/01\/Custom-Wardrobe-Design-in-Morocco-804x1024.jpg\"},{\"@type\":\"BreadcrumbList\",\"@id\":\"https:\/\/www.veyrondesign.com\/custom-wardrobe-design-in-morocco\/#breadcrumb\",\"itemListElement\":[{\"@type\":\"ListItem\",\"position\":1,\"name\":\"Accueil\",\"item\":\"https:\/\/www.veyrondesign.com\/\"},{\"@type\":\"ListItem\",\"position\":2,\"name\":\"Custom Wardrobe Design in Morocco\"}]},{\"@type\":\"WebSite\",\"@id\":\"https:\/\/www.veyrondesign.com\/#website\",\"url\":\"https:\/\/www.veyrondesign.com\/\",\"name\":\"Veyron Design\",\"description\":\"Interior Design in Morocco - Commercial - Hospitality &amp; Residential\",\"publisher\":{\"@id\":\"https:\/\/www.veyrondesign.com\/#organization\"},\"potentialAction\":[{\"@type\":\"SearchAction\",\"target\":{\"@type\":\"EntryPoint\",\"urlTemplate\":\"https:\/\/www.veyrondesign.com\/?s={search_term_string}\"},\"query-input\":{\"@type\":\"PropertyValueSpecification\",\"valueRequired\":true,\"valueName\":\"search_term_string\"}}],\"inLanguage\":\"en-US\"},{\"@type\":\"Organization\",\"@id\":\"https:\/\/www.veyrondesign.com\/#organization\",\"name\":\"Design d'int\u00e9rieur au Maroc - Commercial - Hospitalit\u00e9 & R\u00e9sidentiel\",\"url\":\"https:\/\/www.veyrondesign.com\/\",\"logo\":{\"@type\":\"ImageObject\",\"inLanguage\":\"en-US\",\"@id\":\"https:\/\/www.veyrondesign.com\/#\/schema\/logo\/image\/\",\"url\":\"https:\/\/www.veyrondesign.com\/wp-content\/uploads\/2018\/09\/V.png\",\"contentUrl\":\"https:\/\/www.veyrondesign.com\/wp-content\/uploads\/2018\/09\/V.png\",\"width\":224,\"height\":307,\"caption\":\"Design d'int\u00e9rieur au Maroc - Commercial - Hospitalit\u00e9 & R\u00e9sidentiel\"},\"image\":{\"@id\":\"https:\/\/www.veyrondesign.com\/#\/schema\/logo\/image\/\"},\"sameAs\":[\"https:\/\/www.instagram.com\/veyrondesign\/\"]}]}<\/script>\n<!-- \/ Yoast SEO plugin. -->","yoast_head_json":{"title":"Custom Wardrobe Design in Morocco | Veyron Design","description":"Maximize storage with Veyron Design's custom wardrobe solutions, blending functionality and Moroccan elegance for a stylish, personalized space.","robots":{"index":"index","follow":"follow","max-snippet":"max-snippet:-1","max-image-preview":"max-image-preview:large","max-video-preview":"max-video-preview:-1"},"canonical":"https:\/\/www.veyrondesign.com\/en\/custom-wardrobe-design-in-morocco\/","og_locale":"en_US","og_type":"article","og_title":"Custom Wardrobe Design in Morocco | Veyron Design","og_description":"Maximize storage with Veyron Design's custom wardrobe solutions, blending functionality and Moroccan elegance for a stylish, personalized space.","og_url":"https:\/\/www.veyrondesign.com\/en\/custom-wardrobe-design-in-morocco\/","og_site_name":"VeyronDesign","article_modified_time":"2025-01-07T22:55:20+00:00","og_image":[{"width":2010,"height":2560,"url":"https:\/\/www.veyrondesign.com\/wp-content\/uploads\/2025\/01\/Custom-Wardrobe-Design-in-Morocco-scaled.jpg","type":"image\/jpeg"}],"twitter_card":"summary_large_image","twitter_misc":{"Est. reading time":"1 minute"},"schema":{"@context":"https:\/\/schema.org","@graph":[{"@type":"WebPage","@id":"https:\/\/www.veyrondesign.com\/custom-wardrobe-design-in-morocco\/","url":"https:\/\/www.veyrondesign.com\/custom-wardrobe-design-in-morocco\/","name":"Custom Wardrobe Design in Morocco | Veyron Design","isPartOf":{"@id":"https:\/\/www.veyrondesign.com\/#website"},"primaryImageOfPage":{"@id":"https:\/\/www.veyrondesign.com\/custom-wardrobe-design-in-morocco\/#primaryimage"},"image":{"@id":"https:\/\/www.veyrondesign.com\/custom-wardrobe-design-in-morocco\/#primaryimage"},"thumbnailUrl":"https:\/\/www.veyrondesign.com\/wp-content\/uploads\/2025\/01\/Custom-Wardrobe-Design-in-Morocco-804x1024.jpg","datePublished":"2025-01-07T22:53:26+00:00","dateModified":"2025-01-07T22:55:20+00:00","description":"Maximize storage with Veyron Design's custom wardrobe solutions, blending functionality and Moroccan elegance for a stylish, personalized space.","breadcrumb":{"@id":"https:\/\/www.veyrondesign.com\/custom-wardrobe-design-in-morocco\/#breadcrumb"},"inLanguage":"en-US","potentialAction":[{"@type":"ReadAction","target":["https:\/\/www.veyrondesign.com\/custom-wardrobe-design-in-morocco\/"]}]},{"@type":"ImageObject","inLanguage":"en-US","@id":"https:\/\/www.veyrondesign.com\/custom-wardrobe-design-in-morocco\/#primaryimage","url":"https:\/\/www.veyrondesign.com\/wp-content\/uploads\/2025\/01\/Custom-Wardrobe-Design-in-Morocco-804x1024.jpg","contentUrl":"https:\/\/www.veyrondesign.com\/wp-content\/uploads\/2025\/01\/Custom-Wardrobe-Design-in-Morocco-804x1024.jpg"},{"@type":"BreadcrumbList","@id":"https:\/\/www.veyrondesign.com\/custom-wardrobe-design-in-morocco\/#breadcrumb","itemListElement":[{"@type":"ListItem","position":1,"name":"Accueil","item":"https:\/\/www.veyrondesign.com\/"},{"@type":"ListItem","position":2,"name":"Custom Wardrobe Design in Morocco"}]},{"@type":"WebSite","@id":"https:\/\/www.veyrondesign.com\/#website","url":"https:\/\/www.veyrondesign.com\/","name":"Veyron Design","description":"Interior Design in Morocco - Commercial - Hospitality &amp; Residential","publisher":{"@id":"https:\/\/www.veyrondesign.com\/#organization"},"potentialAction":[{"@type":"SearchAction","target":{"@type":"EntryPoint","urlTemplate":"https:\/\/www.veyrondesign.com\/?s={search_term_string}"},"query-input":{"@type":"PropertyValueSpecification","valueRequired":true,"valueName":"search_term_string"}}],"inLanguage":"en-US"},{"@type":"Organization","@id":"https:\/\/www.veyrondesign.com\/#organization","name":"Design d'int\u00e9rieur au Maroc - Commercial - Hospitalit\u00e9 & R\u00e9sidentiel","url":"https:\/\/www.veyrondesign.com\/","logo":{"@type":"ImageObject","inLanguage":"en-US","@id":"https:\/\/www.veyrondesign.com\/#\/schema\/logo\/image\/","url":"https:\/\/www.veyrondesign.com\/wp-content\/uploads\/2018\/09\/V.png","contentUrl":"https:\/\/www.veyrondesign.com\/wp-content\/uploads\/2018\/09\/V.png","width":224,"height":307,"caption":"Design d'int\u00e9rieur au Maroc - Commercial - Hospitalit\u00e9 & R\u00e9sidentiel"},"image":{"@id":"https:\/\/www.veyrondesign.com\/#\/schema\/logo\/image\/"},"sameAs":["https:\/\/www.instagram.com\/veyrondesign\/"]}]}},"_links":{"self":[{"href":"https:\/\/www.veyrondesign.com\/en\/wp-json\/wp\/v2\/pages\/12166","targetHints":{"allow":["GET"]}}],"collection":[{"href":"https:\/\/www.veyrondesign.com\/en\/wp-json\/wp\/v2\/pages"}],"about":[{"href":"https:\/\/www.veyrondesign.com\/en\/wp-json\/wp\/v2\/types\/page"}],"author":[{"embeddable":true,"href":"https:\/\/www.veyrondesign.com\/en\/wp-json\/wp\/v2\/users\/1"}],"replies":[{"embeddable":true,"href":"https:\/\/www.veyrondesign.com\/en\/wp-json\/wp\/v2\/comments?post=12166"}],"version-history":[{"count":4,"href":"https:\/\/www.veyrondesign.com\/en\/wp-json\/wp\/v2\/pages\/12166\/revisions"}],"predecessor-version":[{"id":12171,"href":"https:\/\/www.veyrondesign.com\/en\/wp-json\/wp\/v2\/pages\/12166\/revisions\/12171"}],"wp:attachment":[{"href":"https:\/\/www.veyrondesign.com\/en\/wp-json\/wp\/v2\/media?parent=12166"}],"curies":[{"name":"wp","href":"https:\/\/api.w.org\/{rel}","templated":true}]}}