{"id":12126,"date":"2025-01-07T22:24:54","date_gmt":"2025-01-07T22:24:54","guid":{"rendered":"https:\/\/www.veyrondesign.com\/?page_id=12126"},"modified":"2025-01-07T22:26:15","modified_gmt":"2025-01-07T22:26:15","slug":"bespoke-furniture-design-in-morocco","status":"publish","type":"page","link":"https:\/\/www.veyrondesign.com\/en\/bespoke-furniture-design-in-morocco\/","title":{"rendered":"Bespoke Furniture Design in Morocco"},"content":{"rendered":"<div data-elementor-type=\"wp-page\" data-elementor-id=\"12126\" class=\"elementor elementor-12126\">\n\t\t\t\t\t\t<section class=\"elementor-section elementor-top-section elementor-element elementor-element-9ed637c pbmit-col-stretched-none pbmit-bg-color-over-image elementor-section-boxed elementor-section-height-default elementor-section-height-default\" data-id=\"9ed637c\" data-element_type=\"section\">\n\t\t\t\t\t\t<div class=\"elementor-container elementor-column-gap-default\">\n\t\t\t\t\t<div class=\"elementor-column elementor-col-100 elementor-top-column elementor-element elementor-element-85b4113 pbmit-bg-color-over-image\" data-id=\"85b4113\" data-element_type=\"column\">\n\t\t\t<div class=\"elementor-widget-wrap elementor-element-populated\">\n\t\t\t\t\t\t<div class=\"elementor-element elementor-element-6cafe8f pbmit-animation-none elementor-widget elementor-widget-image\" data-id=\"6cafe8f\" data-element_type=\"widget\" data-widget_type=\"image.default\">\n\t\t\t\t<div class=\"elementor-widget-container\">\n\t\t\t\t\t\t\t\t\t\t\t\t\t\t\t<img fetchpriority=\"high\" decoding=\"async\" width=\"847\" height=\"476\" src=\"https:\/\/www.veyrondesign.com\/wp-content\/uploads\/2025\/01\/Bespoke-Furniture-Design-1024x576.jpg\" class=\"attachment-large size-large wp-image-12128\" alt=\"Bespoke Furniture Design\" srcset=\"https:\/\/www.veyrondesign.com\/wp-content\/uploads\/2025\/01\/Bespoke-Furniture-Design-1024x576.jpg 1024w, https:\/\/www.veyrondesign.com\/wp-content\/uploads\/2025\/01\/Bespoke-Furniture-Design-300x169.jpg 300w, https:\/\/www.veyrondesign.com\/wp-content\/uploads\/2025\/01\/Bespoke-Furniture-Design-768x432.jpg 768w, https:\/\/www.veyrondesign.com\/wp-content\/uploads\/2025\/01\/Bespoke-Furniture-Design-1536x864.jpg 1536w, https:\/\/www.veyrondesign.com\/wp-content\/uploads\/2025\/01\/Bespoke-Furniture-Design-2048x1152.jpg 2048w, https:\/\/www.veyrondesign.com\/wp-content\/uploads\/2025\/01\/Bespoke-Furniture-Design-18x10.jpg 18w, https:\/\/www.veyrondesign.com\/wp-content\/uploads\/2025\/01\/Bespoke-Furniture-Design-600x338.jpg 600w\" sizes=\"(max-width: 847px) 100vw, 847px\" \/>\t\t\t\t\t\t\t\t\t\t\t\t\t\t\t<\/div>\n\t\t\t\t<\/div>\n\t\t\t\t\t<\/div>\n\t\t<\/div>\n\t\t\t\t\t<\/div>\n\t\t<\/section>\n\t\t\t\t<section class=\"elementor-section elementor-top-section elementor-element elementor-element-a99d550 pbmit-col-stretched-none pbmit-bg-color-over-image elementor-section-boxed elementor-section-height-default elementor-section-height-default\" data-id=\"a99d550\" data-element_type=\"section\">\n\t\t\t\t\t\t<div class=\"elementor-container elementor-column-gap-default\">\n\t\t\t\t\t<div class=\"elementor-column elementor-col-100 elementor-top-column elementor-element elementor-element-a8f4012 pbmit-bg-color-over-image\" data-id=\"a8f4012\" data-element_type=\"column\">\n\t\t\t<div class=\"elementor-widget-wrap elementor-element-populated\">\n\t\t\t\t\t\t<div class=\"elementor-element elementor-element-c917eec elementor-widget elementor-widget-heading\" data-id=\"c917eec\" data-element_type=\"widget\" data-widget_type=\"heading.default\">\n\t\t\t\t<div class=\"elementor-widget-container\">\n\t\t\t\t\t<h2 class=\"elementor-heading-title elementor-size-default\">Bespoke Furniture Design in Morocco<\/h2>\t\t\t\t<\/div>\n\t\t\t\t<\/div>\n\t\t\t\t<div class=\"elementor-element elementor-element-943eabb elementor-widget elementor-widget-text-editor\" data-id=\"943eabb\" data-element_type=\"widget\" data-widget_type=\"text-editor.default\">\n\t\t\t\t<div class=\"elementor-widget-container\">\n\t\t\t\t\t\t\t\t\t<p><span style=\"font-weight: 400;\">Elevate your space with <\/span><b>bespoke furniture design in Morocco<\/b><span style=\"font-weight: 400;\"> by Veryon Design. We create unique, handcrafted furniture pieces tailored to your style, space, and functional needs, blending Moroccan craftsmanship with modern design.<\/span><\/p><p><b>Why Choose Bespoke Furniture Design with Veryon Design?<\/b><\/p><ul><li style=\"font-weight: 400;\" aria-level=\"1\"><b>Custom Creations:<\/b><span style=\"font-weight: 400;\"> Each piece is designed specifically for your space and preferences.<\/span><\/li><li style=\"font-weight: 400;\" aria-level=\"1\"><b>High-Quality Materials:<\/b><span style=\"font-weight: 400;\"> We use premium materials to ensure durability and timeless elegance.<\/span><\/li><li style=\"font-weight: 400;\" aria-level=\"1\"><b>Moroccan Craftsmanship:<\/b><span style=\"font-weight: 400;\"> Infuse your home with authentic Moroccan artistry and intricate details.<\/span><\/li><\/ul><p><span style=\"font-weight: 400;\">Transform your interiors with furniture that tells a story. Visit our<\/span><a href=\"https:\/\/www.veyrondesign.com\/en\/\"> <span style=\"font-weight: 400;\">Homepage<\/span><\/a><span style=\"font-weight: 400;\"> or<\/span><a href=\"https:\/\/www.veyrondesign.com\/en\/contactez-nous\/\"> <span style=\"font-weight: 400;\">Contact Us<\/span><\/a><span style=\"font-weight: 400;\"> to begin your bespoke furniture design project in Morocco.<\/span><\/p>\t\t\t\t\t\t\t\t<\/div>\n\t\t\t\t<\/div>\n\t\t\t\t\t<\/div>\n\t\t<\/div>\n\t\t\t\t\t<\/div>\n\t\t<\/section>\n\t\t\t\t<\/div>","protected":false},"excerpt":{"rendered":"<p>Bespoke Furniture Design in Morocco Elevate your space with bespoke furniture design in Morocco by Veryon Design. We create unique, handcrafted furniture pieces tailored to your style, space, and functional needs, blending Moroccan craftsmanship with modern design. Why Choose Bespoke Furniture Design with Veryon Design? Custom Creations: Each piece is designed specifically for your space [&hellip;]<\/p>","protected":false},"author":1,"featured_media":0,"parent":0,"menu_order":0,"comment_status":"closed","ping_status":"closed","template":"elementor_canvas","meta":{"_acf_changed":false,"inline_featured_image":false,"_joinchat":[],"footnotes":""},"class_list":["post-12126","page","type-page","status-publish","hentry"],"acf":[],"yoast_head":"<!-- This site is optimized with the Yoast SEO plugin v25.1 - https:\/\/yoast.com\/wordpress\/plugins\/seo\/ -->\n<title>Bespoke Furniture Design in Morocco | Veyron Design<\/title>\n<meta name=\"description\" content=\"Transform your space with bespoke furniture by Veyron Design, blending Moroccan craftsmanship with modern style. Custom creations tailored to your needs.\" \/>\n<meta name=\"robots\" content=\"index, follow, max-snippet:-1, max-image-preview:large, max-video-preview:-1\" \/>\n<link rel=\"canonical\" href=\"https:\/\/www.veyrondesign.com\/en\/bespoke-furniture-design-in-morocco\/\" \/>\n<meta property=\"og:locale\" content=\"en_US\" \/>\n<meta property=\"og:type\" content=\"article\" \/>\n<meta property=\"og:title\" content=\"Bespoke Furniture Design in Morocco | Veyron Design\" \/>\n<meta property=\"og:description\" content=\"Transform your space with bespoke furniture by Veyron Design, blending Moroccan craftsmanship with modern style. Custom creations tailored to your needs.\" \/>\n<meta property=\"og:url\" content=\"https:\/\/www.veyrondesign.com\/en\/bespoke-furniture-design-in-morocco\/\" \/>\n<meta property=\"og:site_name\" content=\"VeyronDesign\" \/>\n<meta property=\"article:modified_time\" content=\"2025-01-07T22:26:15+00:00\" \/>\n<meta property=\"og:image\" content=\"https:\/\/www.veyrondesign.com\/wp-content\/uploads\/2025\/01\/Bespoke-Furniture-Design-scaled.jpg\" \/>\n\t<meta property=\"og:image:width\" content=\"2560\" \/>\n\t<meta property=\"og:image:height\" content=\"1440\" \/>\n\t<meta property=\"og:image:type\" content=\"image\/jpeg\" \/>\n<meta name=\"twitter:card\" content=\"summary_large_image\" \/>\n<meta name=\"twitter:label1\" content=\"Est. reading time\" \/>\n\t<meta name=\"twitter:data1\" content=\"1 minute\" \/>\n<script type=\"application\/ld+json\" class=\"yoast-schema-graph\">{\"@context\":\"https:\/\/schema.org\",\"@graph\":[{\"@type\":\"WebPage\",\"@id\":\"https:\/\/www.veyrondesign.com\/bespoke-furniture-design-in-morocco\/\",\"url\":\"https:\/\/www.veyrondesign.com\/bespoke-furniture-design-in-morocco\/\",\"name\":\"Bespoke Furniture Design in Morocco | Veyron Design\",\"isPartOf\":{\"@id\":\"https:\/\/www.veyrondesign.com\/#website\"},\"primaryImageOfPage\":{\"@id\":\"https:\/\/www.veyrondesign.com\/bespoke-furniture-design-in-morocco\/#primaryimage\"},\"image\":{\"@id\":\"https:\/\/www.veyrondesign.com\/bespoke-furniture-design-in-morocco\/#primaryimage\"},\"thumbnailUrl\":\"https:\/\/www.veyrondesign.com\/wp-content\/uploads\/2025\/01\/Bespoke-Furniture-Design-1024x576.jpg\",\"datePublished\":\"2025-01-07T22:24:54+00:00\",\"dateModified\":\"2025-01-07T22:26:15+00:00\",\"description\":\"Transform your space with bespoke furniture by Veyron Design, blending Moroccan craftsmanship with modern style. Custom creations tailored to your needs.\",\"breadcrumb\":{\"@id\":\"https:\/\/www.veyrondesign.com\/bespoke-furniture-design-in-morocco\/#breadcrumb\"},\"inLanguage\":\"en-US\",\"potentialAction\":[{\"@type\":\"ReadAction\",\"target\":[\"https:\/\/www.veyrondesign.com\/bespoke-furniture-design-in-morocco\/\"]}]},{\"@type\":\"ImageObject\",\"inLanguage\":\"en-US\",\"@id\":\"https:\/\/www.veyrondesign.com\/bespoke-furniture-design-in-morocco\/#primaryimage\",\"url\":\"https:\/\/www.veyrondesign.com\/wp-content\/uploads\/2025\/01\/Bespoke-Furniture-Design-1024x576.jpg\",\"contentUrl\":\"https:\/\/www.veyrondesign.com\/wp-content\/uploads\/2025\/01\/Bespoke-Furniture-Design-1024x576.jpg\"},{\"@type\":\"BreadcrumbList\",\"@id\":\"https:\/\/www.veyrondesign.com\/bespoke-furniture-design-in-morocco\/#breadcrumb\",\"itemListElement\":[{\"@type\":\"ListItem\",\"position\":1,\"name\":\"Accueil\",\"item\":\"https:\/\/www.veyrondesign.com\/\"},{\"@type\":\"ListItem\",\"position\":2,\"name\":\"Bespoke Furniture Design in Morocco\"}]},{\"@type\":\"WebSite\",\"@id\":\"https:\/\/www.veyrondesign.com\/#website\",\"url\":\"https:\/\/www.veyrondesign.com\/\",\"name\":\"Veyron Design\",\"description\":\"Interior Design in Morocco - Commercial - Hospitality &amp; Residential\",\"publisher\":{\"@id\":\"https:\/\/www.veyrondesign.com\/#organization\"},\"potentialAction\":[{\"@type\":\"SearchAction\",\"target\":{\"@type\":\"EntryPoint\",\"urlTemplate\":\"https:\/\/www.veyrondesign.com\/?s={search_term_string}\"},\"query-input\":{\"@type\":\"PropertyValueSpecification\",\"valueRequired\":true,\"valueName\":\"search_term_string\"}}],\"inLanguage\":\"en-US\"},{\"@type\":\"Organization\",\"@id\":\"https:\/\/www.veyrondesign.com\/#organization\",\"name\":\"Design d'int\u00e9rieur au Maroc - Commercial - Hospitalit\u00e9 & R\u00e9sidentiel\",\"url\":\"https:\/\/www.veyrondesign.com\/\",\"logo\":{\"@type\":\"ImageObject\",\"inLanguage\":\"en-US\",\"@id\":\"https:\/\/www.veyrondesign.com\/#\/schema\/logo\/image\/\",\"url\":\"https:\/\/www.veyrondesign.com\/wp-content\/uploads\/2018\/09\/V.png\",\"contentUrl\":\"https:\/\/www.veyrondesign.com\/wp-content\/uploads\/2018\/09\/V.png\",\"width\":224,\"height\":307,\"caption\":\"Design d'int\u00e9rieur au Maroc - Commercial - Hospitalit\u00e9 & R\u00e9sidentiel\"},\"image\":{\"@id\":\"https:\/\/www.veyrondesign.com\/#\/schema\/logo\/image\/\"},\"sameAs\":[\"https:\/\/www.instagram.com\/veyrondesign\/\"]}]}<\/script>\n<!-- \/ Yoast SEO plugin. -->","yoast_head_json":{"title":"Bespoke Furniture Design in Morocco | Veyron Design","description":"Transform your space with bespoke furniture by Veyron Design, blending Moroccan craftsmanship with modern style. Custom creations tailored to your needs.","robots":{"index":"index","follow":"follow","max-snippet":"max-snippet:-1","max-image-preview":"max-image-preview:large","max-video-preview":"max-video-preview:-1"},"canonical":"https:\/\/www.veyrondesign.com\/en\/bespoke-furniture-design-in-morocco\/","og_locale":"en_US","og_type":"article","og_title":"Bespoke Furniture Design in Morocco | Veyron Design","og_description":"Transform your space with bespoke furniture by Veyron Design, blending Moroccan craftsmanship with modern style. Custom creations tailored to your needs.","og_url":"https:\/\/www.veyrondesign.com\/en\/bespoke-furniture-design-in-morocco\/","og_site_name":"VeyronDesign","article_modified_time":"2025-01-07T22:26:15+00:00","og_image":[{"width":2560,"height":1440,"url":"https:\/\/www.veyrondesign.com\/wp-content\/uploads\/2025\/01\/Bespoke-Furniture-Design-scaled.jpg","type":"image\/jpeg"}],"twitter_card":"summary_large_image","twitter_misc":{"Est. reading time":"1 minute"},"schema":{"@context":"https:\/\/schema.org","@graph":[{"@type":"WebPage","@id":"https:\/\/www.veyrondesign.com\/bespoke-furniture-design-in-morocco\/","url":"https:\/\/www.veyrondesign.com\/bespoke-furniture-design-in-morocco\/","name":"Bespoke Furniture Design in Morocco | Veyron Design","isPartOf":{"@id":"https:\/\/www.veyrondesign.com\/#website"},"primaryImageOfPage":{"@id":"https:\/\/www.veyrondesign.com\/bespoke-furniture-design-in-morocco\/#primaryimage"},"image":{"@id":"https:\/\/www.veyrondesign.com\/bespoke-furniture-design-in-morocco\/#primaryimage"},"thumbnailUrl":"https:\/\/www.veyrondesign.com\/wp-content\/uploads\/2025\/01\/Bespoke-Furniture-Design-1024x576.jpg","datePublished":"2025-01-07T22:24:54+00:00","dateModified":"2025-01-07T22:26:15+00:00","description":"Transform your space with bespoke furniture by Veyron Design, blending Moroccan craftsmanship with modern style. Custom creations tailored to your needs.","breadcrumb":{"@id":"https:\/\/www.veyrondesign.com\/bespoke-furniture-design-in-morocco\/#breadcrumb"},"inLanguage":"en-US","potentialAction":[{"@type":"ReadAction","target":["https:\/\/www.veyrondesign.com\/bespoke-furniture-design-in-morocco\/"]}]},{"@type":"ImageObject","inLanguage":"en-US","@id":"https:\/\/www.veyrondesign.com\/bespoke-furniture-design-in-morocco\/#primaryimage","url":"https:\/\/www.veyrondesign.com\/wp-content\/uploads\/2025\/01\/Bespoke-Furniture-Design-1024x576.jpg","contentUrl":"https:\/\/www.veyrondesign.com\/wp-content\/uploads\/2025\/01\/Bespoke-Furniture-Design-1024x576.jpg"},{"@type":"BreadcrumbList","@id":"https:\/\/www.veyrondesign.com\/bespoke-furniture-design-in-morocco\/#breadcrumb","itemListElement":[{"@type":"ListItem","position":1,"name":"Accueil","item":"https:\/\/www.veyrondesign.com\/"},{"@type":"ListItem","position":2,"name":"Bespoke Furniture Design in Morocco"}]},{"@type":"WebSite","@id":"https:\/\/www.veyrondesign.com\/#website","url":"https:\/\/www.veyrondesign.com\/","name":"Veyron Design","description":"Interior Design in Morocco - Commercial - Hospitality &amp; Residential","publisher":{"@id":"https:\/\/www.veyrondesign.com\/#organization"},"potentialAction":[{"@type":"SearchAction","target":{"@type":"EntryPoint","urlTemplate":"https:\/\/www.veyrondesign.com\/?s={search_term_string}"},"query-input":{"@type":"PropertyValueSpecification","valueRequired":true,"valueName":"search_term_string"}}],"inLanguage":"en-US"},{"@type":"Organization","@id":"https:\/\/www.veyrondesign.com\/#organization","name":"Design d'int\u00e9rieur au Maroc - Commercial - Hospitalit\u00e9 & R\u00e9sidentiel","url":"https:\/\/www.veyrondesign.com\/","logo":{"@type":"ImageObject","inLanguage":"en-US","@id":"https:\/\/www.veyrondesign.com\/#\/schema\/logo\/image\/","url":"https:\/\/www.veyrondesign.com\/wp-content\/uploads\/2018\/09\/V.png","contentUrl":"https:\/\/www.veyrondesign.com\/wp-content\/uploads\/2018\/09\/V.png","width":224,"height":307,"caption":"Design d'int\u00e9rieur au Maroc - Commercial - Hospitalit\u00e9 & R\u00e9sidentiel"},"image":{"@id":"https:\/\/www.veyrondesign.com\/#\/schema\/logo\/image\/"},"sameAs":["https:\/\/www.instagram.com\/veyrondesign\/"]}]}},"_links":{"self":[{"href":"https:\/\/www.veyrondesign.com\/en\/wp-json\/wp\/v2\/pages\/12126","targetHints":{"allow":["GET"]}}],"collection":[{"href":"https:\/\/www.veyrondesign.com\/en\/wp-json\/wp\/v2\/pages"}],"about":[{"href":"https:\/\/www.veyrondesign.com\/en\/wp-json\/wp\/v2\/types\/page"}],"author":[{"embeddable":true,"href":"https:\/\/www.veyrondesign.com\/en\/wp-json\/wp\/v2\/users\/1"}],"replies":[{"embeddable":true,"href":"https:\/\/www.veyrondesign.com\/en\/wp-json\/wp\/v2\/comments?post=12126"}],"version-history":[{"count":4,"href":"https:\/\/www.veyrondesign.com\/en\/wp-json\/wp\/v2\/pages\/12126\/revisions"}],"predecessor-version":[{"id":12131,"href":"https:\/\/www.veyrondesign.com\/en\/wp-json\/wp\/v2\/pages\/12126\/revisions\/12131"}],"wp:attachment":[{"href":"https:\/\/www.veyrondesign.com\/en\/wp-json\/wp\/v2\/media?parent=12126"}],"curies":[{"name":"wp","href":"https:\/\/api.w.org\/{rel}","templated":true}]}}