{"id":12093,"date":"2025-01-07T21:12:44","date_gmt":"2025-01-07T21:12:44","guid":{"rendered":"https:\/\/www.veyrondesign.com\/?page_id=12093"},"modified":"2025-01-07T21:22:37","modified_gmt":"2025-01-07T21:22:37","slug":"modern-home-design-in-morocco","status":"publish","type":"page","link":"https:\/\/www.veyrondesign.com\/en\/modern-home-design-in-morocco\/","title":{"rendered":"Modern Home Design in Morocco"},"content":{"rendered":"<div data-elementor-type=\"wp-page\" data-elementor-id=\"12093\" class=\"elementor elementor-12093\">\n\t\t\t\t\t\t<section class=\"elementor-section elementor-top-section elementor-element elementor-element-364a2a6 pbmit-col-stretched-none pbmit-bg-color-over-image elementor-section-boxed elementor-section-height-default elementor-section-height-default\" data-id=\"364a2a6\" data-element_type=\"section\">\n\t\t\t\t\t\t<div class=\"elementor-container elementor-column-gap-default\">\n\t\t\t\t\t<div class=\"elementor-column elementor-col-100 elementor-top-column elementor-element elementor-element-a82f0e9 pbmit-bg-color-over-image\" data-id=\"a82f0e9\" data-element_type=\"column\">\n\t\t\t<div class=\"elementor-widget-wrap elementor-element-populated\">\n\t\t\t\t\t\t<div class=\"elementor-element elementor-element-709c800 pbmit-animation-none elementor-widget elementor-widget-image\" data-id=\"709c800\" data-element_type=\"widget\" data-widget_type=\"image.default\">\n\t\t\t\t<div class=\"elementor-widget-container\">\n\t\t\t\t\t\t\t\t\t\t\t\t\t\t\t<img fetchpriority=\"high\" decoding=\"async\" width=\"847\" height=\"635\" src=\"https:\/\/www.veyrondesign.com\/wp-content\/uploads\/2025\/01\/Modern-Home-Design-1024x768.jpg\" class=\"attachment-large size-large wp-image-12095\" alt=\"Modern Home Design\" srcset=\"https:\/\/www.veyrondesign.com\/wp-content\/uploads\/2025\/01\/Modern-Home-Design-1024x768.jpg 1024w, https:\/\/www.veyrondesign.com\/wp-content\/uploads\/2025\/01\/Modern-Home-Design-300x225.jpg 300w, https:\/\/www.veyrondesign.com\/wp-content\/uploads\/2025\/01\/Modern-Home-Design-768x576.jpg 768w, https:\/\/www.veyrondesign.com\/wp-content\/uploads\/2025\/01\/Modern-Home-Design-1536x1152.jpg 1536w, https:\/\/www.veyrondesign.com\/wp-content\/uploads\/2025\/01\/Modern-Home-Design-2048x1536.jpg 2048w, https:\/\/www.veyrondesign.com\/wp-content\/uploads\/2025\/01\/Modern-Home-Design-16x12.jpg 16w, https:\/\/www.veyrondesign.com\/wp-content\/uploads\/2025\/01\/Modern-Home-Design-600x450.jpg 600w\" sizes=\"(max-width: 847px) 100vw, 847px\" \/>\t\t\t\t\t\t\t\t\t\t\t\t\t\t\t<\/div>\n\t\t\t\t<\/div>\n\t\t\t\t\t<\/div>\n\t\t<\/div>\n\t\t\t\t\t<\/div>\n\t\t<\/section>\n\t\t\t\t<section class=\"elementor-section elementor-top-section elementor-element elementor-element-a273744 pbmit-col-stretched-none pbmit-bg-color-over-image elementor-section-boxed elementor-section-height-default elementor-section-height-default\" data-id=\"a273744\" data-element_type=\"section\">\n\t\t\t\t\t\t<div class=\"elementor-container elementor-column-gap-default\">\n\t\t\t\t\t<div class=\"elementor-column elementor-col-100 elementor-top-column elementor-element elementor-element-fd530c2 pbmit-bg-color-over-image\" data-id=\"fd530c2\" data-element_type=\"column\">\n\t\t\t<div class=\"elementor-widget-wrap elementor-element-populated\">\n\t\t\t\t\t\t<div class=\"elementor-element elementor-element-c786db8 elementor-widget elementor-widget-heading\" data-id=\"c786db8\" data-element_type=\"widget\" data-widget_type=\"heading.default\">\n\t\t\t\t<div class=\"elementor-widget-container\">\n\t\t\t\t\t<h2 class=\"elementor-heading-title elementor-size-default\">Modern Home Design in Morocco<\/h2>\t\t\t\t<\/div>\n\t\t\t\t<\/div>\n\t\t\t\t<div class=\"elementor-element elementor-element-3f5d574 elementor-widget elementor-widget-text-editor\" data-id=\"3f5d574\" data-element_type=\"widget\" data-widget_type=\"text-editor.default\">\n\t\t\t\t<div class=\"elementor-widget-container\">\n\t\t\t\t\t\t\t\t\t<p><span style=\"font-weight: 400;\">Redefine your space with modern home design in Morocco by Veryon Design. We craft contemporary interiors that combine sleek design with subtle Moroccan influences, tailored to your lifestyle.<\/span><\/p><p><b>Why Choose Modern Home Design with Veryon Design?<\/b><\/p><ul><li style=\"font-weight: 400;\" aria-level=\"1\"><b>Contemporary Elegance:<\/b><span style=\"font-weight: 400;\"> Clean lines, open layouts, and modern materials for a sophisticated look.<\/span><\/li><li style=\"font-weight: 400;\" aria-level=\"1\"><b>Moroccan Touches:<\/b><span style=\"font-weight: 400;\"> Add warmth with intricate patterns, artisanal accents, and rich textures.<\/span><\/li><li style=\"font-weight: 400;\" aria-level=\"1\"><b>Comprehensive Service:<\/b><span style=\"font-weight: 400;\"> From planning to execution, we deliver a seamless design experience.<\/span><\/li><\/ul><p><span style=\"font-weight: 400;\">Upgrade your home or workspace with timeless modern interiors. Visit our<\/span><a href=\"https:\/\/www.veyrondesign.com\/en\/\"> <span style=\"font-weight: 400;\">Homepage<\/span><\/a><span style=\"font-weight: 400;\"> or<\/span><a href=\"https:\/\/www.veyrondesign.com\/en\/contactez-nous\/\"> <span style=\"font-weight: 400;\">Contact Us<\/span><\/a><span style=\"font-weight: 400;\"> to start your modern interior design project in Morocco.<\/span><\/p>\t\t\t\t\t\t\t\t<\/div>\n\t\t\t\t<\/div>\n\t\t\t\t\t<\/div>\n\t\t<\/div>\n\t\t\t\t\t<\/div>\n\t\t<\/section>\n\t\t\t\t<\/div>","protected":false},"excerpt":{"rendered":"<p>Modern Home Design in Morocco Redefine your space with modern home design in Morocco by Veryon Design. We craft contemporary interiors that combine sleek design with subtle Moroccan influences, tailored to your lifestyle. Why Choose Modern Home Design with Veryon Design? Contemporary Elegance: Clean lines, open layouts, and modern materials for a sophisticated look. Moroccan [&hellip;]<\/p>","protected":false},"author":1,"featured_media":12095,"parent":0,"menu_order":0,"comment_status":"closed","ping_status":"closed","template":"elementor_canvas","meta":{"_acf_changed":false,"inline_featured_image":false,"_joinchat":[],"footnotes":""},"class_list":["post-12093","page","type-page","status-publish","has-post-thumbnail","hentry"],"acf":[],"yoast_head":"<!-- This site is optimized with the Yoast SEO plugin v25.1 - https:\/\/yoast.com\/wordpress\/plugins\/seo\/ -->\n<title>Modern Home Design in Morocco | Veyron Design<\/title>\n<meta name=\"description\" content=\"Transform your space with Veyron Design&#039;s modern home design, blending sleek contemporary styles with subtle Moroccan influences for a sophisticated look.\" \/>\n<meta name=\"robots\" content=\"index, follow, max-snippet:-1, max-image-preview:large, max-video-preview:-1\" \/>\n<link rel=\"canonical\" href=\"https:\/\/www.veyrondesign.com\/en\/modern-home-design-in-morocco\/\" \/>\n<meta property=\"og:locale\" content=\"en_US\" \/>\n<meta property=\"og:type\" content=\"article\" \/>\n<meta property=\"og:title\" content=\"Modern Home Design in Morocco | Veyron Design\" \/>\n<meta property=\"og:description\" content=\"Transform your space with Veyron Design&#039;s modern home design, blending sleek contemporary styles with subtle Moroccan influences for a sophisticated look.\" \/>\n<meta property=\"og:url\" content=\"https:\/\/www.veyrondesign.com\/en\/modern-home-design-in-morocco\/\" \/>\n<meta property=\"og:site_name\" content=\"VeyronDesign\" \/>\n<meta property=\"article:modified_time\" content=\"2025-01-07T21:22:37+00:00\" \/>\n<meta property=\"og:image\" content=\"https:\/\/www.veyrondesign.com\/wp-content\/uploads\/2025\/01\/Modern-Home-Design-scaled.jpg\" \/>\n\t<meta property=\"og:image:width\" content=\"2560\" \/>\n\t<meta property=\"og:image:height\" content=\"1920\" \/>\n\t<meta property=\"og:image:type\" content=\"image\/jpeg\" \/>\n<meta name=\"twitter:card\" content=\"summary_large_image\" \/>\n<meta name=\"twitter:label1\" content=\"Est. reading time\" \/>\n\t<meta name=\"twitter:data1\" content=\"1 minute\" \/>\n<script type=\"application\/ld+json\" class=\"yoast-schema-graph\">{\"@context\":\"https:\/\/schema.org\",\"@graph\":[{\"@type\":\"WebPage\",\"@id\":\"https:\/\/www.veyrondesign.com\/modern-home-design-in-morocco\/\",\"url\":\"https:\/\/www.veyrondesign.com\/modern-home-design-in-morocco\/\",\"name\":\"Modern Home Design in Morocco | Veyron Design\",\"isPartOf\":{\"@id\":\"https:\/\/www.veyrondesign.com\/#website\"},\"primaryImageOfPage\":{\"@id\":\"https:\/\/www.veyrondesign.com\/modern-home-design-in-morocco\/#primaryimage\"},\"image\":{\"@id\":\"https:\/\/www.veyrondesign.com\/modern-home-design-in-morocco\/#primaryimage\"},\"thumbnailUrl\":\"https:\/\/www.veyrondesign.com\/wp-content\/uploads\/2025\/01\/Modern-Home-Design-scaled.jpg\",\"datePublished\":\"2025-01-07T21:12:44+00:00\",\"dateModified\":\"2025-01-07T21:22:37+00:00\",\"description\":\"Transform your space with Veyron Design's modern home design, blending sleek contemporary styles with subtle Moroccan influences for a sophisticated look.\",\"breadcrumb\":{\"@id\":\"https:\/\/www.veyrondesign.com\/modern-home-design-in-morocco\/#breadcrumb\"},\"inLanguage\":\"en-US\",\"potentialAction\":[{\"@type\":\"ReadAction\",\"target\":[\"https:\/\/www.veyrondesign.com\/modern-home-design-in-morocco\/\"]}]},{\"@type\":\"ImageObject\",\"inLanguage\":\"en-US\",\"@id\":\"https:\/\/www.veyrondesign.com\/modern-home-design-in-morocco\/#primaryimage\",\"url\":\"https:\/\/www.veyrondesign.com\/wp-content\/uploads\/2025\/01\/Modern-Home-Design-scaled.jpg\",\"contentUrl\":\"https:\/\/www.veyrondesign.com\/wp-content\/uploads\/2025\/01\/Modern-Home-Design-scaled.jpg\",\"width\":2560,\"height\":1920,\"caption\":\"Modern Home Design\"},{\"@type\":\"BreadcrumbList\",\"@id\":\"https:\/\/www.veyrondesign.com\/modern-home-design-in-morocco\/#breadcrumb\",\"itemListElement\":[{\"@type\":\"ListItem\",\"position\":1,\"name\":\"Accueil\",\"item\":\"https:\/\/www.veyrondesign.com\/\"},{\"@type\":\"ListItem\",\"position\":2,\"name\":\"Modern Home Design in Morocco\"}]},{\"@type\":\"WebSite\",\"@id\":\"https:\/\/www.veyrondesign.com\/#website\",\"url\":\"https:\/\/www.veyrondesign.com\/\",\"name\":\"Veyron Design\",\"description\":\"Interior Design in Morocco - Commercial - Hospitality &amp; Residential\",\"publisher\":{\"@id\":\"https:\/\/www.veyrondesign.com\/#organization\"},\"potentialAction\":[{\"@type\":\"SearchAction\",\"target\":{\"@type\":\"EntryPoint\",\"urlTemplate\":\"https:\/\/www.veyrondesign.com\/?s={search_term_string}\"},\"query-input\":{\"@type\":\"PropertyValueSpecification\",\"valueRequired\":true,\"valueName\":\"search_term_string\"}}],\"inLanguage\":\"en-US\"},{\"@type\":\"Organization\",\"@id\":\"https:\/\/www.veyrondesign.com\/#organization\",\"name\":\"Design d'int\u00e9rieur au Maroc - Commercial - Hospitalit\u00e9 & R\u00e9sidentiel\",\"url\":\"https:\/\/www.veyrondesign.com\/\",\"logo\":{\"@type\":\"ImageObject\",\"inLanguage\":\"en-US\",\"@id\":\"https:\/\/www.veyrondesign.com\/#\/schema\/logo\/image\/\",\"url\":\"https:\/\/www.veyrondesign.com\/wp-content\/uploads\/2018\/09\/V.png\",\"contentUrl\":\"https:\/\/www.veyrondesign.com\/wp-content\/uploads\/2018\/09\/V.png\",\"width\":224,\"height\":307,\"caption\":\"Design d'int\u00e9rieur au Maroc - Commercial - Hospitalit\u00e9 & R\u00e9sidentiel\"},\"image\":{\"@id\":\"https:\/\/www.veyrondesign.com\/#\/schema\/logo\/image\/\"},\"sameAs\":[\"https:\/\/www.instagram.com\/veyrondesign\/\"]}]}<\/script>\n<!-- \/ Yoast SEO plugin. -->","yoast_head_json":{"title":"Modern Home Design in Morocco | Veyron Design","description":"Transform your space with Veyron Design's modern home design, blending sleek contemporary styles with subtle Moroccan influences for a sophisticated look.","robots":{"index":"index","follow":"follow","max-snippet":"max-snippet:-1","max-image-preview":"max-image-preview:large","max-video-preview":"max-video-preview:-1"},"canonical":"https:\/\/www.veyrondesign.com\/en\/modern-home-design-in-morocco\/","og_locale":"en_US","og_type":"article","og_title":"Modern Home Design in Morocco | Veyron Design","og_description":"Transform your space with Veyron Design's modern home design, blending sleek contemporary styles with subtle Moroccan influences for a sophisticated look.","og_url":"https:\/\/www.veyrondesign.com\/en\/modern-home-design-in-morocco\/","og_site_name":"VeyronDesign","article_modified_time":"2025-01-07T21:22:37+00:00","og_image":[{"width":2560,"height":1920,"url":"https:\/\/www.veyrondesign.com\/wp-content\/uploads\/2025\/01\/Modern-Home-Design-scaled.jpg","type":"image\/jpeg"}],"twitter_card":"summary_large_image","twitter_misc":{"Est. reading time":"1 minute"},"schema":{"@context":"https:\/\/schema.org","@graph":[{"@type":"WebPage","@id":"https:\/\/www.veyrondesign.com\/modern-home-design-in-morocco\/","url":"https:\/\/www.veyrondesign.com\/modern-home-design-in-morocco\/","name":"Modern Home Design in Morocco | Veyron Design","isPartOf":{"@id":"https:\/\/www.veyrondesign.com\/#website"},"primaryImageOfPage":{"@id":"https:\/\/www.veyrondesign.com\/modern-home-design-in-morocco\/#primaryimage"},"image":{"@id":"https:\/\/www.veyrondesign.com\/modern-home-design-in-morocco\/#primaryimage"},"thumbnailUrl":"https:\/\/www.veyrondesign.com\/wp-content\/uploads\/2025\/01\/Modern-Home-Design-scaled.jpg","datePublished":"2025-01-07T21:12:44+00:00","dateModified":"2025-01-07T21:22:37+00:00","description":"Transform your space with Veyron Design's modern home design, blending sleek contemporary styles with subtle Moroccan influences for a sophisticated look.","breadcrumb":{"@id":"https:\/\/www.veyrondesign.com\/modern-home-design-in-morocco\/#breadcrumb"},"inLanguage":"en-US","potentialAction":[{"@type":"ReadAction","target":["https:\/\/www.veyrondesign.com\/modern-home-design-in-morocco\/"]}]},{"@type":"ImageObject","inLanguage":"en-US","@id":"https:\/\/www.veyrondesign.com\/modern-home-design-in-morocco\/#primaryimage","url":"https:\/\/www.veyrondesign.com\/wp-content\/uploads\/2025\/01\/Modern-Home-Design-scaled.jpg","contentUrl":"https:\/\/www.veyrondesign.com\/wp-content\/uploads\/2025\/01\/Modern-Home-Design-scaled.jpg","width":2560,"height":1920,"caption":"Modern Home Design"},{"@type":"BreadcrumbList","@id":"https:\/\/www.veyrondesign.com\/modern-home-design-in-morocco\/#breadcrumb","itemListElement":[{"@type":"ListItem","position":1,"name":"Accueil","item":"https:\/\/www.veyrondesign.com\/"},{"@type":"ListItem","position":2,"name":"Modern Home Design in Morocco"}]},{"@type":"WebSite","@id":"https:\/\/www.veyrondesign.com\/#website","url":"https:\/\/www.veyrondesign.com\/","name":"Veyron Design","description":"Interior Design in Morocco - Commercial - Hospitality &amp; Residential","publisher":{"@id":"https:\/\/www.veyrondesign.com\/#organization"},"potentialAction":[{"@type":"SearchAction","target":{"@type":"EntryPoint","urlTemplate":"https:\/\/www.veyrondesign.com\/?s={search_term_string}"},"query-input":{"@type":"PropertyValueSpecification","valueRequired":true,"valueName":"search_term_string"}}],"inLanguage":"en-US"},{"@type":"Organization","@id":"https:\/\/www.veyrondesign.com\/#organization","name":"Design d'int\u00e9rieur au Maroc - Commercial - Hospitalit\u00e9 & R\u00e9sidentiel","url":"https:\/\/www.veyrondesign.com\/","logo":{"@type":"ImageObject","inLanguage":"en-US","@id":"https:\/\/www.veyrondesign.com\/#\/schema\/logo\/image\/","url":"https:\/\/www.veyrondesign.com\/wp-content\/uploads\/2018\/09\/V.png","contentUrl":"https:\/\/www.veyrondesign.com\/wp-content\/uploads\/2018\/09\/V.png","width":224,"height":307,"caption":"Design d'int\u00e9rieur au Maroc - Commercial - Hospitalit\u00e9 & R\u00e9sidentiel"},"image":{"@id":"https:\/\/www.veyrondesign.com\/#\/schema\/logo\/image\/"},"sameAs":["https:\/\/www.instagram.com\/veyrondesign\/"]}]}},"_links":{"self":[{"href":"https:\/\/www.veyrondesign.com\/en\/wp-json\/wp\/v2\/pages\/12093","targetHints":{"allow":["GET"]}}],"collection":[{"href":"https:\/\/www.veyrondesign.com\/en\/wp-json\/wp\/v2\/pages"}],"about":[{"href":"https:\/\/www.veyrondesign.com\/en\/wp-json\/wp\/v2\/types\/page"}],"author":[{"embeddable":true,"href":"https:\/\/www.veyrondesign.com\/en\/wp-json\/wp\/v2\/users\/1"}],"replies":[{"embeddable":true,"href":"https:\/\/www.veyrondesign.com\/en\/wp-json\/wp\/v2\/comments?post=12093"}],"version-history":[{"count":10,"href":"https:\/\/www.veyrondesign.com\/en\/wp-json\/wp\/v2\/pages\/12093\/revisions"}],"predecessor-version":[{"id":12105,"href":"https:\/\/www.veyrondesign.com\/en\/wp-json\/wp\/v2\/pages\/12093\/revisions\/12105"}],"wp:featuredmedia":[{"embeddable":true,"href":"https:\/\/www.veyrondesign.com\/en\/wp-json\/wp\/v2\/media\/12095"}],"wp:attachment":[{"href":"https:\/\/www.veyrondesign.com\/en\/wp-json\/wp\/v2\/media?parent=12093"}],"curies":[{"name":"wp","href":"https:\/\/api.w.org\/{rel}","templated":true}]}}