{"id":12061,"date":"2024-12-29T19:24:46","date_gmt":"2024-12-29T19:24:46","guid":{"rendered":"https:\/\/www.veyrondesign.com\/?page_id=12061"},"modified":"2024-12-29T19:30:33","modified_gmt":"2024-12-29T19:30:33","slug":"bathroom-design-in-morocco","status":"publish","type":"page","link":"https:\/\/www.veyrondesign.com\/en\/bathroom-design-in-morocco\/","title":{"rendered":"Bathroom Design in Morocco"},"content":{"rendered":"<div data-elementor-type=\"wp-page\" data-elementor-id=\"12061\" class=\"elementor elementor-12061\">\n\t\t\t\t\t\t<section class=\"elementor-section elementor-top-section elementor-element elementor-element-1fdd703 pbmit-col-stretched-none pbmit-bg-color-over-image elementor-section-boxed elementor-section-height-default elementor-section-height-default\" data-id=\"1fdd703\" data-element_type=\"section\">\n\t\t\t\t\t\t<div class=\"elementor-container elementor-column-gap-default\">\n\t\t\t\t\t<div class=\"elementor-column elementor-col-50 elementor-top-column elementor-element elementor-element-d2b4d48 pbmit-bg-color-over-image\" data-id=\"d2b4d48\" data-element_type=\"column\">\n\t\t\t<div class=\"elementor-widget-wrap elementor-element-populated\">\n\t\t\t\t\t\t<div class=\"elementor-element elementor-element-ec05554 pbmit-animation-none elementor-widget elementor-widget-image\" data-id=\"ec05554\" data-element_type=\"widget\" data-widget_type=\"image.default\">\n\t\t\t\t<div class=\"elementor-widget-container\">\n\t\t\t\t\t\t\t\t\t\t\t\t\t\t\t<img fetchpriority=\"high\" decoding=\"async\" width=\"847\" height=\"508\" src=\"https:\/\/www.veyrondesign.com\/wp-content\/uploads\/2024\/12\/Bathroom-Design-in-Morocco.jpg\" class=\"attachment-large size-large wp-image-12063\" alt=\"Bathroom Design in Morocco\" srcset=\"https:\/\/www.veyrondesign.com\/wp-content\/uploads\/2024\/12\/Bathroom-Design-in-Morocco.jpg 940w, https:\/\/www.veyrondesign.com\/wp-content\/uploads\/2024\/12\/Bathroom-Design-in-Morocco-300x180.jpg 300w, https:\/\/www.veyrondesign.com\/wp-content\/uploads\/2024\/12\/Bathroom-Design-in-Morocco-768x461.jpg 768w, https:\/\/www.veyrondesign.com\/wp-content\/uploads\/2024\/12\/Bathroom-Design-in-Morocco-18x12.jpg 18w, https:\/\/www.veyrondesign.com\/wp-content\/uploads\/2024\/12\/Bathroom-Design-in-Morocco-600x360.jpg 600w\" sizes=\"(max-width: 847px) 100vw, 847px\" \/>\t\t\t\t\t\t\t\t\t\t\t\t\t\t\t<\/div>\n\t\t\t\t<\/div>\n\t\t\t\t\t<\/div>\n\t\t<\/div>\n\t\t\t\t<div class=\"elementor-column elementor-col-50 elementor-top-column elementor-element elementor-element-b98789a pbmit-bg-color-over-image\" data-id=\"b98789a\" data-element_type=\"column\">\n\t\t\t<div class=\"elementor-widget-wrap elementor-element-populated\">\n\t\t\t\t\t\t<div class=\"elementor-element elementor-element-29c6c68 pbmit-animation-none elementor-widget elementor-widget-image\" data-id=\"29c6c68\" data-element_type=\"widget\" data-widget_type=\"image.default\">\n\t\t\t\t<div class=\"elementor-widget-container\">\n\t\t\t\t\t\t\t\t\t\t\t\t\t\t\t<img decoding=\"async\" width=\"847\" height=\"508\" src=\"https:\/\/www.veyrondesign.com\/wp-content\/uploads\/2024\/12\/Bathroom-Design-in-Morocco1.jpg\" class=\"attachment-large size-large wp-image-12064\" alt=\"\" srcset=\"https:\/\/www.veyrondesign.com\/wp-content\/uploads\/2024\/12\/Bathroom-Design-in-Morocco1.jpg 940w, https:\/\/www.veyrondesign.com\/wp-content\/uploads\/2024\/12\/Bathroom-Design-in-Morocco1-300x180.jpg 300w, https:\/\/www.veyrondesign.com\/wp-content\/uploads\/2024\/12\/Bathroom-Design-in-Morocco1-768x461.jpg 768w, https:\/\/www.veyrondesign.com\/wp-content\/uploads\/2024\/12\/Bathroom-Design-in-Morocco1-18x12.jpg 18w, https:\/\/www.veyrondesign.com\/wp-content\/uploads\/2024\/12\/Bathroom-Design-in-Morocco1-600x360.jpg 600w\" sizes=\"(max-width: 847px) 100vw, 847px\" \/>\t\t\t\t\t\t\t\t\t\t\t\t\t\t\t<\/div>\n\t\t\t\t<\/div>\n\t\t\t\t\t<\/div>\n\t\t<\/div>\n\t\t\t\t\t<\/div>\n\t\t<\/section>\n\t\t\t\t<section class=\"elementor-section elementor-top-section elementor-element elementor-element-6d3e0e6 pbmit-col-stretched-none pbmit-bg-color-over-image elementor-section-boxed elementor-section-height-default elementor-section-height-default\" data-id=\"6d3e0e6\" data-element_type=\"section\">\n\t\t\t\t\t\t<div class=\"elementor-container elementor-column-gap-default\">\n\t\t\t\t\t<div class=\"elementor-column elementor-col-100 elementor-top-column elementor-element elementor-element-c8149d0 pbmit-bg-color-over-image\" data-id=\"c8149d0\" data-element_type=\"column\">\n\t\t\t<div class=\"elementor-widget-wrap elementor-element-populated\">\n\t\t\t\t\t\t<div class=\"elementor-element elementor-element-2ef09d4 elementor-widget elementor-widget-heading\" data-id=\"2ef09d4\" data-element_type=\"widget\" data-widget_type=\"heading.default\">\n\t\t\t\t<div class=\"elementor-widget-container\">\n\t\t\t\t\t<h2 class=\"elementor-heading-title elementor-size-default\">Bathroom Design in Morocco<\/h2>\t\t\t\t<\/div>\n\t\t\t\t<\/div>\n\t\t\t\t\t<\/div>\n\t\t<\/div>\n\t\t\t\t\t<\/div>\n\t\t<\/section>\n\t\t\t\t<section class=\"elementor-section elementor-top-section elementor-element elementor-element-5a980a8 pbmit-col-stretched-none pbmit-bg-color-over-image elementor-section-boxed elementor-section-height-default elementor-section-height-default\" data-id=\"5a980a8\" data-element_type=\"section\">\n\t\t\t\t\t\t<div class=\"elementor-container elementor-column-gap-default\">\n\t\t\t\t\t<div class=\"elementor-column elementor-col-100 elementor-top-column elementor-element elementor-element-90d6202 pbmit-bg-color-over-image\" data-id=\"90d6202\" data-element_type=\"column\">\n\t\t\t<div class=\"elementor-widget-wrap elementor-element-populated\">\n\t\t\t\t\t\t<div class=\"elementor-element elementor-element-f189199 elementor-widget elementor-widget-text-editor\" data-id=\"f189199\" data-element_type=\"widget\" data-widget_type=\"text-editor.default\">\n\t\t\t\t<div class=\"elementor-widget-container\">\n\t\t\t\t\t\t\t\t\t<p><span style=\"font-weight: 400;\">Moroccan bathrooms are renowned for their blend of elegance, tradition, and artistry. They often feature intricate tilework, natural materials, and warm, earthy tones that create a serene and luxurious ambiance.<\/span><\/p><h4><b>Special Features<\/b><\/h4><ul><li style=\"font-weight: 400;\" aria-level=\"1\"><b>Traditional Mosaic Tiles<\/b><span style=\"font-weight: 400;\">: Vibrant zellige tiles or floral mosaics in blues, greens, and earthy hues add a striking visual appeal to walls and floors.<\/span><\/li><li style=\"font-weight: 400;\" aria-level=\"1\"><b>Natural Materials<\/b><span style=\"font-weight: 400;\">: White marble, terracotta, and wood finishes are commonly used to create a harmonious and organic feel.<\/span><\/li><li style=\"font-weight: 400;\" aria-level=\"1\"><b>Elegant Fixtures<\/b><span style=\"font-weight: 400;\">: Floating vanities, arched mirrors, and ornate brass or copper faucets are staples of Moroccan-inspired bathrooms.<\/span><\/li><li style=\"font-weight: 400;\" aria-level=\"1\"><b>Smart Storage<\/b><span style=\"font-weight: 400;\">: Hidden compartments and built-in niches offer practical solutions without compromising on aesthetics.<\/span><\/li><\/ul>\t\t\t\t\t\t\t\t<\/div>\n\t\t\t\t<\/div>\n\t\t\t\t\t<\/div>\n\t\t<\/div>\n\t\t\t\t\t<\/div>\n\t\t<\/section>\n\t\t\t\t<\/div>","protected":false},"excerpt":{"rendered":"<p>Bathroom Design in Morocco Moroccan bathrooms are renowned for their blend of elegance, tradition, and artistry. They often feature intricate tilework, natural materials, and warm, earthy tones that create a serene and luxurious ambiance. Special Features Traditional Mosaic Tiles: Vibrant zellige tiles or floral mosaics in blues, greens, and earthy hues add a striking visual [&hellip;]<\/p>","protected":false},"author":1,"featured_media":0,"parent":0,"menu_order":0,"comment_status":"closed","ping_status":"closed","template":"elementor_header_footer","meta":{"_acf_changed":false,"inline_featured_image":false,"_joinchat":[],"footnotes":""},"class_list":["post-12061","page","type-page","status-publish","hentry"],"acf":[],"yoast_head":"<!-- This site is optimized with the Yoast SEO plugin v25.1 - https:\/\/yoast.com\/wordpress\/plugins\/seo\/ -->\n<title>Bathroom Design in Moroccan | Elegance, Tradition for Luxurious Space<\/title>\n<meta name=\"description\" content=\"Bathroom Design in Moroccan with vibrant tiles, natural materials, elegant fixtures, and smart storage for a serene, luxurious space.\" \/>\n<meta name=\"robots\" content=\"index, follow, max-snippet:-1, max-image-preview:large, max-video-preview:-1\" \/>\n<link rel=\"canonical\" href=\"https:\/\/www.veyrondesign.com\/en\/bathroom-design-in-morocco\/\" \/>\n<meta property=\"og:locale\" content=\"en_US\" \/>\n<meta property=\"og:type\" content=\"article\" \/>\n<meta property=\"og:title\" content=\"Bathroom Design in Moroccan | Elegance, Tradition for Luxurious Space\" \/>\n<meta property=\"og:description\" content=\"Bathroom Design in Moroccan with vibrant tiles, natural materials, elegant fixtures, and smart storage for a serene, luxurious space.\" \/>\n<meta property=\"og:url\" content=\"https:\/\/www.veyrondesign.com\/en\/bathroom-design-in-morocco\/\" \/>\n<meta property=\"og:site_name\" content=\"VeyronDesign\" \/>\n<meta property=\"article:modified_time\" content=\"2024-12-29T19:30:33+00:00\" \/>\n<meta property=\"og:image\" content=\"https:\/\/www.veyrondesign.com\/wp-content\/uploads\/2024\/12\/Bathroom-Design-in-Morocco.jpg\" \/>\n<meta name=\"twitter:card\" content=\"summary_large_image\" \/>\n<meta name=\"twitter:label1\" content=\"Est. reading time\" \/>\n\t<meta name=\"twitter:data1\" content=\"1 minute\" \/>\n<script type=\"application\/ld+json\" class=\"yoast-schema-graph\">{\"@context\":\"https:\/\/schema.org\",\"@graph\":[{\"@type\":\"WebPage\",\"@id\":\"https:\/\/www.veyrondesign.com\/bathroom-design-in-morocco\/\",\"url\":\"https:\/\/www.veyrondesign.com\/bathroom-design-in-morocco\/\",\"name\":\"Bathroom Design in Moroccan | Elegance, Tradition for Luxurious Space\",\"isPartOf\":{\"@id\":\"https:\/\/www.veyrondesign.com\/#website\"},\"primaryImageOfPage\":{\"@id\":\"https:\/\/www.veyrondesign.com\/bathroom-design-in-morocco\/#primaryimage\"},\"image\":{\"@id\":\"https:\/\/www.veyrondesign.com\/bathroom-design-in-morocco\/#primaryimage\"},\"thumbnailUrl\":\"https:\/\/www.veyrondesign.com\/wp-content\/uploads\/2024\/12\/Bathroom-Design-in-Morocco.jpg\",\"datePublished\":\"2024-12-29T19:24:46+00:00\",\"dateModified\":\"2024-12-29T19:30:33+00:00\",\"description\":\"Bathroom Design in Moroccan with vibrant tiles, natural materials, elegant fixtures, and smart storage for a serene, luxurious space.\",\"breadcrumb\":{\"@id\":\"https:\/\/www.veyrondesign.com\/bathroom-design-in-morocco\/#breadcrumb\"},\"inLanguage\":\"en-US\",\"potentialAction\":[{\"@type\":\"ReadAction\",\"target\":[\"https:\/\/www.veyrondesign.com\/bathroom-design-in-morocco\/\"]}]},{\"@type\":\"ImageObject\",\"inLanguage\":\"en-US\",\"@id\":\"https:\/\/www.veyrondesign.com\/bathroom-design-in-morocco\/#primaryimage\",\"url\":\"https:\/\/www.veyrondesign.com\/wp-content\/uploads\/2024\/12\/Bathroom-Design-in-Morocco.jpg\",\"contentUrl\":\"https:\/\/www.veyrondesign.com\/wp-content\/uploads\/2024\/12\/Bathroom-Design-in-Morocco.jpg\"},{\"@type\":\"BreadcrumbList\",\"@id\":\"https:\/\/www.veyrondesign.com\/bathroom-design-in-morocco\/#breadcrumb\",\"itemListElement\":[{\"@type\":\"ListItem\",\"position\":1,\"name\":\"Accueil\",\"item\":\"https:\/\/www.veyrondesign.com\/\"},{\"@type\":\"ListItem\",\"position\":2,\"name\":\"Bathroom Design in Morocco\"}]},{\"@type\":\"WebSite\",\"@id\":\"https:\/\/www.veyrondesign.com\/#website\",\"url\":\"https:\/\/www.veyrondesign.com\/\",\"name\":\"Veyron Design\",\"description\":\"Interior Design in Morocco - Commercial - Hospitality &amp; Residential\",\"publisher\":{\"@id\":\"https:\/\/www.veyrondesign.com\/#organization\"},\"potentialAction\":[{\"@type\":\"SearchAction\",\"target\":{\"@type\":\"EntryPoint\",\"urlTemplate\":\"https:\/\/www.veyrondesign.com\/?s={search_term_string}\"},\"query-input\":{\"@type\":\"PropertyValueSpecification\",\"valueRequired\":true,\"valueName\":\"search_term_string\"}}],\"inLanguage\":\"en-US\"},{\"@type\":\"Organization\",\"@id\":\"https:\/\/www.veyrondesign.com\/#organization\",\"name\":\"Design d'int\u00e9rieur au Maroc - Commercial - Hospitalit\u00e9 & R\u00e9sidentiel\",\"url\":\"https:\/\/www.veyrondesign.com\/\",\"logo\":{\"@type\":\"ImageObject\",\"inLanguage\":\"en-US\",\"@id\":\"https:\/\/www.veyrondesign.com\/#\/schema\/logo\/image\/\",\"url\":\"https:\/\/www.veyrondesign.com\/wp-content\/uploads\/2018\/09\/V.png\",\"contentUrl\":\"https:\/\/www.veyrondesign.com\/wp-content\/uploads\/2018\/09\/V.png\",\"width\":224,\"height\":307,\"caption\":\"Design d'int\u00e9rieur au Maroc - Commercial - Hospitalit\u00e9 & R\u00e9sidentiel\"},\"image\":{\"@id\":\"https:\/\/www.veyrondesign.com\/#\/schema\/logo\/image\/\"},\"sameAs\":[\"https:\/\/www.instagram.com\/veyrondesign\/\"]}]}<\/script>\n<!-- \/ Yoast SEO plugin. -->","yoast_head_json":{"title":"Bathroom Design in Moroccan | Elegance, Tradition for Luxurious Space","description":"Bathroom Design in Moroccan with vibrant tiles, natural materials, elegant fixtures, and smart storage for a serene, luxurious space.","robots":{"index":"index","follow":"follow","max-snippet":"max-snippet:-1","max-image-preview":"max-image-preview:large","max-video-preview":"max-video-preview:-1"},"canonical":"https:\/\/www.veyrondesign.com\/en\/bathroom-design-in-morocco\/","og_locale":"en_US","og_type":"article","og_title":"Bathroom Design in Moroccan | Elegance, Tradition for Luxurious Space","og_description":"Bathroom Design in Moroccan with vibrant tiles, natural materials, elegant fixtures, and smart storage for a serene, luxurious space.","og_url":"https:\/\/www.veyrondesign.com\/en\/bathroom-design-in-morocco\/","og_site_name":"VeyronDesign","article_modified_time":"2024-12-29T19:30:33+00:00","og_image":[{"url":"https:\/\/www.veyrondesign.com\/wp-content\/uploads\/2024\/12\/Bathroom-Design-in-Morocco.jpg","type":"","width":"","height":""}],"twitter_card":"summary_large_image","twitter_misc":{"Est. reading time":"1 minute"},"schema":{"@context":"https:\/\/schema.org","@graph":[{"@type":"WebPage","@id":"https:\/\/www.veyrondesign.com\/bathroom-design-in-morocco\/","url":"https:\/\/www.veyrondesign.com\/bathroom-design-in-morocco\/","name":"Bathroom Design in Moroccan | Elegance, Tradition for Luxurious Space","isPartOf":{"@id":"https:\/\/www.veyrondesign.com\/#website"},"primaryImageOfPage":{"@id":"https:\/\/www.veyrondesign.com\/bathroom-design-in-morocco\/#primaryimage"},"image":{"@id":"https:\/\/www.veyrondesign.com\/bathroom-design-in-morocco\/#primaryimage"},"thumbnailUrl":"https:\/\/www.veyrondesign.com\/wp-content\/uploads\/2024\/12\/Bathroom-Design-in-Morocco.jpg","datePublished":"2024-12-29T19:24:46+00:00","dateModified":"2024-12-29T19:30:33+00:00","description":"Bathroom Design in Moroccan with vibrant tiles, natural materials, elegant fixtures, and smart storage for a serene, luxurious space.","breadcrumb":{"@id":"https:\/\/www.veyrondesign.com\/bathroom-design-in-morocco\/#breadcrumb"},"inLanguage":"en-US","potentialAction":[{"@type":"ReadAction","target":["https:\/\/www.veyrondesign.com\/bathroom-design-in-morocco\/"]}]},{"@type":"ImageObject","inLanguage":"en-US","@id":"https:\/\/www.veyrondesign.com\/bathroom-design-in-morocco\/#primaryimage","url":"https:\/\/www.veyrondesign.com\/wp-content\/uploads\/2024\/12\/Bathroom-Design-in-Morocco.jpg","contentUrl":"https:\/\/www.veyrondesign.com\/wp-content\/uploads\/2024\/12\/Bathroom-Design-in-Morocco.jpg"},{"@type":"BreadcrumbList","@id":"https:\/\/www.veyrondesign.com\/bathroom-design-in-morocco\/#breadcrumb","itemListElement":[{"@type":"ListItem","position":1,"name":"Accueil","item":"https:\/\/www.veyrondesign.com\/"},{"@type":"ListItem","position":2,"name":"Bathroom Design in Morocco"}]},{"@type":"WebSite","@id":"https:\/\/www.veyrondesign.com\/#website","url":"https:\/\/www.veyrondesign.com\/","name":"Veyron Design","description":"Interior Design in Morocco - Commercial - Hospitality &amp; Residential","publisher":{"@id":"https:\/\/www.veyrondesign.com\/#organization"},"potentialAction":[{"@type":"SearchAction","target":{"@type":"EntryPoint","urlTemplate":"https:\/\/www.veyrondesign.com\/?s={search_term_string}"},"query-input":{"@type":"PropertyValueSpecification","valueRequired":true,"valueName":"search_term_string"}}],"inLanguage":"en-US"},{"@type":"Organization","@id":"https:\/\/www.veyrondesign.com\/#organization","name":"Design d'int\u00e9rieur au Maroc - Commercial - Hospitalit\u00e9 & R\u00e9sidentiel","url":"https:\/\/www.veyrondesign.com\/","logo":{"@type":"ImageObject","inLanguage":"en-US","@id":"https:\/\/www.veyrondesign.com\/#\/schema\/logo\/image\/","url":"https:\/\/www.veyrondesign.com\/wp-content\/uploads\/2018\/09\/V.png","contentUrl":"https:\/\/www.veyrondesign.com\/wp-content\/uploads\/2018\/09\/V.png","width":224,"height":307,"caption":"Design d'int\u00e9rieur au Maroc - Commercial - Hospitalit\u00e9 & R\u00e9sidentiel"},"image":{"@id":"https:\/\/www.veyrondesign.com\/#\/schema\/logo\/image\/"},"sameAs":["https:\/\/www.instagram.com\/veyrondesign\/"]}]}},"_links":{"self":[{"href":"https:\/\/www.veyrondesign.com\/en\/wp-json\/wp\/v2\/pages\/12061","targetHints":{"allow":["GET"]}}],"collection":[{"href":"https:\/\/www.veyrondesign.com\/en\/wp-json\/wp\/v2\/pages"}],"about":[{"href":"https:\/\/www.veyrondesign.com\/en\/wp-json\/wp\/v2\/types\/page"}],"author":[{"embeddable":true,"href":"https:\/\/www.veyrondesign.com\/en\/wp-json\/wp\/v2\/users\/1"}],"replies":[{"embeddable":true,"href":"https:\/\/www.veyrondesign.com\/en\/wp-json\/wp\/v2\/comments?post=12061"}],"version-history":[{"count":7,"href":"https:\/\/www.veyrondesign.com\/en\/wp-json\/wp\/v2\/pages\/12061\/revisions"}],"predecessor-version":[{"id":12070,"href":"https:\/\/www.veyrondesign.com\/en\/wp-json\/wp\/v2\/pages\/12061\/revisions\/12070"}],"wp:attachment":[{"href":"https:\/\/www.veyrondesign.com\/en\/wp-json\/wp\/v2\/media?parent=12061"}],"curies":[{"name":"wp","href":"https:\/\/api.w.org\/{rel}","templated":true}]}}