{"id":12028,"date":"2024-12-22T20:07:15","date_gmt":"2024-12-22T20:07:15","guid":{"rendered":"https:\/\/www.veyrondesign.com\/?page_id=12028"},"modified":"2024-12-22T20:19:29","modified_gmt":"2024-12-22T20:19:29","slug":"home-interior-design-ideas-morocco","status":"publish","type":"page","link":"https:\/\/www.veyrondesign.com\/en\/home-interior-design-ideas-morocco\/","title":{"rendered":"Home Interior Design Ideas in Morocco"},"content":{"rendered":"<div data-elementor-type=\"wp-page\" data-elementor-id=\"12028\" class=\"elementor elementor-12028\">\n\t\t\t\t\t\t<section class=\"elementor-section elementor-top-section elementor-element elementor-element-d591db0 pbmit-col-stretched-none pbmit-bg-color-over-image elementor-section-boxed elementor-section-height-default elementor-section-height-default\" data-id=\"d591db0\" data-element_type=\"section\">\n\t\t\t\t\t\t<div class=\"elementor-container elementor-column-gap-default\">\n\t\t\t\t\t<div class=\"elementor-column elementor-col-100 elementor-top-column elementor-element elementor-element-462b77e pbmit-bg-color-over-image\" data-id=\"462b77e\" data-element_type=\"column\">\n\t\t\t<div class=\"elementor-widget-wrap elementor-element-populated\">\n\t\t\t\t\t\t<div class=\"elementor-element elementor-element-c6a89e3 elementor-widget elementor-widget-heading\" data-id=\"c6a89e3\" data-element_type=\"widget\" data-widget_type=\"heading.default\">\n\t\t\t\t<div class=\"elementor-widget-container\">\n\t\t\t\t\t<h4 class=\"elementor-heading-title elementor-size-default\">Home Interior Design Ideas in Morocco: Transform Your Space with Veyron Design<\/h4>\t\t\t\t<\/div>\n\t\t\t\t<\/div>\n\t\t\t\t<div class=\"elementor-element elementor-element-7e23e35 elementor-widget elementor-widget-text-editor\" data-id=\"7e23e35\" data-element_type=\"widget\" data-widget_type=\"text-editor.default\">\n\t\t\t\t<div class=\"elementor-widget-container\">\n\t\t\t\t\t\t\t\t\t<p>Moroccan interior design is a vibrant fusion of color, craftsmanship, and tradition, creating warm and luxurious spaces. At <strong>Veyron Design<\/strong>, we specialize in bringing this captivating aesthetic to life, transforming your home into a stylish sanctuary.<\/p><h6><strong>Bold Color Palettes<\/strong><\/h6><p>Moroccan interiors feature bold, vibrant colors. Warm tones like terracotta, gold, and reds are paired with cooler blues, creating a balanced and inviting atmosphere. Earthy tones like browns and beiges provide contrast, ensuring harmony throughout the space.<\/p><h6><strong>Intricate Tilework<\/strong><\/h6><p>Zellige tiles, known for their colorful, hand-painted designs, are essential in Moroccan decor. These tiles add texture and visual interest, whether used on floors, walls, or as decorative accents.<\/p><h6><strong>Luxurious Textiles<\/strong><\/h6><p>Moroccan interiors are rich in texture, with plush rugs like Beni Ourain and Azilal adding warmth and comfort. Silk, cotton, or velvet drapes create an opulent feel, especially in living areas.<\/p><h6><strong>Moroccan Lighting<\/strong><\/h6><p>Lighting plays a key role in creating ambiance. Ornate lanterns made from metal, glass, or ceramic cast beautiful shadows, while brass or copper pendant lights and chandeliers add an exotic flair.<\/p><h6><strong>Rustic Furniture<\/strong><\/h6><p>Low, comfortable seating and intricately carved wooden furniture are characteristic of Moroccan design. Traditional sofas adorned with colorful cushions create inviting spaces, while wrought iron and glass pieces offer a modern touch.<\/p><h6><strong>Transform Your Home with Moroccan Elegance<\/strong><\/h6><p>At <strong>Veyron Design<\/strong>, we help you incorporate Moroccan-inspired elements into your home, creating a timeless, luxurious atmosphere. Ready to transform your space? <a href=\"https:\/\/www.veyrondesign.com\/en\/contactez-nous\/\" target=\"_new\" rel=\"noopener\">Contact us<\/a> today!<\/p>\t\t\t\t\t\t\t\t<\/div>\n\t\t\t\t<\/div>\n\t\t\t\t\t<\/div>\n\t\t<\/div>\n\t\t\t\t\t<\/div>\n\t\t<\/section>\n\t\t\t\t<\/div>","protected":false},"excerpt":{"rendered":"<p>Home Interior Design Ideas in Morocco: Transform Your Space with Veyron Design Moroccan interior design is a vibrant fusion of color, craftsmanship, and tradition, creating warm and luxurious spaces. At Veyron Design, we specialize in bringing this captivating aesthetic to life, transforming your home into a stylish sanctuary. Bold Color Palettes Moroccan interiors feature bold, [&hellip;]<\/p>","protected":false},"author":1,"featured_media":0,"parent":0,"menu_order":0,"comment_status":"closed","ping_status":"closed","template":"elementor_header_footer","meta":{"_acf_changed":false,"inline_featured_image":false,"_joinchat":[],"footnotes":""},"class_list":["post-12028","page","type-page","status-publish","hentry"],"acf":[],"yoast_head":"<!-- This site is optimized with the Yoast SEO plugin v25.1 - https:\/\/yoast.com\/wordpress\/plugins\/seo\/ -->\n<title>Moroccan Home Interior Design Ideas | Veyron Design<\/title>\n<meta name=\"description\" content=\"Moroccan Home Interior Design Ideas, Transform your home with Moroccan design. Bold colors, intricate tiles, and luxurious textiles. Contact Veyron Design today!\" \/>\n<meta name=\"robots\" content=\"index, follow, max-snippet:-1, max-image-preview:large, max-video-preview:-1\" \/>\n<link rel=\"canonical\" href=\"https:\/\/www.veyrondesign.com\/en\/home-interior-design-ideas-morocco\/\" \/>\n<meta property=\"og:locale\" content=\"en_US\" \/>\n<meta property=\"og:type\" content=\"article\" \/>\n<meta property=\"og:title\" content=\"Moroccan Home Interior Design Ideas | Veyron Design\" \/>\n<meta property=\"og:description\" content=\"Moroccan Home Interior Design Ideas, Transform your home with Moroccan design. Bold colors, intricate tiles, and luxurious textiles. Contact Veyron Design today!\" \/>\n<meta property=\"og:url\" content=\"https:\/\/www.veyrondesign.com\/en\/home-interior-design-ideas-morocco\/\" \/>\n<meta property=\"og:site_name\" content=\"VeyronDesign\" \/>\n<meta property=\"article:modified_time\" content=\"2024-12-22T20:19:29+00:00\" \/>\n<meta name=\"twitter:card\" content=\"summary_large_image\" \/>\n<meta name=\"twitter:label1\" content=\"Est. reading time\" \/>\n\t<meta name=\"twitter:data1\" content=\"2 minutes\" \/>\n<script type=\"application\/ld+json\" class=\"yoast-schema-graph\">{\"@context\":\"https:\/\/schema.org\",\"@graph\":[{\"@type\":\"WebPage\",\"@id\":\"https:\/\/www.veyrondesign.com\/home-interior-design-ideas-morocco\/\",\"url\":\"https:\/\/www.veyrondesign.com\/home-interior-design-ideas-morocco\/\",\"name\":\"Moroccan Home Interior Design Ideas | Veyron Design\",\"isPartOf\":{\"@id\":\"https:\/\/www.veyrondesign.com\/#website\"},\"datePublished\":\"2024-12-22T20:07:15+00:00\",\"dateModified\":\"2024-12-22T20:19:29+00:00\",\"description\":\"Moroccan Home Interior Design Ideas, Transform your home with Moroccan design. Bold colors, intricate tiles, and luxurious textiles. Contact Veyron Design today!\",\"breadcrumb\":{\"@id\":\"https:\/\/www.veyrondesign.com\/home-interior-design-ideas-morocco\/#breadcrumb\"},\"inLanguage\":\"en-US\",\"potentialAction\":[{\"@type\":\"ReadAction\",\"target\":[\"https:\/\/www.veyrondesign.com\/home-interior-design-ideas-morocco\/\"]}]},{\"@type\":\"BreadcrumbList\",\"@id\":\"https:\/\/www.veyrondesign.com\/home-interior-design-ideas-morocco\/#breadcrumb\",\"itemListElement\":[{\"@type\":\"ListItem\",\"position\":1,\"name\":\"Accueil\",\"item\":\"https:\/\/www.veyrondesign.com\/\"},{\"@type\":\"ListItem\",\"position\":2,\"name\":\"Home Interior Design Ideas in Morocco\"}]},{\"@type\":\"WebSite\",\"@id\":\"https:\/\/www.veyrondesign.com\/#website\",\"url\":\"https:\/\/www.veyrondesign.com\/\",\"name\":\"Veyron Design\",\"description\":\"Interior Design in Morocco - Commercial - Hospitality &amp; Residential\",\"publisher\":{\"@id\":\"https:\/\/www.veyrondesign.com\/#organization\"},\"potentialAction\":[{\"@type\":\"SearchAction\",\"target\":{\"@type\":\"EntryPoint\",\"urlTemplate\":\"https:\/\/www.veyrondesign.com\/?s={search_term_string}\"},\"query-input\":{\"@type\":\"PropertyValueSpecification\",\"valueRequired\":true,\"valueName\":\"search_term_string\"}}],\"inLanguage\":\"en-US\"},{\"@type\":\"Organization\",\"@id\":\"https:\/\/www.veyrondesign.com\/#organization\",\"name\":\"Design d'int\u00e9rieur au Maroc - Commercial - Hospitalit\u00e9 & R\u00e9sidentiel\",\"url\":\"https:\/\/www.veyrondesign.com\/\",\"logo\":{\"@type\":\"ImageObject\",\"inLanguage\":\"en-US\",\"@id\":\"https:\/\/www.veyrondesign.com\/#\/schema\/logo\/image\/\",\"url\":\"https:\/\/www.veyrondesign.com\/wp-content\/uploads\/2018\/09\/V.png\",\"contentUrl\":\"https:\/\/www.veyrondesign.com\/wp-content\/uploads\/2018\/09\/V.png\",\"width\":224,\"height\":307,\"caption\":\"Design d'int\u00e9rieur au Maroc - Commercial - Hospitalit\u00e9 & R\u00e9sidentiel\"},\"image\":{\"@id\":\"https:\/\/www.veyrondesign.com\/#\/schema\/logo\/image\/\"},\"sameAs\":[\"https:\/\/www.instagram.com\/veyrondesign\/\"]}]}<\/script>\n<!-- \/ Yoast SEO plugin. -->","yoast_head_json":{"title":"Moroccan Home Interior Design Ideas | Veyron Design","description":"Moroccan Home Interior Design Ideas, Transform your home with Moroccan design. Bold colors, intricate tiles, and luxurious textiles. Contact Veyron Design today!","robots":{"index":"index","follow":"follow","max-snippet":"max-snippet:-1","max-image-preview":"max-image-preview:large","max-video-preview":"max-video-preview:-1"},"canonical":"https:\/\/www.veyrondesign.com\/en\/home-interior-design-ideas-morocco\/","og_locale":"en_US","og_type":"article","og_title":"Moroccan Home Interior Design Ideas | Veyron Design","og_description":"Moroccan Home Interior Design Ideas, Transform your home with Moroccan design. Bold colors, intricate tiles, and luxurious textiles. Contact Veyron Design today!","og_url":"https:\/\/www.veyrondesign.com\/en\/home-interior-design-ideas-morocco\/","og_site_name":"VeyronDesign","article_modified_time":"2024-12-22T20:19:29+00:00","twitter_card":"summary_large_image","twitter_misc":{"Est. reading time":"2 minutes"},"schema":{"@context":"https:\/\/schema.org","@graph":[{"@type":"WebPage","@id":"https:\/\/www.veyrondesign.com\/home-interior-design-ideas-morocco\/","url":"https:\/\/www.veyrondesign.com\/home-interior-design-ideas-morocco\/","name":"Moroccan Home Interior Design Ideas | Veyron Design","isPartOf":{"@id":"https:\/\/www.veyrondesign.com\/#website"},"datePublished":"2024-12-22T20:07:15+00:00","dateModified":"2024-12-22T20:19:29+00:00","description":"Moroccan Home Interior Design Ideas, Transform your home with Moroccan design. Bold colors, intricate tiles, and luxurious textiles. Contact Veyron Design today!","breadcrumb":{"@id":"https:\/\/www.veyrondesign.com\/home-interior-design-ideas-morocco\/#breadcrumb"},"inLanguage":"en-US","potentialAction":[{"@type":"ReadAction","target":["https:\/\/www.veyrondesign.com\/home-interior-design-ideas-morocco\/"]}]},{"@type":"BreadcrumbList","@id":"https:\/\/www.veyrondesign.com\/home-interior-design-ideas-morocco\/#breadcrumb","itemListElement":[{"@type":"ListItem","position":1,"name":"Accueil","item":"https:\/\/www.veyrondesign.com\/"},{"@type":"ListItem","position":2,"name":"Home Interior Design Ideas in Morocco"}]},{"@type":"WebSite","@id":"https:\/\/www.veyrondesign.com\/#website","url":"https:\/\/www.veyrondesign.com\/","name":"Veyron Design","description":"Interior Design in Morocco - Commercial - Hospitality &amp; Residential","publisher":{"@id":"https:\/\/www.veyrondesign.com\/#organization"},"potentialAction":[{"@type":"SearchAction","target":{"@type":"EntryPoint","urlTemplate":"https:\/\/www.veyrondesign.com\/?s={search_term_string}"},"query-input":{"@type":"PropertyValueSpecification","valueRequired":true,"valueName":"search_term_string"}}],"inLanguage":"en-US"},{"@type":"Organization","@id":"https:\/\/www.veyrondesign.com\/#organization","name":"Design d'int\u00e9rieur au Maroc - Commercial - Hospitalit\u00e9 & R\u00e9sidentiel","url":"https:\/\/www.veyrondesign.com\/","logo":{"@type":"ImageObject","inLanguage":"en-US","@id":"https:\/\/www.veyrondesign.com\/#\/schema\/logo\/image\/","url":"https:\/\/www.veyrondesign.com\/wp-content\/uploads\/2018\/09\/V.png","contentUrl":"https:\/\/www.veyrondesign.com\/wp-content\/uploads\/2018\/09\/V.png","width":224,"height":307,"caption":"Design d'int\u00e9rieur au Maroc - Commercial - Hospitalit\u00e9 & R\u00e9sidentiel"},"image":{"@id":"https:\/\/www.veyrondesign.com\/#\/schema\/logo\/image\/"},"sameAs":["https:\/\/www.instagram.com\/veyrondesign\/"]}]}},"_links":{"self":[{"href":"https:\/\/www.veyrondesign.com\/en\/wp-json\/wp\/v2\/pages\/12028","targetHints":{"allow":["GET"]}}],"collection":[{"href":"https:\/\/www.veyrondesign.com\/en\/wp-json\/wp\/v2\/pages"}],"about":[{"href":"https:\/\/www.veyrondesign.com\/en\/wp-json\/wp\/v2\/types\/page"}],"author":[{"embeddable":true,"href":"https:\/\/www.veyrondesign.com\/en\/wp-json\/wp\/v2\/users\/1"}],"replies":[{"embeddable":true,"href":"https:\/\/www.veyrondesign.com\/en\/wp-json\/wp\/v2\/comments?post=12028"}],"version-history":[{"count":4,"href":"https:\/\/www.veyrondesign.com\/en\/wp-json\/wp\/v2\/pages\/12028\/revisions"}],"predecessor-version":[{"id":12032,"href":"https:\/\/www.veyrondesign.com\/en\/wp-json\/wp\/v2\/pages\/12028\/revisions\/12032"}],"wp:attachment":[{"href":"https:\/\/www.veyrondesign.com\/en\/wp-json\/wp\/v2\/media?parent=12028"}],"curies":[{"name":"wp","href":"https:\/\/api.w.org\/{rel}","templated":true}]}}