{"id":10914,"date":"2023-10-20T12:42:48","date_gmt":"2023-10-20T12:42:48","guid":{"rendered":"https:\/\/www.veyrondesign.com\/?page_id=10914"},"modified":"2024-12-07T08:17:55","modified_gmt":"2024-12-07T08:17:55","slug":"reservation","status":"publish","type":"page","link":"https:\/\/www.veyrondesign.com\/en\/reservation\/","title":{"rendered":"Book Now"},"content":{"rendered":"<div data-elementor-type=\"wp-post\" data-elementor-id=\"10914\" class=\"elementor elementor-10914\">\n\t\t\t\t\t\t<section class=\"elementor-section elementor-top-section elementor-element elementor-element-ea232d9 pbmit-bg-image-over-color elementor-section-stretched pbmit-bg-color-yes pbmit-elementor-bg-color-light elementor-section-content-bottom pbmit-col-stretched-none elementor-section-boxed elementor-section-height-default elementor-section-height-default\" data-id=\"ea232d9\" data-element_type=\"section\" data-settings=\"{&quot;stretch_section&quot;:&quot;section-stretched&quot;,&quot;background_background&quot;:&quot;classic&quot;}\">\n\t\t\t\t\t\t<div class=\"elementor-container elementor-column-gap-no\">\n\t\t\t\t\t<div class=\"elementor-column elementor-col-50 elementor-top-column elementor-element elementor-element-52d6edf8 pbmit-bg-color-over-image\" data-id=\"52d6edf8\" data-element_type=\"column\">\n\t\t\t<div class=\"elementor-widget-wrap elementor-element-populated\">\n\t\t\t\t\t\t<div class=\"elementor-element elementor-element-133ed654 elementor-widget elementor-widget-pbmit_heading\" data-id=\"133ed654\" data-element_type=\"widget\" data-widget_type=\"pbmit_heading.default\">\n\t\t\t\t<div class=\"elementor-widget-container\">\n\t\t\t\t\t <div class=\"pbmit-heading-subheading pbmit-reverse-heading-yes animation-style2\"><h4 class=\"pbmit-element-subtitle\"><span>\r\n\t\t\t\t<\/span>\r\n\t\t\t\t\r\n\t\t\t\t\tBook Now\r\n\t\t\t\t\r\n\t\t\t\t<\/h4>\r\n\t\t\t<h2 class=\"pbmit-element-title\">\r\n\t\t\t\t\r\n\t\t\t\t\tR\u00e9servation Design Tanger\r\n\t\t\t\t\r\n\t\t\t\t<\/h2>\r\n\t\t\t<div class=\"pbmit-heading-desc\">Simplifiez la planification de votre prochain projet d'int\u00e9rieur avec Veyron Design. Nous offrons une exp\u00e9rience de r\u00e9servation design \u00e0 Tanger unique, adapt\u00e9e \u00e0 vos besoins sp\u00e9cifiques. Que ce soit pour un int\u00e9rieur r\u00e9sidentiel ou professionnel, notre expertise en design d\u2019int\u00e9rieur allie style, fonctionnalit\u00e9 et luxe pour transformer vos espaces.\n\nPrenez le contr\u00f4le de votre projet d\u00e8s aujourd\u2019hui. Avec Veyron Design, la r\u00e9servation design \u00e0 Tanger devient un processus fluide et ax\u00e9 sur l'excellence.<\/div><\/div>\t\t\t\t<\/div>\n\t\t\t\t<\/div>\n\t\t\t\t\t<\/div>\n\t\t<\/div>\n\t\t\t\t<div class=\"elementor-column elementor-col-50 elementor-top-column elementor-element elementor-element-6207e8da pbmit-bg-color-over-image\" data-id=\"6207e8da\" data-element_type=\"column\">\n\t\t\t<div class=\"elementor-widget-wrap elementor-element-populated\">\n\t\t\t\t\t\t<div class=\"elementor-element elementor-element-fbe32c6 text-left elementor-widget elementor-widget-shortcode\" data-id=\"fbe32c6\" data-element_type=\"widget\" data-widget_type=\"shortcode.default\">\n\t\t\t\t<div class=\"elementor-widget-container\">\n\t\t\t\t\t\t\t<div class=\"elementor-shortcode\">\n<div class=\"wpcf7 no-js\" id=\"wpcf7-f10889-o1\" lang=\"en-US\" dir=\"ltr\" data-wpcf7-id=\"10889\">\n<div class=\"screen-reader-response\"><p role=\"status\" aria-live=\"polite\" aria-atomic=\"true\"><\/p> <ul><\/ul><\/div>\n<form action=\"\/wp-json\/wp\/v2\/pages\/10914\" method=\"post\" class=\"wpcf7-form init\" aria-label=\"Contact form\" novalidate=\"novalidate\" data-status=\"init\" data-trp-original-action=\"\/en\/wp-json\/wp\/v2\/pages\/10914#wpcf7-f10889-o1\">\n<div style=\"display: none;\">\n<input type=\"hidden\" name=\"_wpcf7\" value=\"10889\" \/>\n<input type=\"hidden\" name=\"_wpcf7_version\" value=\"6.0.6\" \/>\n<input type=\"hidden\" name=\"_wpcf7_locale\" value=\"en_US\" \/>\n<input type=\"hidden\" name=\"_wpcf7_unit_tag\" value=\"wpcf7-f10889-o1\" \/>\n<input type=\"hidden\" name=\"_wpcf7_container_post\" value=\"0\" \/>\n<input type=\"hidden\" name=\"_wpcf7_posted_data_hash\" value=\"\" \/>\n<\/div>\n<div class=\"pbmit-form pbmit-team-form\">\n\t<div class=\"row\">\n\t\t<div class=\"col-sm-12 col-md-12\">\n\t\t\t<div class=\"input-group\">\n\t\t\t\t<p><span class=\"wpcf7-form-control-wrap\" data-name=\"full-name\"><input size=\"40\" maxlength=\"400\" class=\"wpcf7-form-control wpcf7-text wpcf7-validates-as-required\" aria-required=\"true\" aria-invalid=\"false\" placeholder=\"Your Name *\" value=\"\" type=\"text\" name=\"full-name\" \/><\/span>\n\t\t\t\t<\/p>\n\t\t\t<\/div>\n\t\t<\/div>\n\t<\/div>\n\t<div class=\"row\">\n\t\t<div class=\"col-sm-12 col-md-12\">\n\t\t\t<div class=\"input-group\">\n\t\t\t\t<p><span class=\"wpcf7-form-control-wrap\" data-name=\"your-phone\"><input size=\"40\" maxlength=\"400\" class=\"wpcf7-form-control wpcf7-text wpcf7-validates-as-required\" aria-required=\"true\" aria-invalid=\"false\" placeholder=\"Phone *\" value=\"\" type=\"text\" name=\"your-phone\" \/><\/span>\n\t\t\t\t<\/p>\n\t\t\t<\/div>\n\t\t<\/div>\n\t<\/div>\n\t<div class=\"col-sm-12\">\n\t\t<div class=\"input-group input-button\">\n\t\t\t<p><button id='submit' class='wpcf7-form-control wpcf7-submit'><span class=\"pbmit-button-icon-wrapper\"><span class=\"pbmit-button-text\">Book Now<\/span><\/span><\/button>\n\t\t\t<\/p>\n\t\t<\/div>\n\t<\/div>\n<\/div><div class=\"wpcf7-response-output\" aria-hidden=\"true\"><\/div>\n<input type=\"hidden\" name=\"trp-form-language\" value=\"en\"\/><\/form>\n<\/div>\n<\/div>\n\t\t\t\t\t\t<\/div>\n\t\t\t\t<\/div>\n\t\t\t\t\t<\/div>\n\t\t<\/div>\n\t\t\t\t\t<\/div>\n\t\t<\/section>\n\t\t\t\t<section class=\"elementor-section elementor-top-section elementor-element elementor-element-1d0e5e20 elementor-section-full_width elementor-section-stretched pbmit-col-stretched-none pbmit-bg-color-over-image elementor-section-height-default elementor-section-height-default\" data-id=\"1d0e5e20\" data-element_type=\"section\" data-settings=\"{&quot;background_background&quot;:&quot;classic&quot;,&quot;stretch_section&quot;:&quot;section-stretched&quot;}\">\n\t\t\t\t\t\t\t<div class=\"elementor-background-overlay\"><\/div>\n\t\t\t\t\t\t\t<div class=\"elementor-container elementor-column-gap-no\">\n\t\t\t\t\t<div class=\"elementor-column elementor-col-100 elementor-top-column elementor-element elementor-element-7454fba3 pbmit-bg-color-over-image\" data-id=\"7454fba3\" data-element_type=\"column\">\n\t\t\t<div class=\"elementor-widget-wrap elementor-element-populated\">\n\t\t\t\t\t\t<div class=\"elementor-element elementor-element-1d06bcc4 elementor-arrows-position-inside elementor-widget elementor-widget-image-carousel\" data-id=\"1d06bcc4\" data-element_type=\"widget\" data-settings=\"{&quot;slides_to_show&quot;:&quot;2&quot;,&quot;slides_to_scroll&quot;:&quot;2&quot;,&quot;navigation&quot;:&quot;arrows&quot;,&quot;autoplay&quot;:&quot;yes&quot;,&quot;pause_on_hover&quot;:&quot;yes&quot;,&quot;pause_on_interaction&quot;:&quot;yes&quot;,&quot;autoplay_speed&quot;:5000,&quot;infinite&quot;:&quot;yes&quot;,&quot;speed&quot;:500}\" data-widget_type=\"image-carousel.default\">\n\t\t\t\t<div class=\"elementor-widget-container\">\n\t\t\t\t\t\t\t<div class=\"elementor-image-carousel-wrapper swiper\" role=\"region\" aria-roledescription=\"carousel\" aria-label=\"Image Carousel\" dir=\"ltr\">\n\t\t\t<div class=\"elementor-image-carousel swiper-wrapper\" aria-live=\"off\">\n\t\t\t\t\t\t\t\t<div class=\"swiper-slide\" role=\"group\" aria-roledescription=\"slide\" aria-label=\"1 of 16\"><figure class=\"swiper-slide-inner\"><img decoding=\"async\" class=\"swiper-slide-image\" src=\"https:\/\/www.veyrondesign.com\/wp-content\/uploads\/2023\/10\/veyrondesign_hills-1.jpg\" alt=\"veyrondesign_hills-(1)\" \/><\/figure><\/div><div class=\"swiper-slide\" role=\"group\" aria-roledescription=\"slide\" aria-label=\"2 of 16\"><figure class=\"swiper-slide-inner\"><img decoding=\"async\" class=\"swiper-slide-image\" src=\"https:\/\/www.veyrondesign.com\/wp-content\/uploads\/2023\/10\/veyrondesign_hills-2.jpg\" alt=\"veyrondesign_hills-(2)\" \/><\/figure><\/div><div class=\"swiper-slide\" role=\"group\" aria-roledescription=\"slide\" aria-label=\"3 of 16\"><figure class=\"swiper-slide-inner\"><img decoding=\"async\" class=\"swiper-slide-image\" src=\"https:\/\/www.veyrondesign.com\/wp-content\/uploads\/2023\/10\/veyrondesign_hills-3.jpg\" alt=\"veyrondesign_hills-(3)\" \/><\/figure><\/div><div class=\"swiper-slide\" role=\"group\" aria-roledescription=\"slide\" aria-label=\"4 of 16\"><figure class=\"swiper-slide-inner\"><img decoding=\"async\" class=\"swiper-slide-image\" src=\"https:\/\/www.veyrondesign.com\/wp-content\/uploads\/2023\/10\/veyrondesign_hills-4.jpg\" alt=\"veyrondesign_hills-(4)\" \/><\/figure><\/div><div class=\"swiper-slide\" role=\"group\" aria-roledescription=\"slide\" aria-label=\"5 of 16\"><figure class=\"swiper-slide-inner\"><img decoding=\"async\" class=\"swiper-slide-image\" src=\"https:\/\/www.veyrondesign.com\/wp-content\/uploads\/2023\/10\/veyrondesign_hills-5.jpg\" alt=\"veyrondesign_hills-(5)\" \/><\/figure><\/div><div class=\"swiper-slide\" role=\"group\" aria-roledescription=\"slide\" aria-label=\"6 of 16\"><figure class=\"swiper-slide-inner\"><img decoding=\"async\" class=\"swiper-slide-image\" src=\"https:\/\/www.veyrondesign.com\/wp-content\/uploads\/2023\/10\/veyrondesign_hills-6.jpg\" alt=\"veyrondesign_hills-(6)\" \/><\/figure><\/div><div class=\"swiper-slide\" role=\"group\" aria-roledescription=\"slide\" aria-label=\"7 of 16\"><figure class=\"swiper-slide-inner\"><img decoding=\"async\" class=\"swiper-slide-image\" src=\"https:\/\/www.veyrondesign.com\/wp-content\/uploads\/2023\/10\/veyrondesign_hills-7.jpg\" alt=\"veyrondesign_hills-(7)\" \/><\/figure><\/div><div class=\"swiper-slide\" role=\"group\" aria-roledescription=\"slide\" aria-label=\"8 of 16\"><figure class=\"swiper-slide-inner\"><img decoding=\"async\" class=\"swiper-slide-image\" src=\"https:\/\/www.veyrondesign.com\/wp-content\/uploads\/2023\/10\/veyrondesign_hills-8.jpg\" alt=\"veyrondesign_hills-(8)\" \/><\/figure><\/div><div class=\"swiper-slide\" role=\"group\" aria-roledescription=\"slide\" aria-label=\"9 of 16\"><figure class=\"swiper-slide-inner\"><img decoding=\"async\" class=\"swiper-slide-image\" src=\"https:\/\/www.veyrondesign.com\/wp-content\/uploads\/2023\/10\/veyrondesign_hills-9.jpg\" alt=\"veyrondesign_hills-(9)\" \/><\/figure><\/div><div class=\"swiper-slide\" role=\"group\" aria-roledescription=\"slide\" aria-label=\"10 of 16\"><figure class=\"swiper-slide-inner\"><img decoding=\"async\" class=\"swiper-slide-image\" src=\"https:\/\/www.veyrondesign.com\/wp-content\/uploads\/2023\/10\/veyrondesign_hills-10.jpg\" alt=\"veyrondesign_hills-(10)\" \/><\/figure><\/div><div class=\"swiper-slide\" role=\"group\" aria-roledescription=\"slide\" aria-label=\"11 of 16\"><figure class=\"swiper-slide-inner\"><img decoding=\"async\" class=\"swiper-slide-image\" src=\"https:\/\/www.veyrondesign.com\/wp-content\/uploads\/2023\/10\/veyrondesign_hills-11.jpg\" alt=\"veyrondesign_hills-(11)\" \/><\/figure><\/div><div class=\"swiper-slide\" role=\"group\" aria-roledescription=\"slide\" aria-label=\"12 of 16\"><figure class=\"swiper-slide-inner\"><img decoding=\"async\" class=\"swiper-slide-image\" src=\"https:\/\/www.veyrondesign.com\/wp-content\/uploads\/2023\/10\/veyrondesign_hills-12.jpg\" alt=\"veyrondesign_hills-(12)\" \/><\/figure><\/div><div class=\"swiper-slide\" role=\"group\" aria-roledescription=\"slide\" aria-label=\"13 of 16\"><figure class=\"swiper-slide-inner\"><img decoding=\"async\" class=\"swiper-slide-image\" src=\"https:\/\/www.veyrondesign.com\/wp-content\/uploads\/2023\/10\/veyrondesign_hills-13.jpg\" alt=\"veyrondesign_hills-(13)\" \/><\/figure><\/div><div class=\"swiper-slide\" role=\"group\" aria-roledescription=\"slide\" aria-label=\"14 of 16\"><figure class=\"swiper-slide-inner\"><img decoding=\"async\" class=\"swiper-slide-image\" src=\"https:\/\/www.veyrondesign.com\/wp-content\/uploads\/2023\/10\/veyrondesign_hills-14.jpg\" alt=\"veyrondesign_hills-(14)\" \/><\/figure><\/div><div class=\"swiper-slide\" role=\"group\" aria-roledescription=\"slide\" aria-label=\"15 of 16\"><figure class=\"swiper-slide-inner\"><img decoding=\"async\" class=\"swiper-slide-image\" src=\"https:\/\/www.veyrondesign.com\/wp-content\/uploads\/2023\/10\/veyrondesign_hills-15.jpg\" alt=\"veyrondesign_hills-(15)\" \/><\/figure><\/div><div class=\"swiper-slide\" role=\"group\" aria-roledescription=\"slide\" aria-label=\"16 of 16\"><figure class=\"swiper-slide-inner\"><img decoding=\"async\" class=\"swiper-slide-image\" src=\"https:\/\/www.veyrondesign.com\/wp-content\/uploads\/2023\/10\/veyrondesign_hills.jpg\" alt=\"veyrondesign_hills\" \/><\/figure><\/div>\t\t\t<\/div>\n\t\t\t\t\t\t\t\t\t\t\t\t<div class=\"elementor-swiper-button elementor-swiper-button-prev\" role=\"button\" tabindex=\"0\">\n\t\t\t\t\t\t<svg aria-hidden=\"true\" class=\"e-font-icon-svg e-eicon-chevron-left\" viewbox=\"0 0 1000 1000\" xmlns=\"http:\/\/www.w3.org\/2000\/svg\"><path d=\"M646 125C629 125 613 133 604 142L308 442C296 454 292 471 292 487 292 504 296 521 308 533L604 854C617 867 629 875 646 875 663 875 679 871 692 858 704 846 713 829 713 812 713 796 708 779 692 767L438 487 692 225C700 217 708 204 708 187 708 171 704 154 692 142 675 129 663 125 646 125Z\"><\/path><\/svg>\t\t\t\t\t<\/div>\n\t\t\t\t\t<div class=\"elementor-swiper-button elementor-swiper-button-next\" role=\"button\" tabindex=\"0\">\n\t\t\t\t\t\t<svg aria-hidden=\"true\" class=\"e-font-icon-svg e-eicon-chevron-right\" viewbox=\"0 0 1000 1000\" xmlns=\"http:\/\/www.w3.org\/2000\/svg\"><path d=\"M696 533C708 521 713 504 713 487 713 471 708 454 696 446L400 146C388 133 375 125 354 125 338 125 325 129 313 142 300 154 292 171 292 187 292 204 296 221 308 233L563 492 304 771C292 783 288 800 288 817 288 833 296 850 308 863 321 871 338 875 354 875 371 875 388 867 400 854L696 533Z\"><\/path><\/svg>\t\t\t\t\t<\/div>\n\t\t\t\t\n\t\t\t\t\t\t\t\t\t<\/div>\n\t\t\t\t\t\t<\/div>\n\t\t\t\t<\/div>\n\t\t\t\t\t<\/div>\n\t\t<\/div>\n\t\t\t\t\t<\/div>\n\t\t<\/section>\n\t\t\t\t<\/div>","protected":false},"excerpt":{"rendered":"<p>RESERVATION MAINTENANT R\u00e9servation Design Tanger Simplifiez la planification de votre prochain projet d&rsquo;int\u00e9rieur avec Veyron Design. Nous offrons une exp\u00e9rience de r\u00e9servation design \u00e0 Tanger unique, adapt\u00e9e \u00e0 vos besoins sp\u00e9cifiques. Que ce soit pour un int\u00e9rieur r\u00e9sidentiel ou professionnel, notre expertise en design d\u2019int\u00e9rieur allie style, fonctionnalit\u00e9 et luxe pour transformer vos espaces. Prenez [&hellip;]<\/p>","protected":false},"author":1,"featured_media":0,"parent":0,"menu_order":0,"comment_status":"closed","ping_status":"closed","template":"","meta":{"_acf_changed":false,"inline_featured_image":false,"_joinchat":[],"footnotes":""},"class_list":["post-10914","page","type-page","status-publish","hentry"],"acf":[],"yoast_head":"<!-- This site is optimized with the Yoast SEO plugin v25.1 - https:\/\/yoast.com\/wordpress\/plugins\/seo\/ -->\n<title>R\u00e9servation Design Tanger | Interior Design Services in Tangier<\/title>\n<meta name=\"description\" content=\"Simplifiez votre projet avec Veyron Design. D\u00e9couvrez notre service de r\u00e9servation design Tanger. R\u00e9servez d\u00e8s maintenant et transformez votre int\u00e9rieur!\" \/>\n<meta name=\"robots\" content=\"index, follow, max-snippet:-1, max-image-preview:large, max-video-preview:-1\" \/>\n<link rel=\"canonical\" href=\"https:\/\/www.veyrondesign.com\/en\/reservation\/\" \/>\n<meta property=\"og:locale\" content=\"en_US\" \/>\n<meta property=\"og:type\" content=\"article\" \/>\n<meta property=\"og:title\" content=\"R\u00e9servation Design Tanger | Interior Design Services in Tangier\" \/>\n<meta property=\"og:description\" content=\"Simplifiez votre projet avec Veyron Design. D\u00e9couvrez notre service de r\u00e9servation design Tanger. R\u00e9servez d\u00e8s maintenant et transformez votre int\u00e9rieur!\" \/>\n<meta property=\"og:url\" content=\"https:\/\/www.veyrondesign.com\/en\/reservation\/\" \/>\n<meta property=\"og:site_name\" content=\"VeyronDesign\" \/>\n<meta property=\"article:modified_time\" content=\"2024-12-07T08:17:55+00:00\" \/>\n<meta property=\"og:image\" content=\"https:\/\/www.veyrondesign.com\/wp-content\/uploads\/2023\/10\/veyrondesign_hills-1.jpg\" \/>\n<meta name=\"twitter:card\" content=\"summary_large_image\" \/>\n<meta name=\"twitter:label1\" content=\"Est. reading time\" \/>\n\t<meta name=\"twitter:data1\" content=\"4 minutes\" \/>\n<script type=\"application\/ld+json\" class=\"yoast-schema-graph\">{\"@context\":\"https:\/\/schema.org\",\"@graph\":[{\"@type\":\"WebPage\",\"@id\":\"https:\/\/www.veyrondesign.com\/reservation\/\",\"url\":\"https:\/\/www.veyrondesign.com\/reservation\/\",\"name\":\"R\u00e9servation Design Tanger | Interior Design Services in Tangier\",\"isPartOf\":{\"@id\":\"https:\/\/www.veyrondesign.com\/#website\"},\"primaryImageOfPage\":{\"@id\":\"https:\/\/www.veyrondesign.com\/reservation\/#primaryimage\"},\"image\":{\"@id\":\"https:\/\/www.veyrondesign.com\/reservation\/#primaryimage\"},\"thumbnailUrl\":\"https:\/\/www.veyrondesign.com\/wp-content\/uploads\/2023\/10\/veyrondesign_hills-1.jpg\",\"datePublished\":\"2023-10-20T12:42:48+00:00\",\"dateModified\":\"2024-12-07T08:17:55+00:00\",\"description\":\"Simplifiez votre projet avec Veyron Design. D\u00e9couvrez notre service de r\u00e9servation design Tanger. R\u00e9servez d\u00e8s maintenant et transformez votre int\u00e9rieur!\",\"breadcrumb\":{\"@id\":\"https:\/\/www.veyrondesign.com\/reservation\/#breadcrumb\"},\"inLanguage\":\"en-US\",\"potentialAction\":[{\"@type\":\"ReadAction\",\"target\":[\"https:\/\/www.veyrondesign.com\/reservation\/\"]}]},{\"@type\":\"ImageObject\",\"inLanguage\":\"en-US\",\"@id\":\"https:\/\/www.veyrondesign.com\/reservation\/#primaryimage\",\"url\":\"https:\/\/www.veyrondesign.com\/wp-content\/uploads\/2023\/10\/veyrondesign_hills-1.jpg\",\"contentUrl\":\"https:\/\/www.veyrondesign.com\/wp-content\/uploads\/2023\/10\/veyrondesign_hills-1.jpg\"},{\"@type\":\"BreadcrumbList\",\"@id\":\"https:\/\/www.veyrondesign.com\/reservation\/#breadcrumb\",\"itemListElement\":[{\"@type\":\"ListItem\",\"position\":1,\"name\":\"Accueil\",\"item\":\"https:\/\/www.veyrondesign.com\/\"},{\"@type\":\"ListItem\",\"position\":2,\"name\":\"R\u00e9servation\"}]},{\"@type\":\"WebSite\",\"@id\":\"https:\/\/www.veyrondesign.com\/#website\",\"url\":\"https:\/\/www.veyrondesign.com\/\",\"name\":\"Veyron Design\",\"description\":\"Interior Design in Morocco - Commercial - Hospitality &amp; Residential\",\"publisher\":{\"@id\":\"https:\/\/www.veyrondesign.com\/#organization\"},\"potentialAction\":[{\"@type\":\"SearchAction\",\"target\":{\"@type\":\"EntryPoint\",\"urlTemplate\":\"https:\/\/www.veyrondesign.com\/?s={search_term_string}\"},\"query-input\":{\"@type\":\"PropertyValueSpecification\",\"valueRequired\":true,\"valueName\":\"search_term_string\"}}],\"inLanguage\":\"en-US\"},{\"@type\":\"Organization\",\"@id\":\"https:\/\/www.veyrondesign.com\/#organization\",\"name\":\"Design d'int\u00e9rieur au Maroc - Commercial - Hospitalit\u00e9 & R\u00e9sidentiel\",\"url\":\"https:\/\/www.veyrondesign.com\/\",\"logo\":{\"@type\":\"ImageObject\",\"inLanguage\":\"en-US\",\"@id\":\"https:\/\/www.veyrondesign.com\/#\/schema\/logo\/image\/\",\"url\":\"https:\/\/www.veyrondesign.com\/wp-content\/uploads\/2018\/09\/V.png\",\"contentUrl\":\"https:\/\/www.veyrondesign.com\/wp-content\/uploads\/2018\/09\/V.png\",\"width\":224,\"height\":307,\"caption\":\"Design d'int\u00e9rieur au Maroc - Commercial - Hospitalit\u00e9 & R\u00e9sidentiel\"},\"image\":{\"@id\":\"https:\/\/www.veyrondesign.com\/#\/schema\/logo\/image\/\"},\"sameAs\":[\"https:\/\/www.instagram.com\/veyrondesign\/\"]}]}<\/script>\n<!-- \/ Yoast SEO plugin. -->","yoast_head_json":{"title":"R\u00e9servation Design Tanger | Interior Design Services in Tangier","description":"Simplifiez votre projet avec Veyron Design. D\u00e9couvrez notre service de r\u00e9servation design Tanger. R\u00e9servez d\u00e8s maintenant et transformez votre int\u00e9rieur!","robots":{"index":"index","follow":"follow","max-snippet":"max-snippet:-1","max-image-preview":"max-image-preview:large","max-video-preview":"max-video-preview:-1"},"canonical":"https:\/\/www.veyrondesign.com\/en\/reservation\/","og_locale":"en_US","og_type":"article","og_title":"R\u00e9servation Design Tanger | Interior Design Services in Tangier","og_description":"Simplifiez votre projet avec Veyron Design. D\u00e9couvrez notre service de r\u00e9servation design Tanger. R\u00e9servez d\u00e8s maintenant et transformez votre int\u00e9rieur!","og_url":"https:\/\/www.veyrondesign.com\/en\/reservation\/","og_site_name":"VeyronDesign","article_modified_time":"2024-12-07T08:17:55+00:00","og_image":[{"url":"https:\/\/www.veyrondesign.com\/wp-content\/uploads\/2023\/10\/veyrondesign_hills-1.jpg","type":"","width":"","height":""}],"twitter_card":"summary_large_image","twitter_misc":{"Est. reading time":"4 minutes"},"schema":{"@context":"https:\/\/schema.org","@graph":[{"@type":"WebPage","@id":"https:\/\/www.veyrondesign.com\/reservation\/","url":"https:\/\/www.veyrondesign.com\/reservation\/","name":"R\u00e9servation Design Tanger | Interior Design Services in Tangier","isPartOf":{"@id":"https:\/\/www.veyrondesign.com\/#website"},"primaryImageOfPage":{"@id":"https:\/\/www.veyrondesign.com\/reservation\/#primaryimage"},"image":{"@id":"https:\/\/www.veyrondesign.com\/reservation\/#primaryimage"},"thumbnailUrl":"https:\/\/www.veyrondesign.com\/wp-content\/uploads\/2023\/10\/veyrondesign_hills-1.jpg","datePublished":"2023-10-20T12:42:48+00:00","dateModified":"2024-12-07T08:17:55+00:00","description":"Simplifiez votre projet avec Veyron Design. D\u00e9couvrez notre service de r\u00e9servation design Tanger. R\u00e9servez d\u00e8s maintenant et transformez votre int\u00e9rieur!","breadcrumb":{"@id":"https:\/\/www.veyrondesign.com\/reservation\/#breadcrumb"},"inLanguage":"en-US","potentialAction":[{"@type":"ReadAction","target":["https:\/\/www.veyrondesign.com\/reservation\/"]}]},{"@type":"ImageObject","inLanguage":"en-US","@id":"https:\/\/www.veyrondesign.com\/reservation\/#primaryimage","url":"https:\/\/www.veyrondesign.com\/wp-content\/uploads\/2023\/10\/veyrondesign_hills-1.jpg","contentUrl":"https:\/\/www.veyrondesign.com\/wp-content\/uploads\/2023\/10\/veyrondesign_hills-1.jpg"},{"@type":"BreadcrumbList","@id":"https:\/\/www.veyrondesign.com\/reservation\/#breadcrumb","itemListElement":[{"@type":"ListItem","position":1,"name":"Accueil","item":"https:\/\/www.veyrondesign.com\/"},{"@type":"ListItem","position":2,"name":"R\u00e9servation"}]},{"@type":"WebSite","@id":"https:\/\/www.veyrondesign.com\/#website","url":"https:\/\/www.veyrondesign.com\/","name":"Veyron Design","description":"Interior Design in Morocco - Commercial - Hospitality &amp; Residential","publisher":{"@id":"https:\/\/www.veyrondesign.com\/#organization"},"potentialAction":[{"@type":"SearchAction","target":{"@type":"EntryPoint","urlTemplate":"https:\/\/www.veyrondesign.com\/?s={search_term_string}"},"query-input":{"@type":"PropertyValueSpecification","valueRequired":true,"valueName":"search_term_string"}}],"inLanguage":"en-US"},{"@type":"Organization","@id":"https:\/\/www.veyrondesign.com\/#organization","name":"Design d'int\u00e9rieur au Maroc - Commercial - Hospitalit\u00e9 & R\u00e9sidentiel","url":"https:\/\/www.veyrondesign.com\/","logo":{"@type":"ImageObject","inLanguage":"en-US","@id":"https:\/\/www.veyrondesign.com\/#\/schema\/logo\/image\/","url":"https:\/\/www.veyrondesign.com\/wp-content\/uploads\/2018\/09\/V.png","contentUrl":"https:\/\/www.veyrondesign.com\/wp-content\/uploads\/2018\/09\/V.png","width":224,"height":307,"caption":"Design d'int\u00e9rieur au Maroc - Commercial - Hospitalit\u00e9 & R\u00e9sidentiel"},"image":{"@id":"https:\/\/www.veyrondesign.com\/#\/schema\/logo\/image\/"},"sameAs":["https:\/\/www.instagram.com\/veyrondesign\/"]}]}},"_links":{"self":[{"href":"https:\/\/www.veyrondesign.com\/en\/wp-json\/wp\/v2\/pages\/10914","targetHints":{"allow":["GET"]}}],"collection":[{"href":"https:\/\/www.veyrondesign.com\/en\/wp-json\/wp\/v2\/pages"}],"about":[{"href":"https:\/\/www.veyrondesign.com\/en\/wp-json\/wp\/v2\/types\/page"}],"author":[{"embeddable":true,"href":"https:\/\/www.veyrondesign.com\/en\/wp-json\/wp\/v2\/users\/1"}],"replies":[{"embeddable":true,"href":"https:\/\/www.veyrondesign.com\/en\/wp-json\/wp\/v2\/comments?post=10914"}],"version-history":[{"count":14,"href":"https:\/\/www.veyrondesign.com\/en\/wp-json\/wp\/v2\/pages\/10914\/revisions"}],"predecessor-version":[{"id":12008,"href":"https:\/\/www.veyrondesign.com\/en\/wp-json\/wp\/v2\/pages\/10914\/revisions\/12008"}],"wp:attachment":[{"href":"https:\/\/www.veyrondesign.com\/en\/wp-json\/wp\/v2\/media?parent=10914"}],"curies":[{"name":"wp","href":"https:\/\/api.w.org\/{rel}","templated":true}]}}